{"id":8511,"date":"2025-11-11T16:44:54","date_gmt":"2025-11-11T16:44:54","guid":{"rendered":"https:\/\/visiatsakymai.lt\/?post_type=product&#038;p=8511"},"modified":"2025-11-11T16:46:29","modified_gmt":"2025-11-11T16:46:29","slug":"perio-zondas-su-plastikiniu-ergonomisku-koteliu","status":"publish","type":"product","link":"https:\/\/visiatsakymai.lt\/en\/product\/perio-zondas-su-plastikiniu-ergonomisku-koteliu\/","title":{"rendered":"Peri probe with plastic ergonomic handle"},"content":{"rendered":"<p>BLACK with a plastic lightweight ergonomic handle, Periodontal probe, allowing you to assess the condition of periodontal pockets - periodontometer with DLC coating (diamond-like carbon)<\/p>\n<p>Measuring scale with 1 mm divisions (1-15 mm)<\/p>\n<p>Laser engraved color coding, High-strength stainless steel, Class I medical device.<\/p>\n<p>Manufacturer: HAHNENKRATT Germany<\/p>\n<p>&nbsp;<\/p>","protected":false},"excerpt":{"rendered":"<p>JUODAS su plastikiniu lengvu ergonomi\u0161ku koteliu, Periodontinis zondas , leid\u017eiantis \u012fvertinti periodonto ki\u0161eni\u0173 b\u016bkl\u0119 &#8211; periodontometras su DLC danga (deimanto pavidalo anglis) Matavimo skal\u0117 su 1 mm padalomis (1\u201315 mm) Lazeriu graviruotas spalvinis kodavimas, Itin atsparus ner\u016bdijantis plienas, I klas\u0117s medicinin\u0117 priemon\u0117. Gamintojas: HAHNENKRATT Vokietija &nbsp;<\/p>","protected":false},"featured_media":8512,"template":"","meta":{"site-sidebar-layout":"default","site-content-layout":"","ast-site-content-layout":"default","site-content-style":"default","site-sidebar-style":"default","ast-global-header-display":"","ast-banner-title-visibility":"","ast-main-header-display":"","ast-hfb-above-header-display":"","ast-hfb-below-header-display":"","ast-hfb-mobile-header-display":"","site-post-title":"","ast-breadcrumbs-content":"","ast-featured-img":"","footer-sml-layout":"","ast-disable-related-posts":"","theme-transparent-header-meta":"default","adv-header-id-meta":"","stick-header-meta":"","header-above-stick-meta":"","header-main-stick-meta":"","header-below-stick-meta":"","astra-migrate-meta-layouts":"set","ast-page-background-enabled":"default","ast-page-background-meta":{"desktop":{"background-color":"var(--ast-global-color-4)","background-image":"","background-repeat":"repeat","background-position":"center center","background-size":"auto","background-attachment":"scroll","background-type":"","background-media":"","overlay-type":"","overlay-color":"","overlay-opacity":"","overlay-gradient":""},"tablet":{"background-color":"","background-image":"","background-repeat":"repeat","background-position":"center center","background-size":"auto","background-attachment":"scroll","background-type":"","background-media":"","overlay-type":"","overlay-color":"","overlay-opacity":"","overlay-gradient":""},"mobile":{"background-color":"","background-image":"","background-repeat":"repeat","background-position":"center center","background-size":"auto","background-attachment":"scroll","background-type":"","background-media":"","overlay-type":"","overlay-color":"","overlay-opacity":"","overlay-gradient":""}},"ast-content-background-meta":{"desktop":{"background-color":"var(--ast-global-color-5)","background-image":"","background-repeat":"repeat","background-position":"center center","background-size":"auto","background-attachment":"scroll","background-type":"","background-media":"","overlay-type":"","overlay-color":"","overlay-opacity":"","overlay-gradient":""},"tablet":{"background-color":"var(--ast-global-color-5)","background-image":"","background-repeat":"repeat","background-position":"center center","background-size":"auto","background-attachment":"scroll","background-type":"","background-media":"","overlay-type":"","overlay-color":"","overlay-opacity":"","overlay-gradient":""},"mobile":{"background-color":"var(--ast-global-color-5)","background-image":"","background-repeat":"repeat","background-position":"center center","background-size":"auto","background-attachment":"scroll","background-type":"","background-media":"","overlay-type":"","overlay-color":"","overlay-opacity":"","overlay-gradient":""}}},"product_brand":[],"product_cat":[62,94],"product_tag":[],"class_list":{"0":"post-8511","1":"product","2":"type-product","3":"status-publish","4":"has-post-thumbnail","6":"product_cat-hahnenkratt","7":"product_cat-instrumentai","8":"desktop-align-center","9":"tablet-align-left","10":"mobile-align-left","12":"first","13":"instock","14":"shipping-taxable","15":"product-type-simple"},"_links":{"self":[{"href":"https:\/\/visiatsakymai.lt\/en\/wp-json\/wp\/v2\/product\/8511","targetHints":{"allow":["GET"]}}],"collection":[{"href":"https:\/\/visiatsakymai.lt\/en\/wp-json\/wp\/v2\/product"}],"about":[{"href":"https:\/\/visiatsakymai.lt\/en\/wp-json\/wp\/v2\/types\/product"}],"wp:featuredmedia":[{"embeddable":true,"href":"https:\/\/visiatsakymai.lt\/en\/wp-json\/wp\/v2\/media\/8512"}],"wp:attachment":[{"href":"https:\/\/visiatsakymai.lt\/en\/wp-json\/wp\/v2\/media?parent=8511"}],"wp:term":[{"taxonomy":"product_brand","embeddable":true,"href":"https:\/\/visiatsakymai.lt\/en\/wp-json\/wp\/v2\/product_brand?post=8511"},{"taxonomy":"product_cat","embeddable":true,"href":"https:\/\/visiatsakymai.lt\/en\/wp-json\/wp\/v2\/product_cat?post=8511"},{"taxonomy":"product_tag","embeddable":true,"href":"https:\/\/visiatsakymai.lt\/en\/wp-json\/wp\/v2\/product_tag?post=8511"}],"curies":[{"name":"wp","href":"https:\/\/api.w.org\/{rel}","templated":true}]}}