{"id":8488,"date":"2025-09-01T16:22:01","date_gmt":"2025-09-01T16:22:01","guid":{"rendered":"https:\/\/visiatsakymai.lt\/?post_type=product&#038;p=8488"},"modified":"2025-09-01T16:22:01","modified_gmt":"2025-09-01T16:22:01","slug":"chemiskai-kietejantis-kompozitas-master-dent","status":"publish","type":"product","link":"https:\/\/visiatsakymai.lt\/en\/product\/chemiskai-kietejantis-kompozitas-master-dent\/","title":{"rendered":"Chemically cured composite &quot;Master-Dent&quot;"},"content":{"rendered":"<p>Master-Dent chemically-curing composite is a universal hybrid chemically-curing paste-type composite intended for the restoration of various groups of teeth.<\/p>\n<p>Complete set: paste + paste jars (28 g), sealing system, accessories.<\/p>\n<p>Indications for use of the filling material &quot;Master-dent&quot;:<\/p>\n<p>\u2014 Class III, V dental restorations<br \/>\n\u2014 Class IV aesthetic selective filling<br \/>\n\u2014 Class I premolar caries<\/p>\n<p>14 g +14 g+ bond<\/p>","protected":false},"excerpt":{"rendered":"<p>Chemi\u0161kai kiet\u0117jantis kompozitas \u201eMaster-Dent\u201c\u00a0 \u2013 tai universalus hibridinis cheminio kiet\u0117jimo pastos tipo kompozitas, skirtas \u012fvairi\u0173 dant\u0173 grupi\u0173 restauravimui. Pilnas komplektas: pastos + pastos indeliai (28 g), plombavimo sistema, priedai. Plombin\u0117s med\u017eiagos \u201eMaster-dent\u201c\u00a0 naudojimo indikacijos: \u2014 III, V klas\u0117s dant\u0173 restauravimo darbai \u2014 IV klas\u0117s estetinis selektyvus plombavimas \u2014 I klas\u0117s prie\u0161kr\u016bmini\u0173 dant\u0173 \u0117duonis 14 g [&hellip;]<\/p>\n","protected":false},"featured_media":8489,"template":"","meta":{"site-sidebar-layout":"default","site-content-layout":"","ast-site-content-layout":"default","site-content-style":"default","site-sidebar-style":"default","ast-global-header-display":"","ast-banner-title-visibility":"","ast-main-header-display":"","ast-hfb-above-header-display":"","ast-hfb-below-header-display":"","ast-hfb-mobile-header-display":"","site-post-title":"","ast-breadcrumbs-content":"","ast-featured-img":"","footer-sml-layout":"","ast-disable-related-posts":"","theme-transparent-header-meta":"default","adv-header-id-meta":"","stick-header-meta":"","header-above-stick-meta":"","header-main-stick-meta":"","header-below-stick-meta":"","astra-migrate-meta-layouts":"set","ast-page-background-enabled":"default","ast-page-background-meta":{"desktop":{"background-color":"var(--ast-global-color-4)","background-image":"","background-repeat":"repeat","background-position":"center center","background-size":"auto","background-attachment":"scroll","background-type":"","background-media":"","overlay-type":"","overlay-color":"","overlay-opacity":"","overlay-gradient":""},"tablet":{"background-color":"","background-image":"","background-repeat":"repeat","background-position":"center center","background-size":"auto","background-attachment":"scroll","background-type":"","background-media":"","overlay-type":"","overlay-color":"","overlay-opacity":"","overlay-gradient":""},"mobile":{"background-color":"","background-image":"","background-repeat":"repeat","background-position":"center center","background-size":"auto","background-attachment":"scroll","background-type":"","background-media":"","overlay-type":"","overlay-color":"","overlay-opacity":"","overlay-gradient":""}},"ast-content-background-meta":{"desktop":{"background-color":"var(--ast-global-color-5)","background-image":"","background-repeat":"repeat","background-position":"center center","background-size":"auto","background-attachment":"scroll","background-type":"","background-media":"","overlay-type":"","overlay-color":"","overlay-opacity":"","overlay-gradient":""},"tablet":{"background-color":"var(--ast-global-color-5)","background-image":"","background-repeat":"repeat","background-position":"center center","background-size":"auto","background-attachment":"scroll","background-type":"","background-media":"","overlay-type":"","overlay-color":"","overlay-opacity":"","overlay-gradient":""},"mobile":{"background-color":"var(--ast-global-color-5)","background-image":"","background-repeat":"repeat","background-position":"center center","background-size":"auto","background-attachment":"scroll","background-type":"","background-media":"","overlay-type":"","overlay-color":"","overlay-opacity":"","overlay-gradient":""}}},"product_brand":[],"product_cat":[22],"product_tag":[],"class_list":{"0":"post-8488","1":"product","2":"type-product","3":"status-publish","4":"has-post-thumbnail","6":"product_cat-odontologams","7":"desktop-align-center","8":"tablet-align-left","9":"mobile-align-left","11":"first","12":"instock","13":"shipping-taxable","14":"product-type-simple"},"_links":{"self":[{"href":"https:\/\/visiatsakymai.lt\/en\/wp-json\/wp\/v2\/product\/8488","targetHints":{"allow":["GET"]}}],"collection":[{"href":"https:\/\/visiatsakymai.lt\/en\/wp-json\/wp\/v2\/product"}],"about":[{"href":"https:\/\/visiatsakymai.lt\/en\/wp-json\/wp\/v2\/types\/product"}],"wp:featuredmedia":[{"embeddable":true,"href":"https:\/\/visiatsakymai.lt\/en\/wp-json\/wp\/v2\/media\/8489"}],"wp:attachment":[{"href":"https:\/\/visiatsakymai.lt\/en\/wp-json\/wp\/v2\/media?parent=8488"}],"wp:term":[{"taxonomy":"product_brand","embeddable":true,"href":"https:\/\/visiatsakymai.lt\/en\/wp-json\/wp\/v2\/product_brand?post=8488"},{"taxonomy":"product_cat","embeddable":true,"href":"https:\/\/visiatsakymai.lt\/en\/wp-json\/wp\/v2\/product_cat?post=8488"},{"taxonomy":"product_tag","embeddable":true,"href":"https:\/\/visiatsakymai.lt\/en\/wp-json\/wp\/v2\/product_tag?post=8488"}],"curies":[{"name":"wp","href":"https:\/\/api.w.org\/{rel}","templated":true}]}}