{"id":8477,"date":"2025-07-24T16:07:51","date_gmt":"2025-07-24T16:07:51","guid":{"rendered":"https:\/\/visiatsakymai.lt\/?post_type=product&#038;p=8477"},"modified":"2025-07-24T16:07:51","modified_gmt":"2025-07-24T16:07:51","slug":"bulk-fill-flow","status":"publish","type":"product","link":"https:\/\/visiatsakymai.lt\/en\/product\/bulk-fill-flow\/","title":{"rendered":"Bulk fill flow"},"content":{"rendered":"<p>BULK FILL FLOW<\/p>\n<p>STARK is a light-cured, high-viscosity, stable, flowable composite applied using the bulk filling technique for Class I and II restorations in teeth. Due to its extremely high polymerization depth, the material can be introduced and polymerized directly in layers up to 4 mm thick, thus saving a lot of time when filling deep cavities.<\/p>\n<p>ADVANTAGES<br \/>\n\u2713 Fillings up to 4 mm thick in class I and II cavities<br \/>\n\u2713 Mass sealing technique<br \/>\n\u2713 Universal dentin color<br \/>\n\u2713 100 % without Bis-GMA = 100 % biocompatible<\/p>\n<p>MECHANICAL SPECIFICATIONS<br \/>\n\u2713 3-point strength (MPa): 134<br \/>\n\u2713 Young&#039;s modulus (MPa): 11,090<br \/>\n\u2713 Vickers hardness (MPa): 740<br \/>\n\u2713 Compressive strength (MPa): 381<\/p>\n<p>COMPOSITION<br \/>\nMonomer matrix: diurethane dimethacrylate, tetramethylene dimethacrylate<br \/>\nTotal filler content: 77 % by weight (57 % by volume) inorganic filler (0.005\u201340 \u00b5m)<\/p>\n<p>Light intensity during curing: \u2265 1200 mW\/cm3<br \/>\nWavelength during curing: 350-500 nm<br \/>\nCuring time: 20 sec.<\/p>\n<p>Quantity: 2 grams.<\/p>","protected":false},"excerpt":{"rendered":"<p>BULK FILL FLOW STARK yra \u0161viesoje kiet\u0117jantis, didelio klampumo ir stabilumo takus kompozitas, u\u017etepamas biri\u0173 u\u017epild\u0173 technika I ir II klas\u0117s restauracijoms kurti dantyse. D\u0117l ypa\u010d didelio polimerizacijos gylio med\u017eiaga gali b\u016bti \u012fvedama ir polimerizuojama tiesiogiai iki 4 mm storio sluoksniais, taip sutaupant daug laiko u\u017epildant gilias ertmes. PRIVALUMAI \u2713 Plombavimas iki 4 mm storio [&hellip;]<\/p>\n","protected":false},"featured_media":8479,"template":"","meta":{"site-sidebar-layout":"default","site-content-layout":"","ast-site-content-layout":"default","site-content-style":"default","site-sidebar-style":"default","ast-global-header-display":"","ast-banner-title-visibility":"","ast-main-header-display":"","ast-hfb-above-header-display":"","ast-hfb-below-header-display":"","ast-hfb-mobile-header-display":"","site-post-title":"","ast-breadcrumbs-content":"","ast-featured-img":"","footer-sml-layout":"","ast-disable-related-posts":"","theme-transparent-header-meta":"default","adv-header-id-meta":"","stick-header-meta":"","header-above-stick-meta":"","header-main-stick-meta":"","header-below-stick-meta":"","astra-migrate-meta-layouts":"set","ast-page-background-enabled":"default","ast-page-background-meta":{"desktop":{"background-color":"var(--ast-global-color-4)","background-image":"","background-repeat":"repeat","background-position":"center center","background-size":"auto","background-attachment":"scroll","background-type":"","background-media":"","overlay-type":"","overlay-color":"","overlay-opacity":"","overlay-gradient":""},"tablet":{"background-color":"","background-image":"","background-repeat":"repeat","background-position":"center center","background-size":"auto","background-attachment":"scroll","background-type":"","background-media":"","overlay-type":"","overlay-color":"","overlay-opacity":"","overlay-gradient":""},"mobile":{"background-color":"","background-image":"","background-repeat":"repeat","background-position":"center center","background-size":"auto","background-attachment":"scroll","background-type":"","background-media":"","overlay-type":"","overlay-color":"","overlay-opacity":"","overlay-gradient":""}},"ast-content-background-meta":{"desktop":{"background-color":"var(--ast-global-color-5)","background-image":"","background-repeat":"repeat","background-position":"center center","background-size":"auto","background-attachment":"scroll","background-type":"","background-media":"","overlay-type":"","overlay-color":"","overlay-opacity":"","overlay-gradient":""},"tablet":{"background-color":"var(--ast-global-color-5)","background-image":"","background-repeat":"repeat","background-position":"center center","background-size":"auto","background-attachment":"scroll","background-type":"","background-media":"","overlay-type":"","overlay-color":"","overlay-opacity":"","overlay-gradient":""},"mobile":{"background-color":"var(--ast-global-color-5)","background-image":"","background-repeat":"repeat","background-position":"center center","background-size":"auto","background-attachment":"scroll","background-type":"","background-media":"","overlay-type":"","overlay-color":"","overlay-opacity":"","overlay-gradient":""}}},"product_brand":[],"product_cat":[22],"product_tag":[],"class_list":{"0":"post-8477","1":"product","2":"type-product","3":"status-publish","4":"has-post-thumbnail","6":"product_cat-odontologams","7":"desktop-align-center","8":"tablet-align-left","9":"mobile-align-left","11":"first","12":"instock","13":"sale","14":"shipping-taxable","15":"product-type-simple"},"_links":{"self":[{"href":"https:\/\/visiatsakymai.lt\/en\/wp-json\/wp\/v2\/product\/8477","targetHints":{"allow":["GET"]}}],"collection":[{"href":"https:\/\/visiatsakymai.lt\/en\/wp-json\/wp\/v2\/product"}],"about":[{"href":"https:\/\/visiatsakymai.lt\/en\/wp-json\/wp\/v2\/types\/product"}],"wp:featuredmedia":[{"embeddable":true,"href":"https:\/\/visiatsakymai.lt\/en\/wp-json\/wp\/v2\/media\/8479"}],"wp:attachment":[{"href":"https:\/\/visiatsakymai.lt\/en\/wp-json\/wp\/v2\/media?parent=8477"}],"wp:term":[{"taxonomy":"product_brand","embeddable":true,"href":"https:\/\/visiatsakymai.lt\/en\/wp-json\/wp\/v2\/product_brand?post=8477"},{"taxonomy":"product_cat","embeddable":true,"href":"https:\/\/visiatsakymai.lt\/en\/wp-json\/wp\/v2\/product_cat?post=8477"},{"taxonomy":"product_tag","embeddable":true,"href":"https:\/\/visiatsakymai.lt\/en\/wp-json\/wp\/v2\/product_tag?post=8477"}],"curies":[{"name":"wp","href":"https:\/\/api.w.org\/{rel}","templated":true}]}}