{"id":8473,"date":"2025-07-23T06:42:36","date_gmt":"2025-07-23T06:42:36","guid":{"rendered":"https:\/\/visiatsakymai.lt\/?post_type=product&#038;p=8473"},"modified":"2025-07-23T06:42:36","modified_gmt":"2025-07-23T06:42:36","slug":"bioroot-flow","status":"publish","type":"product","link":"https:\/\/visiatsakymai.lt\/en\/product\/bioroot-flow\/","title":{"rendered":"BioRoot Flow"},"content":{"rendered":"<p><strong>BioRoot Flow<\/strong> \u2013 is an innovative, biologically active root canal filling material designed for direct use. Thanks to its advanced formula, it allows for precise filling of canals, which will work in both simpler and more complex situations.<\/p>\n<p>BioRoot\u00ae Flow is a mineral tricalcium silicate sealant with bioactive properties, which expands slightly when set and has a high pH, therefore it has antimicrobial properties.<\/p>\n<p><strong>Characteristics and advantages:<\/strong><\/p>\n<ul>\n<li>Ease of use \u2013 the ready-to-use syringe allows for easy and quick application of the filler without the need to mix the ingredients. This ensures constant consistency and high accuracy of the procedure.<\/li>\n<li>Bioactivity and biocompatibility \u2013 the filler, based on high-purity calcium silicate, promotes tissue regeneration and reduces the risk of adverse reactions, making it a safe choice even in difficult clinical cases.<\/li>\n<li>Versatility \u2013 BioRoot\u00ae Flow is ideal for both cold and warm methods due to its excellent flow properties. It ensures ideal adhesion to the canal wall and gutta-percha, ensuring a tight seal of the filling, even in the lateral branches of the canal.<\/li>\n<li>Clinically proven efficacy \u2013 the filler formula limits bacterial growth due to its high pH (8.5-11.5), while the lack of polymerization shrinkage (thanks to resin-free components) prevents the appearance of surface cracks. Clinically proven efficacy over two years reaches 91%.<\/li>\n<li>Precise filling \u2013 BioRoot\u00ae Flow provides excellent sealing and adhesion to dentin and gutta-percha, promoting hydroxyapatite formation and increasing dentin mineralization. Its excellent flow properties allow for filling lateral canals and dental tubules.<\/li>\n<li>X-ray visibility \u2013 the product has a high level of opacity in X-rays, which facilitates procedure control.<\/li>\n<\/ul>\n<p><strong>Packaging:<\/strong>\u00a02g syringe, 20 application tips, 1 application holder.<\/p>","protected":false},"excerpt":{"rendered":"<p>BioRoot Flow &#8211; tai inovatyvus, biologi\u0161kai aktyvus \u0161akn\u0173 kanal\u0173 u\u017epildas, kuris sukurtas tiesioginiam naudojimui. D\u0117l savo pa\u017eangios formul\u0117s jis leid\u017eia tiksliai u\u017epildyti kanalus,\u00a0 kuris pasiteisins tiek paprastesn\u0117se, tiek sud\u0117tingesn\u0117se situacijose. BioRoot\u00ae Flow\u201c yra mineralinis trikalcio silikato sandariklis su bioaktyviomis savyb\u0117mis, kuris stingdamas \u0161iek tiek i\u0161siple\u010dia ir turi auk\u0161t\u0105 pH, tod\u0117l pasi\u017eymi antimikrobin\u0117mis savyb\u0117mis. Charakteristikos ir [&hellip;]<\/p>\n","protected":false},"featured_media":8474,"template":"","meta":{"site-sidebar-layout":"default","site-content-layout":"","ast-site-content-layout":"default","site-content-style":"default","site-sidebar-style":"default","ast-global-header-display":"","ast-banner-title-visibility":"","ast-main-header-display":"","ast-hfb-above-header-display":"","ast-hfb-below-header-display":"","ast-hfb-mobile-header-display":"","site-post-title":"","ast-breadcrumbs-content":"","ast-featured-img":"","footer-sml-layout":"","ast-disable-related-posts":"","theme-transparent-header-meta":"default","adv-header-id-meta":"","stick-header-meta":"","header-above-stick-meta":"","header-main-stick-meta":"","header-below-stick-meta":"","astra-migrate-meta-layouts":"set","ast-page-background-enabled":"default","ast-page-background-meta":{"desktop":{"background-color":"var(--ast-global-color-4)","background-image":"","background-repeat":"repeat","background-position":"center center","background-size":"auto","background-attachment":"scroll","background-type":"","background-media":"","overlay-type":"","overlay-color":"","overlay-opacity":"","overlay-gradient":""},"tablet":{"background-color":"","background-image":"","background-repeat":"repeat","background-position":"center center","background-size":"auto","background-attachment":"scroll","background-type":"","background-media":"","overlay-type":"","overlay-color":"","overlay-opacity":"","overlay-gradient":""},"mobile":{"background-color":"","background-image":"","background-repeat":"repeat","background-position":"center center","background-size":"auto","background-attachment":"scroll","background-type":"","background-media":"","overlay-type":"","overlay-color":"","overlay-opacity":"","overlay-gradient":""}},"ast-content-background-meta":{"desktop":{"background-color":"var(--ast-global-color-5)","background-image":"","background-repeat":"repeat","background-position":"center center","background-size":"auto","background-attachment":"scroll","background-type":"","background-media":"","overlay-type":"","overlay-color":"","overlay-opacity":"","overlay-gradient":""},"tablet":{"background-color":"var(--ast-global-color-5)","background-image":"","background-repeat":"repeat","background-position":"center center","background-size":"auto","background-attachment":"scroll","background-type":"","background-media":"","overlay-type":"","overlay-color":"","overlay-opacity":"","overlay-gradient":""},"mobile":{"background-color":"var(--ast-global-color-5)","background-image":"","background-repeat":"repeat","background-position":"center center","background-size":"auto","background-attachment":"scroll","background-type":"","background-media":"","overlay-type":"","overlay-color":"","overlay-opacity":"","overlay-gradient":""}}},"product_brand":[],"product_cat":[22],"product_tag":[],"class_list":{"0":"post-8473","1":"product","2":"type-product","3":"status-publish","4":"has-post-thumbnail","6":"product_cat-odontologams","7":"desktop-align-center","8":"tablet-align-left","9":"mobile-align-left","11":"first","12":"instock","13":"shipping-taxable","14":"product-type-simple"},"_links":{"self":[{"href":"https:\/\/visiatsakymai.lt\/en\/wp-json\/wp\/v2\/product\/8473","targetHints":{"allow":["GET"]}}],"collection":[{"href":"https:\/\/visiatsakymai.lt\/en\/wp-json\/wp\/v2\/product"}],"about":[{"href":"https:\/\/visiatsakymai.lt\/en\/wp-json\/wp\/v2\/types\/product"}],"wp:featuredmedia":[{"embeddable":true,"href":"https:\/\/visiatsakymai.lt\/en\/wp-json\/wp\/v2\/media\/8474"}],"wp:attachment":[{"href":"https:\/\/visiatsakymai.lt\/en\/wp-json\/wp\/v2\/media?parent=8473"}],"wp:term":[{"taxonomy":"product_brand","embeddable":true,"href":"https:\/\/visiatsakymai.lt\/en\/wp-json\/wp\/v2\/product_brand?post=8473"},{"taxonomy":"product_cat","embeddable":true,"href":"https:\/\/visiatsakymai.lt\/en\/wp-json\/wp\/v2\/product_cat?post=8473"},{"taxonomy":"product_tag","embeddable":true,"href":"https:\/\/visiatsakymai.lt\/en\/wp-json\/wp\/v2\/product_tag?post=8473"}],"curies":[{"name":"wp","href":"https:\/\/api.w.org\/{rel}","templated":true}]}}