{"id":8457,"date":"2025-06-19T09:55:10","date_gmt":"2025-06-19T09:55:10","guid":{"rendered":"https:\/\/visiatsakymai.lt\/?post_type=product&#038;p=8457"},"modified":"2025-06-19T11:30:00","modified_gmt":"2025-06-19T11:30:00","slug":"fluoro-lakas-bifluorid-10-10-g","status":"publish","type":"product","link":"https:\/\/visiatsakymai.lt\/en\/product\/fluoro-lakas-bifluorid-10-10-g\/","title":{"rendered":"Fluoride varnish Bifluorid 10, 10 g"},"content":{"rendered":"<p><b>Fluoride varnish Bifluorid 10, 10 g<\/b><\/p>\n<p>Bifluorid 10 is a fast-drying clear fluoride varnish for the treatment of tooth sensitivity.<br \/>\nBifluorid 10 dental suspension adheres well to dry tooth enamel and dentin.<br \/>\nThis results in long-term, strong closure of the dentinal tubules.<br \/>\nBifluorid 10 forms a waterproof protective layer that protects against thermal and chemical irritants.<br \/>\nFor use with:<br \/>\nfor tooth necks;<br \/>\nafter professional oral hygiene;<br \/>\nfor coating the tooth surface after preparation and polishing;<br \/>\nfor covering worn chewing surfaces;<br \/>\nas dentin protection under amalgam fillings.<br \/>\n5 % sodium fluoride (equivalent to 22,600 ppm fluoride) and 5 % calcium fluoride;<br \/>\nBifluorid 10 varnish lasts for several days.<br \/>\nPackaging: 10 g bottle.<\/p>","protected":false},"excerpt":{"rendered":"<p>Fluoro lakas Bifluorid 10, 10 g Bifluorid 10 \u2013 greitai d\u017ei\u016bstantis skaidrus fluoro lakas dant\u0173 jautrumo gydymui. Bifluorid 10 odontologin\u0117 suspencija, gerai prilimpa prie sauso danties emalio ir dentino. Tai s\u0105lygoja ilgalaik\u012f stipr\u0173 dentino kanal\u0117li\u0173 u\u017edarym\u0105. Bifluorid 10 sudaro vandeniui atspar\u0173 apsaugin\u012f sluoksn\u012f, apsaugant\u012f nuo termini\u0173 ir chemini\u0173 dirgikli\u0173. Skirtas naudoti: dant\u0173 kakleliams; po profesionalios [&hellip;]<\/p>\n","protected":false},"featured_media":8458,"template":"","meta":{"site-sidebar-layout":"default","site-content-layout":"","ast-site-content-layout":"default","site-content-style":"default","site-sidebar-style":"default","ast-global-header-display":"","ast-banner-title-visibility":"","ast-main-header-display":"","ast-hfb-above-header-display":"","ast-hfb-below-header-display":"","ast-hfb-mobile-header-display":"","site-post-title":"","ast-breadcrumbs-content":"","ast-featured-img":"","footer-sml-layout":"","ast-disable-related-posts":"","theme-transparent-header-meta":"default","adv-header-id-meta":"","stick-header-meta":"","header-above-stick-meta":"","header-main-stick-meta":"","header-below-stick-meta":"","astra-migrate-meta-layouts":"set","ast-page-background-enabled":"default","ast-page-background-meta":{"desktop":{"background-color":"var(--ast-global-color-4)","background-image":"","background-repeat":"repeat","background-position":"center center","background-size":"auto","background-attachment":"scroll","background-type":"","background-media":"","overlay-type":"","overlay-color":"","overlay-opacity":"","overlay-gradient":""},"tablet":{"background-color":"","background-image":"","background-repeat":"repeat","background-position":"center center","background-size":"auto","background-attachment":"scroll","background-type":"","background-media":"","overlay-type":"","overlay-color":"","overlay-opacity":"","overlay-gradient":""},"mobile":{"background-color":"","background-image":"","background-repeat":"repeat","background-position":"center center","background-size":"auto","background-attachment":"scroll","background-type":"","background-media":"","overlay-type":"","overlay-color":"","overlay-opacity":"","overlay-gradient":""}},"ast-content-background-meta":{"desktop":{"background-color":"var(--ast-global-color-5)","background-image":"","background-repeat":"repeat","background-position":"center center","background-size":"auto","background-attachment":"scroll","background-type":"","background-media":"","overlay-type":"","overlay-color":"","overlay-opacity":"","overlay-gradient":""},"tablet":{"background-color":"var(--ast-global-color-5)","background-image":"","background-repeat":"repeat","background-position":"center center","background-size":"auto","background-attachment":"scroll","background-type":"","background-media":"","overlay-type":"","overlay-color":"","overlay-opacity":"","overlay-gradient":""},"mobile":{"background-color":"var(--ast-global-color-5)","background-image":"","background-repeat":"repeat","background-position":"center center","background-size":"auto","background-attachment":"scroll","background-type":"","background-media":"","overlay-type":"","overlay-color":"","overlay-opacity":"","overlay-gradient":""}}},"product_brand":[],"product_cat":[22],"product_tag":[],"class_list":{"0":"post-8457","1":"product","2":"type-product","3":"status-publish","4":"has-post-thumbnail","6":"product_cat-odontologams","7":"desktop-align-center","8":"tablet-align-left","9":"mobile-align-left","11":"first","12":"instock","13":"shipping-taxable","14":"product-type-simple"},"_links":{"self":[{"href":"https:\/\/visiatsakymai.lt\/en\/wp-json\/wp\/v2\/product\/8457","targetHints":{"allow":["GET"]}}],"collection":[{"href":"https:\/\/visiatsakymai.lt\/en\/wp-json\/wp\/v2\/product"}],"about":[{"href":"https:\/\/visiatsakymai.lt\/en\/wp-json\/wp\/v2\/types\/product"}],"wp:featuredmedia":[{"embeddable":true,"href":"https:\/\/visiatsakymai.lt\/en\/wp-json\/wp\/v2\/media\/8458"}],"wp:attachment":[{"href":"https:\/\/visiatsakymai.lt\/en\/wp-json\/wp\/v2\/media?parent=8457"}],"wp:term":[{"taxonomy":"product_brand","embeddable":true,"href":"https:\/\/visiatsakymai.lt\/en\/wp-json\/wp\/v2\/product_brand?post=8457"},{"taxonomy":"product_cat","embeddable":true,"href":"https:\/\/visiatsakymai.lt\/en\/wp-json\/wp\/v2\/product_cat?post=8457"},{"taxonomy":"product_tag","embeddable":true,"href":"https:\/\/visiatsakymai.lt\/en\/wp-json\/wp\/v2\/product_tag?post=8457"}],"curies":[{"name":"wp","href":"https:\/\/api.w.org\/{rel}","templated":true}]}}