{"id":7439,"date":"2025-02-05T08:22:00","date_gmt":"2025-02-05T08:22:00","guid":{"rendered":"https:\/\/visiatsakymai.lt\/?post_type=product&#038;p=7439"},"modified":"2025-02-05T08:22:00","modified_gmt":"2025-02-05T08:22:00","slug":"haxyl-pasta-75g","status":"publish","type":"product","link":"https:\/\/visiatsakymai.lt\/en\/product\/haxyl-pasta-75g\/","title":{"rendered":"HAXYL paste, 75g."},"content":{"rendered":"<p>HAXYL gel is intended for daily use as an independent cleaning agent. It can also be used after using traditional toothpaste as an additional care product.<\/p>\n<p>Benefits of the flower:<\/p>\n<ul>\n<li>Hydroxyapatite and xylitol;<\/li>\n<li>Reduces tooth sensitivity;<\/li>\n<li>Affects enamel remineralization;<\/li>\n<li>Protects against caries and periodontal diseases;<\/li>\n<li>Limits the deposition of tartar.<\/li>\n<\/ul>\n<p>How to handle the product:<\/p>\n<p>Brush your teeth at least twice a day.<\/p>\n<p>Description of operation:<\/p>\n<p>The unique ingredients of Haxyl gel give it unique properties.<\/p>\n<p>Clinically tested.<\/p>\n<p>Hydroxyapatite is a material that corresponds to the main, inorganic, natural component of teeth and bones. Synthetic hydroxyapatite has good biocompatibility, properties similar to hard dental tissues. Reduces bacterial plaque, reduces and prevents its deposition on teeth and influences enamel remineralization.<\/p>\n<p>Xylitol is a compound recognized worldwide for its anti-caries properties. It is a sugar substitute, a natural ingredient in many fruits and vegetables. It reduces the cariogenic effect of bacterial plaque, its adhesion and deposition on teeth, and increases the buffering capacity of saliva.<\/p>\n<p>Sodium pyrophosphate \u2013 cleans teeth and prevents tartar formation.<\/p>","protected":false},"excerpt":{"rendered":"<p>HAXYL gelis &#8211;\u00a0 skirtas kasdieniam naudojimui kaip nepriklausoma valymo priemon\u0117. Galima naudoti ir po tradicin\u0117s dant\u0173 pastos naudojimo kaip papildomos prie\u017ei\u016bros priemon\u0117s. G\u0117lio nauda: Hidroksiapatitas ir ksilitolis; Suma\u017eina dant\u0173 jautrum\u0105; \u012etakoja emalio remineralizacij\u0105; Apsaugo nuo karieso ir periodonto lig\u0173; Apriboja dant\u0173 akmen\u0173 nus\u0117dim\u0105. Kaip elgtis su gaminiu: Valykite dantis bent du kartus per dien\u0105. Veikimo [&hellip;]<\/p>\n","protected":false},"featured_media":7440,"template":"","meta":{"site-sidebar-layout":"default","site-content-layout":"","ast-site-content-layout":"default","site-content-style":"default","site-sidebar-style":"default","ast-global-header-display":"","ast-banner-title-visibility":"","ast-main-header-display":"","ast-hfb-above-header-display":"","ast-hfb-below-header-display":"","ast-hfb-mobile-header-display":"","site-post-title":"","ast-breadcrumbs-content":"","ast-featured-img":"","footer-sml-layout":"","ast-disable-related-posts":"","theme-transparent-header-meta":"default","adv-header-id-meta":"","stick-header-meta":"","header-above-stick-meta":"","header-main-stick-meta":"","header-below-stick-meta":"","astra-migrate-meta-layouts":"set","ast-page-background-enabled":"default","ast-page-background-meta":{"desktop":{"background-color":"var(--ast-global-color-4)","background-image":"","background-repeat":"repeat","background-position":"center center","background-size":"auto","background-attachment":"scroll","background-type":"","background-media":"","overlay-type":"","overlay-color":"","overlay-opacity":"","overlay-gradient":""},"tablet":{"background-color":"","background-image":"","background-repeat":"repeat","background-position":"center center","background-size":"auto","background-attachment":"scroll","background-type":"","background-media":"","overlay-type":"","overlay-color":"","overlay-opacity":"","overlay-gradient":""},"mobile":{"background-color":"","background-image":"","background-repeat":"repeat","background-position":"center center","background-size":"auto","background-attachment":"scroll","background-type":"","background-media":"","overlay-type":"","overlay-color":"","overlay-opacity":"","overlay-gradient":""}},"ast-content-background-meta":{"desktop":{"background-color":"var(--ast-global-color-5)","background-image":"","background-repeat":"repeat","background-position":"center center","background-size":"auto","background-attachment":"scroll","background-type":"","background-media":"","overlay-type":"","overlay-color":"","overlay-opacity":"","overlay-gradient":""},"tablet":{"background-color":"var(--ast-global-color-5)","background-image":"","background-repeat":"repeat","background-position":"center center","background-size":"auto","background-attachment":"scroll","background-type":"","background-media":"","overlay-type":"","overlay-color":"","overlay-opacity":"","overlay-gradient":""},"mobile":{"background-color":"var(--ast-global-color-5)","background-image":"","background-repeat":"repeat","background-position":"center center","background-size":"auto","background-attachment":"scroll","background-type":"","background-media":"","overlay-type":"","overlay-color":"","overlay-opacity":"","overlay-gradient":""}}},"product_brand":[],"product_cat":[76],"product_tag":[],"class_list":{"0":"post-7439","1":"product","2":"type-product","3":"status-publish","4":"has-post-thumbnail","6":"product_cat-dantu-pastos","7":"desktop-align-center","8":"tablet-align-left","9":"mobile-align-left","11":"first","12":"instock","13":"shipping-taxable","14":"product-type-simple"},"_links":{"self":[{"href":"https:\/\/visiatsakymai.lt\/en\/wp-json\/wp\/v2\/product\/7439","targetHints":{"allow":["GET"]}}],"collection":[{"href":"https:\/\/visiatsakymai.lt\/en\/wp-json\/wp\/v2\/product"}],"about":[{"href":"https:\/\/visiatsakymai.lt\/en\/wp-json\/wp\/v2\/types\/product"}],"wp:featuredmedia":[{"embeddable":true,"href":"https:\/\/visiatsakymai.lt\/en\/wp-json\/wp\/v2\/media\/7440"}],"wp:attachment":[{"href":"https:\/\/visiatsakymai.lt\/en\/wp-json\/wp\/v2\/media?parent=7439"}],"wp:term":[{"taxonomy":"product_brand","embeddable":true,"href":"https:\/\/visiatsakymai.lt\/en\/wp-json\/wp\/v2\/product_brand?post=7439"},{"taxonomy":"product_cat","embeddable":true,"href":"https:\/\/visiatsakymai.lt\/en\/wp-json\/wp\/v2\/product_cat?post=7439"},{"taxonomy":"product_tag","embeddable":true,"href":"https:\/\/visiatsakymai.lt\/en\/wp-json\/wp\/v2\/product_tag?post=7439"}],"curies":[{"name":"wp","href":"https:\/\/api.w.org\/{rel}","templated":true}]}}