{"id":7421,"date":"2025-01-23T11:37:51","date_gmt":"2025-01-23T11:37:51","guid":{"rendered":"https:\/\/visiatsakymai.lt\/?post_type=product&#038;p=7421"},"modified":"2025-01-23T11:37:51","modified_gmt":"2025-01-23T11:37:51","slug":"bevistosept-plius-5l","status":"publish","type":"product","link":"https:\/\/visiatsakymai.lt\/en\/product\/bevistosept-plius-5l\/","title":{"rendered":"BevistoSept Plus, 5L"},"content":{"rendered":"<p id=\"tw-target-text\" class=\"tw-data-text tw-text-large tw-ta\" dir=\"ltr\" data-placeholder=\"Vertimas\" data-ved=\"2ahUKEwiRq4aS4IuLAxW_Q_EDHRNsAWQQ3ewLegQIBxAV\" aria-label=\"I\u0161verstas tekstas: \u0160velni ir efektyvi greita dezinfekavimo ir valymo priemon\u0117 medicinos prietais\u0173 ir objekt\u0173 pavir\u0161iams odontologijos klinikose ir sveikatos prie\u017ei\u016bros \u012fstaigose. Veiklos sfera: Baktericidinis, fungicidinis, tuberkuliocidinis ir virucidinis [Ribotas virucidinis veiksmingumas pagal RKI, t.y. e. vis\u0173 apvalkalo virus\u0173, toki\u0173 kaip HBV, \u017dIV, HCV (BVDV)]. BevistoSept yra visi\u0161kai be aldehid\u0173 ir fenoli\u0173. D\u0117l gerai patikrintos ir veiksmingos formul\u0117s jis \u017eavi visapusi\u0161ka veiklos sfera. I\u0161bandyta pagal standartinius DGHM metodus ir RKI rekomendacijas d\u0117l efektyvumo prie\u0161 virusus. MRSA veiksmingas.\"><span class=\"Y2IQFc\" lang=\"lt\">\u0160velni ir efektyvi greita dezinfekavimo ir valymo priemon\u0117 medicinos prietais\u0173 ir objekt\u0173 pavir\u0161iams odontologijos klinikose ir sveikatos prie\u017ei\u016bros \u012fstaigose. Veiklos sfera: Baktericidinis, fungicidinis, tuberkuliocidinis ir virucidinis [Ribotas virucidinis veiksmingumas pagal RKI, t.y. e. vis\u0173 apvalkalo virus\u0173, toki\u0173 kaip HBV, \u017dIV, HCV (BVDV)]. BevistoSept yra visi\u0161kai be aldehid\u0173 ir fenoli\u0173. D\u0117l gerai patikrintos ir veiksmingos formul\u0117s jis \u017eavi visapusi\u0161ka veiklos sfera. I\u0161bandyta pagal standartinius DGHM metodus ir RKI rekomendacijas d\u0117l efektyvumo prie\u0161 virusus. MRSA veiksmingas.<\/span><\/p>\n","protected":false},"excerpt":{"rendered":"<p>\u0160velni ir efektyvi greita dezinfekavimo ir valymo priemon\u0117 medicinos prietais\u0173 ir objekt\u0173 pavir\u0161iams odontologijos klinikose ir sveikatos prie\u017ei\u016bros \u012fstaigose. Veiklos sfera: Baktericidinis, fungicidinis, tuberkuliocidinis ir virucidinis [Ribotas virucidinis veiksmingumas pagal RKI, t.y. e. vis\u0173 apvalkalo virus\u0173, toki\u0173 kaip HBV, \u017dIV, HCV (BVDV)]. BevistoSept yra visi\u0161kai be aldehid\u0173 ir fenoli\u0173. D\u0117l gerai patikrintos ir veiksmingos formul\u0117s [&hellip;]<\/p>\n","protected":false},"featured_media":7422,"template":"","meta":{"site-sidebar-layout":"default","site-content-layout":"","ast-site-content-layout":"default","site-content-style":"default","site-sidebar-style":"default","ast-global-header-display":"","ast-banner-title-visibility":"","ast-main-header-display":"","ast-hfb-above-header-display":"","ast-hfb-below-header-display":"","ast-hfb-mobile-header-display":"","site-post-title":"","ast-breadcrumbs-content":"","ast-featured-img":"","footer-sml-layout":"","ast-disable-related-posts":"","theme-transparent-header-meta":"default","adv-header-id-meta":"","stick-header-meta":"","header-above-stick-meta":"","header-main-stick-meta":"","header-below-stick-meta":"","astra-migrate-meta-layouts":"set","ast-page-background-enabled":"default","ast-page-background-meta":{"desktop":{"background-color":"var(--ast-global-color-4)","background-image":"","background-repeat":"repeat","background-position":"center center","background-size":"auto","background-attachment":"scroll","background-type":"","background-media":"","overlay-type":"","overlay-color":"","overlay-opacity":"","overlay-gradient":""},"tablet":{"background-color":"","background-image":"","background-repeat":"repeat","background-position":"center center","background-size":"auto","background-attachment":"scroll","background-type":"","background-media":"","overlay-type":"","overlay-color":"","overlay-opacity":"","overlay-gradient":""},"mobile":{"background-color":"","background-image":"","background-repeat":"repeat","background-position":"center center","background-size":"auto","background-attachment":"scroll","background-type":"","background-media":"","overlay-type":"","overlay-color":"","overlay-opacity":"","overlay-gradient":""}},"ast-content-background-meta":{"desktop":{"background-color":"var(--ast-global-color-5)","background-image":"","background-repeat":"repeat","background-position":"center center","background-size":"auto","background-attachment":"scroll","background-type":"","background-media":"","overlay-type":"","overlay-color":"","overlay-opacity":"","overlay-gradient":""},"tablet":{"background-color":"var(--ast-global-color-5)","background-image":"","background-repeat":"repeat","background-position":"center center","background-size":"auto","background-attachment":"scroll","background-type":"","background-media":"","overlay-type":"","overlay-color":"","overlay-opacity":"","overlay-gradient":""},"mobile":{"background-color":"var(--ast-global-color-5)","background-image":"","background-repeat":"repeat","background-position":"center center","background-size":"auto","background-attachment":"scroll","background-type":"","background-media":"","overlay-type":"","overlay-color":"","overlay-opacity":"","overlay-gradient":""}}},"product_brand":[],"product_cat":[23],"product_tag":[],"class_list":{"0":"post-7421","1":"product","2":"type-product","3":"status-publish","4":"has-post-thumbnail","6":"product_cat-dezinfekcija","7":"desktop-align-center","8":"tablet-align-left","9":"mobile-align-left","11":"first","12":"instock","13":"shipping-taxable","14":"product-type-simple"},"_links":{"self":[{"href":"https:\/\/visiatsakymai.lt\/en\/wp-json\/wp\/v2\/product\/7421","targetHints":{"allow":["GET"]}}],"collection":[{"href":"https:\/\/visiatsakymai.lt\/en\/wp-json\/wp\/v2\/product"}],"about":[{"href":"https:\/\/visiatsakymai.lt\/en\/wp-json\/wp\/v2\/types\/product"}],"wp:featuredmedia":[{"embeddable":true,"href":"https:\/\/visiatsakymai.lt\/en\/wp-json\/wp\/v2\/media\/7422"}],"wp:attachment":[{"href":"https:\/\/visiatsakymai.lt\/en\/wp-json\/wp\/v2\/media?parent=7421"}],"wp:term":[{"taxonomy":"product_brand","embeddable":true,"href":"https:\/\/visiatsakymai.lt\/en\/wp-json\/wp\/v2\/product_brand?post=7421"},{"taxonomy":"product_cat","embeddable":true,"href":"https:\/\/visiatsakymai.lt\/en\/wp-json\/wp\/v2\/product_cat?post=7421"},{"taxonomy":"product_tag","embeddable":true,"href":"https:\/\/visiatsakymai.lt\/en\/wp-json\/wp\/v2\/product_tag?post=7421"}],"curies":[{"name":"wp","href":"https:\/\/api.w.org\/{rel}","templated":true}]}}