{"id":7327,"date":"2024-09-24T08:18:20","date_gmt":"2024-09-24T08:18:20","guid":{"rendered":"https:\/\/visiatsakymai.lt\/?post_type=product&#038;p=7327"},"modified":"2025-02-17T12:05:08","modified_gmt":"2025-02-17T12:05:08","slug":"burnos-skalavimo-skystis-plaque-agent","status":"publish","type":"product","link":"https:\/\/visiatsakymai.lt\/en\/product\/burnos-skalavimo-skystis-plaque-agent\/","title":{"rendered":"Mouthwash Plaque Agent"},"content":{"rendered":"<p>Mouthwash is intended for\u00a0<strong>for plaque control<\/strong>\u00a0Miradent Plaque Agent. An excellent preventive measure for effective teeth cleaning. Poorly cleaned or not cleaned plaques turn purple, as a result of which it is clearly visible whether the teeth are cleaned effectively.<\/p>\n<ul>\n<li>Existing plaques turn blue;<\/li>\n<li>Pleasant &quot;chewing gum&quot; taste;<\/li>\n<li>Without alcohol;<\/li>\n<li>Easily removed with a toothbrush;<\/li>\n<li>Ready-to-use, motivating, kid-friendly.<\/li>\n<\/ul>\n<p><strong>Usage:<\/strong>\u00a0use only\u00a0<strong>a very small amount of liquid - 10 ml<\/strong>! Rinse for a few seconds after brushing to see if you have cleaned your teeth effectively. Avoid contact with lips, hands or clothing.<\/p>","protected":false},"excerpt":{"rendered":"<p>Burnos skalavimo skystis skirtas\u00a0apna\u0161\u0173 kontrolei\u00a0Miradent Plaque Agent. Puiki prevencin\u0117 priemon\u0117 efektyviam dant\u0173 valymui. Blogai nuvalytos arba nenuvalytos apna\u0161os nusida\u017eo alyvine spalva, ko pasekoje ai\u0161kiai matoma ar dantys valomi efektyviai. Esamos apna\u0161os tampa m\u0117lynos; Malonus \u201ekramtomos gumos\u201c skonis; Be alkoholio; Lengvai pa\u0161alinamas dant\u0173 \u0161epet\u0117liu; Paruo\u0161tas naudoti, motyvuojantis, draugi\u0161kas vaikams. Naudojimas:\u00a0naudokite tik\u00a0labai nedidel\u012f skys\u010dio kiek\u012f \u2013 10 [&hellip;]<\/p>\n","protected":false},"featured_media":7328,"template":"","meta":{"site-sidebar-layout":"default","site-content-layout":"","ast-site-content-layout":"default","site-content-style":"default","site-sidebar-style":"default","ast-global-header-display":"","ast-banner-title-visibility":"","ast-main-header-display":"","ast-hfb-above-header-display":"","ast-hfb-below-header-display":"","ast-hfb-mobile-header-display":"","site-post-title":"","ast-breadcrumbs-content":"","ast-featured-img":"","footer-sml-layout":"","ast-disable-related-posts":"","theme-transparent-header-meta":"default","adv-header-id-meta":"","stick-header-meta":"","header-above-stick-meta":"","header-main-stick-meta":"","header-below-stick-meta":"","astra-migrate-meta-layouts":"set","ast-page-background-enabled":"default","ast-page-background-meta":{"desktop":{"background-color":"var(--ast-global-color-4)","background-image":"","background-repeat":"repeat","background-position":"center center","background-size":"auto","background-attachment":"scroll","background-type":"","background-media":"","overlay-type":"","overlay-color":"","overlay-opacity":"","overlay-gradient":""},"tablet":{"background-color":"","background-image":"","background-repeat":"repeat","background-position":"center center","background-size":"auto","background-attachment":"scroll","background-type":"","background-media":"","overlay-type":"","overlay-color":"","overlay-opacity":"","overlay-gradient":""},"mobile":{"background-color":"","background-image":"","background-repeat":"repeat","background-position":"center center","background-size":"auto","background-attachment":"scroll","background-type":"","background-media":"","overlay-type":"","overlay-color":"","overlay-opacity":"","overlay-gradient":""}},"ast-content-background-meta":{"desktop":{"background-color":"var(--ast-global-color-5)","background-image":"","background-repeat":"repeat","background-position":"center center","background-size":"auto","background-attachment":"scroll","background-type":"","background-media":"","overlay-type":"","overlay-color":"","overlay-opacity":"","overlay-gradient":""},"tablet":{"background-color":"var(--ast-global-color-5)","background-image":"","background-repeat":"repeat","background-position":"center center","background-size":"auto","background-attachment":"scroll","background-type":"","background-media":"","overlay-type":"","overlay-color":"","overlay-opacity":"","overlay-gradient":""},"mobile":{"background-color":"var(--ast-global-color-5)","background-image":"","background-repeat":"repeat","background-position":"center center","background-size":"auto","background-attachment":"scroll","background-type":"","background-media":"","overlay-type":"","overlay-color":"","overlay-opacity":"","overlay-gradient":""}}},"product_brand":[],"product_cat":[71,72],"product_tag":[],"class_list":{"0":"post-7327","1":"product","2":"type-product","3":"status-publish","4":"has-post-thumbnail","6":"product_cat-burnos-prieziuros-priemones","7":"product_cat-skalavimo-skysciai","8":"desktop-align-center","9":"tablet-align-left","10":"mobile-align-left","12":"first","13":"instock","14":"shipping-taxable","15":"product-type-simple"},"_links":{"self":[{"href":"https:\/\/visiatsakymai.lt\/en\/wp-json\/wp\/v2\/product\/7327","targetHints":{"allow":["GET"]}}],"collection":[{"href":"https:\/\/visiatsakymai.lt\/en\/wp-json\/wp\/v2\/product"}],"about":[{"href":"https:\/\/visiatsakymai.lt\/en\/wp-json\/wp\/v2\/types\/product"}],"wp:featuredmedia":[{"embeddable":true,"href":"https:\/\/visiatsakymai.lt\/en\/wp-json\/wp\/v2\/media\/7328"}],"wp:attachment":[{"href":"https:\/\/visiatsakymai.lt\/en\/wp-json\/wp\/v2\/media?parent=7327"}],"wp:term":[{"taxonomy":"product_brand","embeddable":true,"href":"https:\/\/visiatsakymai.lt\/en\/wp-json\/wp\/v2\/product_brand?post=7327"},{"taxonomy":"product_cat","embeddable":true,"href":"https:\/\/visiatsakymai.lt\/en\/wp-json\/wp\/v2\/product_cat?post=7327"},{"taxonomy":"product_tag","embeddable":true,"href":"https:\/\/visiatsakymai.lt\/en\/wp-json\/wp\/v2\/product_tag?post=7327"}],"curies":[{"name":"wp","href":"https:\/\/api.w.org\/{rel}","templated":true}]}}