{"id":7278,"date":"2024-07-18T11:32:46","date_gmt":"2024-07-18T11:32:46","guid":{"rendered":"https:\/\/visiatsakymai.lt\/?post_type=product&#038;p=7278"},"modified":"2024-07-18T11:32:47","modified_gmt":"2024-07-18T11:32:47","slug":"dmg-honigum-pro-putty-rigid-fast-8-x-450-ml","status":"publish","type":"product","link":"https:\/\/visiatsakymai.lt\/en\/product\/dmg-honigum-pro-putty-rigid-fast-8-x-450-ml\/","title":{"rendered":"DMG Honigum Pro-Putty Rigid Fast 8 x 450 ml"},"content":{"rendered":"<p>A solid, VPS-based impression material with a putty-like consistency.<br \/>\nIndications: For impressions of crowns and bridges, impressions of inlays and onlays. Advantages:<br \/>\n\u2013 Excellent recovery from deformation<br \/>\n\u2013 Excellent dimensional stability<br \/>\n\u2013 The hand-moulded or putty consistency in DMG MixStar cassettes\/cartridges is intended for use in mixing machines<br \/>\n\u2013 Excellent tear resistance<br \/>\nMixing time 0:30min, working time \u2264 1:45min, time in mouth \u2265 1:45min.<br \/>\nThe set includes 2 jars of 450 ml base and catalyst pastes.<\/p>","protected":false},"excerpt":{"rendered":"<p>iksli, VPS pagrindu pagaminta atspaudin\u0117 med\u017eiaga, kurios konsistencija pana\u0161i \u012f putty. Indikacijos: vainik\u0117li\u0173 ir tilt\u0173 atspaudams, \u012fklot\u0173 ir u\u017eklot\u0173 atspaudams. Privalumai: &#8211; Puikus atsistatymas po deformacijos &#8211; Puikus matmen\u0173 stabilumas &#8211; Rankomis formuojama arba putty konsistencija DMG MixStar kaset\u0117se\/kartrid\u017ee skirta naudoti mai\u0161ymo aparatuose &#8211; Puikus atsparumas ply\u0161imui Mai\u0161ymo laikas 0:30min, darbo laikas \u2264 1:45min, laikas [&hellip;]<\/p>\n","protected":false},"featured_media":7279,"template":"","meta":{"site-sidebar-layout":"default","site-content-layout":"","ast-site-content-layout":"default","site-content-style":"default","site-sidebar-style":"default","ast-global-header-display":"","ast-banner-title-visibility":"","ast-main-header-display":"","ast-hfb-above-header-display":"","ast-hfb-below-header-display":"","ast-hfb-mobile-header-display":"","site-post-title":"","ast-breadcrumbs-content":"","ast-featured-img":"","footer-sml-layout":"","ast-disable-related-posts":"","theme-transparent-header-meta":"default","adv-header-id-meta":"","stick-header-meta":"","header-above-stick-meta":"","header-main-stick-meta":"","header-below-stick-meta":"","astra-migrate-meta-layouts":"set","ast-page-background-enabled":"default","ast-page-background-meta":{"desktop":{"background-color":"var(--ast-global-color-4)","background-image":"","background-repeat":"repeat","background-position":"center center","background-size":"auto","background-attachment":"scroll","background-type":"","background-media":"","overlay-type":"","overlay-color":"","overlay-opacity":"","overlay-gradient":""},"tablet":{"background-color":"","background-image":"","background-repeat":"repeat","background-position":"center center","background-size":"auto","background-attachment":"scroll","background-type":"","background-media":"","overlay-type":"","overlay-color":"","overlay-opacity":"","overlay-gradient":""},"mobile":{"background-color":"","background-image":"","background-repeat":"repeat","background-position":"center center","background-size":"auto","background-attachment":"scroll","background-type":"","background-media":"","overlay-type":"","overlay-color":"","overlay-opacity":"","overlay-gradient":""}},"ast-content-background-meta":{"desktop":{"background-color":"var(--ast-global-color-5)","background-image":"","background-repeat":"repeat","background-position":"center center","background-size":"auto","background-attachment":"scroll","background-type":"","background-media":"","overlay-type":"","overlay-color":"","overlay-opacity":"","overlay-gradient":""},"tablet":{"background-color":"var(--ast-global-color-5)","background-image":"","background-repeat":"repeat","background-position":"center center","background-size":"auto","background-attachment":"scroll","background-type":"","background-media":"","overlay-type":"","overlay-color":"","overlay-opacity":"","overlay-gradient":""},"mobile":{"background-color":"var(--ast-global-color-5)","background-image":"","background-repeat":"repeat","background-position":"center center","background-size":"auto","background-attachment":"scroll","background-type":"","background-media":"","overlay-type":"","overlay-color":"","overlay-opacity":"","overlay-gradient":""}}},"product_brand":[],"product_cat":[59,22],"product_tag":[],"class_list":{"0":"post-7278","1":"product","2":"type-product","3":"status-publish","4":"has-post-thumbnail","6":"product_cat-alginatines-ir-silikonines-mases","7":"product_cat-odontologams","8":"desktop-align-center","9":"tablet-align-left","10":"mobile-align-left","12":"first","13":"instock","14":"shipping-taxable","15":"product-type-simple"},"_links":{"self":[{"href":"https:\/\/visiatsakymai.lt\/en\/wp-json\/wp\/v2\/product\/7278","targetHints":{"allow":["GET"]}}],"collection":[{"href":"https:\/\/visiatsakymai.lt\/en\/wp-json\/wp\/v2\/product"}],"about":[{"href":"https:\/\/visiatsakymai.lt\/en\/wp-json\/wp\/v2\/types\/product"}],"wp:featuredmedia":[{"embeddable":true,"href":"https:\/\/visiatsakymai.lt\/en\/wp-json\/wp\/v2\/media\/7279"}],"wp:attachment":[{"href":"https:\/\/visiatsakymai.lt\/en\/wp-json\/wp\/v2\/media?parent=7278"}],"wp:term":[{"taxonomy":"product_brand","embeddable":true,"href":"https:\/\/visiatsakymai.lt\/en\/wp-json\/wp\/v2\/product_brand?post=7278"},{"taxonomy":"product_cat","embeddable":true,"href":"https:\/\/visiatsakymai.lt\/en\/wp-json\/wp\/v2\/product_cat?post=7278"},{"taxonomy":"product_tag","embeddable":true,"href":"https:\/\/visiatsakymai.lt\/en\/wp-json\/wp\/v2\/product_tag?post=7278"}],"curies":[{"name":"wp","href":"https:\/\/api.w.org\/{rel}","templated":true}]}}