{"id":7272,"date":"2024-07-15T07:07:53","date_gmt":"2024-07-15T07:07:53","guid":{"rendered":"https:\/\/visiatsakymai.lt\/?post_type=product&#038;p=7272"},"modified":"2024-07-15T07:07:53","modified_gmt":"2024-07-15T07:07:53","slug":"opalustre-66-vandenilio-chlorido-rugsties-suspensija-12-ml","status":"publish","type":"product","link":"https:\/\/visiatsakymai.lt\/en\/product\/opalustre-66-vandenilio-chlorido-rugsties-suspensija-12-ml\/","title":{"rendered":"Opalustre 6.6% hydrochloric acid suspension 1.2 ml"},"content":{"rendered":"<p>Opalustre 6.6% contains silicon carbide microparticles in the hydrochloric acid suspension. This combination provides chemical stain removal combined with gentle mechanical polishing. Opalustre effectively treats minor fluorosis and stains in the surface layer of enamel.<\/p>\n<ul>\n<li><span class=\"HwtZe\" lang=\"lt\"> <span class=\"jCAhz JxVs2d ChMk0b\"><span class=\"ryNqvb\">Removes surface white and brown bumps. <\/span><\/span><\/span><\/li>\n<li><span class=\"HwtZe\" lang=\"lt\"> <span class=\"jCAhz JxVs2d ChMk0b\"><span class=\"ryNqvb\">Minimally invasive treatment for fluorosis spots is provided. <\/span><\/span><\/span><\/li>\n<li><span class=\"HwtZe\" lang=\"lt\"> <span class=\"jCAhz JxVs2d ChMk0b\"><span class=\"ryNqvb\">Hydrochloric acid helps remove stains chemically. <\/span><\/span><\/span><\/li>\n<li><span class=\"HwtZe\" lang=\"lt\"> <span class=\"jCAhz JxVs2d ChMk0b\"><span class=\"ryNqvb\">Microparticles of silicon carbide ensure gentle mechanical polishing. <\/span><\/span><\/span><\/li>\n<li><span class=\"HwtZe\" lang=\"lt\"> <span class=\"jCAhz JxVs2d ChMk0b\"><span class=\"ryNqvb\">Removes surface stains (0.2 mm deep).<\/span><\/span><\/span><\/li>\n<\/ul>\n<p>The package includes Opalustre 1.2 ml, tips and polishing rubbers.<\/p>\n<p>1.2 ml<\/p>","protected":false},"excerpt":{"rendered":"<p>Opalustre 6,6% vandenilio chlorido r\u016bg\u0161ties suspensijoje yra silicio karbido mikrodaleli\u0173. \u0160is derinys u\u017etikrina chemin\u012f d\u0117mi\u0173 pa\u0161alinim\u0105 kartu su \u0161velniu mechaniniu poliravimu. Opalustre veiksmingai gydo nedidel\u0119 fluoroz\u0119 ir d\u0117mes pavir\u0161iniame emalio sluoksnyje. Pa\u0161alina pavir\u0161inius baltus ir rudus nelygumus. Teikiamas minimaliai invazinis fluoroz\u0117s sukelt\u0173 d\u0117mi\u0173 gydymas. Vandenilio chlorido r\u016bg\u0161tis padeda cheminiu b\u016bdu pa\u0161alinti d\u0117mes. Silicio karbido mikrodalel\u0117s [&hellip;]<\/p>\n","protected":false},"featured_media":7273,"template":"","meta":{"site-sidebar-layout":"default","site-content-layout":"","ast-site-content-layout":"default","site-content-style":"default","site-sidebar-style":"default","ast-global-header-display":"","ast-banner-title-visibility":"","ast-main-header-display":"","ast-hfb-above-header-display":"","ast-hfb-below-header-display":"","ast-hfb-mobile-header-display":"","site-post-title":"","ast-breadcrumbs-content":"","ast-featured-img":"","footer-sml-layout":"","ast-disable-related-posts":"","theme-transparent-header-meta":"default","adv-header-id-meta":"","stick-header-meta":"","header-above-stick-meta":"","header-main-stick-meta":"","header-below-stick-meta":"","astra-migrate-meta-layouts":"set","ast-page-background-enabled":"default","ast-page-background-meta":{"desktop":{"background-color":"var(--ast-global-color-4)","background-image":"","background-repeat":"repeat","background-position":"center center","background-size":"auto","background-attachment":"scroll","background-type":"","background-media":"","overlay-type":"","overlay-color":"","overlay-opacity":"","overlay-gradient":""},"tablet":{"background-color":"","background-image":"","background-repeat":"repeat","background-position":"center center","background-size":"auto","background-attachment":"scroll","background-type":"","background-media":"","overlay-type":"","overlay-color":"","overlay-opacity":"","overlay-gradient":""},"mobile":{"background-color":"","background-image":"","background-repeat":"repeat","background-position":"center center","background-size":"auto","background-attachment":"scroll","background-type":"","background-media":"","overlay-type":"","overlay-color":"","overlay-opacity":"","overlay-gradient":""}},"ast-content-background-meta":{"desktop":{"background-color":"var(--ast-global-color-5)","background-image":"","background-repeat":"repeat","background-position":"center center","background-size":"auto","background-attachment":"scroll","background-type":"","background-media":"","overlay-type":"","overlay-color":"","overlay-opacity":"","overlay-gradient":""},"tablet":{"background-color":"var(--ast-global-color-5)","background-image":"","background-repeat":"repeat","background-position":"center center","background-size":"auto","background-attachment":"scroll","background-type":"","background-media":"","overlay-type":"","overlay-color":"","overlay-opacity":"","overlay-gradient":""},"mobile":{"background-color":"var(--ast-global-color-5)","background-image":"","background-repeat":"repeat","background-position":"center center","background-size":"auto","background-attachment":"scroll","background-type":"","background-media":"","overlay-type":"","overlay-color":"","overlay-opacity":"","overlay-gradient":""}}},"product_brand":[],"product_cat":[22,64],"product_tag":[],"class_list":{"0":"post-7272","1":"product","2":"type-product","3":"status-publish","4":"has-post-thumbnail","6":"product_cat-odontologams","7":"product_cat-slifavimo-ir-poliravimo-priemones","8":"desktop-align-center","9":"tablet-align-left","10":"mobile-align-left","12":"first","13":"instock","14":"shipping-taxable","15":"product-type-simple"},"_links":{"self":[{"href":"https:\/\/visiatsakymai.lt\/en\/wp-json\/wp\/v2\/product\/7272","targetHints":{"allow":["GET"]}}],"collection":[{"href":"https:\/\/visiatsakymai.lt\/en\/wp-json\/wp\/v2\/product"}],"about":[{"href":"https:\/\/visiatsakymai.lt\/en\/wp-json\/wp\/v2\/types\/product"}],"wp:featuredmedia":[{"embeddable":true,"href":"https:\/\/visiatsakymai.lt\/en\/wp-json\/wp\/v2\/media\/7273"}],"wp:attachment":[{"href":"https:\/\/visiatsakymai.lt\/en\/wp-json\/wp\/v2\/media?parent=7272"}],"wp:term":[{"taxonomy":"product_brand","embeddable":true,"href":"https:\/\/visiatsakymai.lt\/en\/wp-json\/wp\/v2\/product_brand?post=7272"},{"taxonomy":"product_cat","embeddable":true,"href":"https:\/\/visiatsakymai.lt\/en\/wp-json\/wp\/v2\/product_cat?post=7272"},{"taxonomy":"product_tag","embeddable":true,"href":"https:\/\/visiatsakymai.lt\/en\/wp-json\/wp\/v2\/product_tag?post=7272"}],"curies":[{"name":"wp","href":"https:\/\/api.w.org\/{rel}","templated":true}]}}