{"id":7169,"date":"2024-04-12T10:41:16","date_gmt":"2024-04-12T10:41:16","guid":{"rendered":"https:\/\/visiatsakymai.lt\/?post_type=product&#038;p=7169"},"modified":"2025-10-09T10:43:56","modified_gmt":"2025-10-09T10:43:56","slug":"dentapreg-stiklo-pluosto-juostele","status":"publish","type":"product","link":"https:\/\/visiatsakymai.lt\/en\/product\/dentapreg-stiklo-pluosto-juostele\/","title":{"rendered":"Dentapreg fiberglass tape"},"content":{"rendered":"<p>Dentapreg\u00ae is the ideal solution for quick, durable and esthetic reinforcements.<br \/>\nDentapreg\u00ae pre-impregnated fiberglass reinforcement is extremely easy to use. No special tools or equipment required. Reinforcement results are durable, aesthetic and non-irritating. At the same time, the mechanical properties of Dentapreg\u00ae tapes allow to achieve long-term reinforcement, the stiffness of which allows not to harm the physiological movements of the teeth.<\/p>\n<p>1 strip - 5 cm, impregnated with bond.<\/p>","protected":false},"excerpt":{"rendered":"<p>Dentapreg\u00ae yra idealus sprendimas greitiems, patvariems ir esteti\u0161kiems sutvirtinimams. Dentapreg\u00ae i\u0161 anksto impregnuotas stiklo pluo\u0161tas sutvirtinimui yra ypa\u010d paprastas naudoti. Nereikia joki\u0173 speciali\u0173 \u012franki\u0173 ar \u012frangos. Sutvirtinimo rezultatai yra patvar\u016bs, esteti\u0161ki ir nesukelia dirginimo. Tuo pa\u010diu metu Dentapreg\u00ae juost\u0173 mechanin\u0117s savyb\u0117s leid\u017eia pasiekti ilgalaik\u012f sutvirtinim\u0105, kurios standumas leid\u017eia nepakenkti fiziologiniams dant\u0173 judesiams. 1 juostel\u0117 &#8211; [&hellip;]<\/p>\n","protected":false},"featured_media":7170,"template":"","meta":{"site-sidebar-layout":"default","site-content-layout":"default","ast-site-content-layout":"default","site-content-style":"default","site-sidebar-style":"default","ast-global-header-display":"","ast-banner-title-visibility":"","ast-main-header-display":"","ast-hfb-above-header-display":"","ast-hfb-below-header-display":"","ast-hfb-mobile-header-display":"","site-post-title":"","ast-breadcrumbs-content":"","ast-featured-img":"","footer-sml-layout":"","ast-disable-related-posts":"","theme-transparent-header-meta":"default","adv-header-id-meta":"","stick-header-meta":"","header-above-stick-meta":"","header-main-stick-meta":"","header-below-stick-meta":"","astra-migrate-meta-layouts":"default","ast-page-background-enabled":"default","ast-page-background-meta":{"desktop":{"background-color":"var(--ast-global-color-4)","background-image":"","background-repeat":"repeat","background-position":"center center","background-size":"auto","background-attachment":"scroll","background-type":"","background-media":"","overlay-type":"","overlay-color":"","overlay-opacity":"","overlay-gradient":""},"tablet":{"background-color":"","background-image":"","background-repeat":"repeat","background-position":"center center","background-size":"auto","background-attachment":"scroll","background-type":"","background-media":"","overlay-type":"","overlay-color":"","overlay-opacity":"","overlay-gradient":""},"mobile":{"background-color":"","background-image":"","background-repeat":"repeat","background-position":"center center","background-size":"auto","background-attachment":"scroll","background-type":"","background-media":"","overlay-type":"","overlay-color":"","overlay-opacity":"","overlay-gradient":""}},"ast-content-background-meta":{"desktop":{"background-color":"var(--ast-global-color-5)","background-image":"","background-repeat":"repeat","background-position":"center center","background-size":"auto","background-attachment":"scroll","background-type":"","background-media":"","overlay-type":"","overlay-color":"","overlay-opacity":"","overlay-gradient":""},"tablet":{"background-color":"var(--ast-global-color-5)","background-image":"","background-repeat":"repeat","background-position":"center center","background-size":"auto","background-attachment":"scroll","background-type":"","background-media":"","overlay-type":"","overlay-color":"","overlay-opacity":"","overlay-gradient":""},"mobile":{"background-color":"var(--ast-global-color-5)","background-image":"","background-repeat":"repeat","background-position":"center center","background-size":"auto","background-attachment":"scroll","background-type":"","background-media":"","overlay-type":"","overlay-color":"","overlay-opacity":"","overlay-gradient":""}}},"product_brand":[],"product_cat":[63,22,93,109],"product_tag":[],"class_list":{"0":"post-7169","1":"product","2":"type-product","3":"status-publish","4":"has-post-thumbnail","6":"product_cat-dentapreg","7":"product_cat-odontologams","8":"product_cat-papildomos-prekes-odontologams","9":"product_cat-protezavimo-medziagos","10":"desktop-align-center","11":"tablet-align-left","12":"mobile-align-left","14":"first","15":"instock","16":"shipping-taxable","17":"product-type-variable"},"_links":{"self":[{"href":"https:\/\/visiatsakymai.lt\/en\/wp-json\/wp\/v2\/product\/7169","targetHints":{"allow":["GET"]}}],"collection":[{"href":"https:\/\/visiatsakymai.lt\/en\/wp-json\/wp\/v2\/product"}],"about":[{"href":"https:\/\/visiatsakymai.lt\/en\/wp-json\/wp\/v2\/types\/product"}],"wp:featuredmedia":[{"embeddable":true,"href":"https:\/\/visiatsakymai.lt\/en\/wp-json\/wp\/v2\/media\/7170"}],"wp:attachment":[{"href":"https:\/\/visiatsakymai.lt\/en\/wp-json\/wp\/v2\/media?parent=7169"}],"wp:term":[{"taxonomy":"product_brand","embeddable":true,"href":"https:\/\/visiatsakymai.lt\/en\/wp-json\/wp\/v2\/product_brand?post=7169"},{"taxonomy":"product_cat","embeddable":true,"href":"https:\/\/visiatsakymai.lt\/en\/wp-json\/wp\/v2\/product_cat?post=7169"},{"taxonomy":"product_tag","embeddable":true,"href":"https:\/\/visiatsakymai.lt\/en\/wp-json\/wp\/v2\/product_tag?post=7169"}],"curies":[{"name":"wp","href":"https:\/\/api.w.org\/{rel}","templated":true}]}}