{"id":7080,"date":"2024-01-24T13:51:28","date_gmt":"2024-01-24T13:51:28","guid":{"rendered":"https:\/\/visiatsakymai.lt\/?post_type=product&#038;p=7080"},"modified":"2024-01-30T07:37:00","modified_gmt":"2024-01-30T07:37:00","slug":"schulke-gigasept-5l","status":"publish","type":"product","link":"https:\/\/visiatsakymai.lt\/en\/product\/schulke-gigasept-5l\/","title":{"rendered":"Schulke Gigasept 5 l"},"content":{"rendered":"<p>Concentrated combined preparation for instrument cleaning and disinfection, without aldehydes. The preparation cleans and disinfects instruments made of plastic, metal, glass, porcelain, synthetic materials, rubber. Suitable for use for pre-washing of instruments before machine disinfection. Gigasept Instru AF is also used in ultrasound baths.<\/p>\n<p>Usage:<br \/>\n3% - 30 ml Gigasept Instru AF - 970 ml water<br \/>\n2% - 20 ml Gigasept Instru AF - 980 ml water<br \/>\n1.5% - 15 ml Gigasept Instru AF - 985 ml water<br \/>\nSolutions used for cleaning and disinfection of instruments: 3% \u2013 15 min., 2% \u2013 30 min., 1.5% \u2013 60 min. Disinfection in ultrasonic baths with 3% solution for 5 minutes.<\/p>\n<p>5L<\/p>","protected":false},"excerpt":{"rendered":"<p>Koncentruotas kombinuotas instrument\u0173 valymo ir dezinfekcijos preparatas, be aldehid\u0173. Preparatu valomi ir dezinfekuojami instrumentai, pagaminti i\u0161 plastmas\u0117s, metalo, stiklo, porceliano, sintetini\u0173 med\u017eiag\u0173, gumos. Tinka naudoti instrument\u0173 paruo\u0161iamajam plovimui prie\u0161 ma\u0161inin\u0119 dezinfekcij\u0105. Gigasept Instru AF taip pat naudojamas ultragarso vonel\u0117se. Naudojimas: 3% &#8211; 30 ml Gigasept Instru AF \u2013 970 ml vandens 2% &#8211; 20 ml [&hellip;]<\/p>\n","protected":false},"featured_media":7081,"template":"","meta":{"site-sidebar-layout":"default","site-content-layout":"default","ast-site-content-layout":"default","site-content-style":"default","site-sidebar-style":"default","ast-global-header-display":"","ast-banner-title-visibility":"","ast-main-header-display":"","ast-hfb-above-header-display":"","ast-hfb-below-header-display":"","ast-hfb-mobile-header-display":"","site-post-title":"","ast-breadcrumbs-content":"","ast-featured-img":"","footer-sml-layout":"","ast-disable-related-posts":"","theme-transparent-header-meta":"default","adv-header-id-meta":"","stick-header-meta":"","header-above-stick-meta":"","header-main-stick-meta":"","header-below-stick-meta":"","astra-migrate-meta-layouts":"default","ast-page-background-enabled":"default","ast-page-background-meta":{"desktop":{"background-color":"var(--ast-global-color-4)","background-image":"","background-repeat":"repeat","background-position":"center center","background-size":"auto","background-attachment":"scroll","background-type":"","background-media":"","overlay-type":"","overlay-color":"","overlay-opacity":"","overlay-gradient":""},"tablet":{"background-color":"","background-image":"","background-repeat":"repeat","background-position":"center center","background-size":"auto","background-attachment":"scroll","background-type":"","background-media":"","overlay-type":"","overlay-color":"","overlay-opacity":"","overlay-gradient":""},"mobile":{"background-color":"","background-image":"","background-repeat":"repeat","background-position":"center center","background-size":"auto","background-attachment":"scroll","background-type":"","background-media":"","overlay-type":"","overlay-color":"","overlay-opacity":"","overlay-gradient":""}},"ast-content-background-meta":{"desktop":{"background-color":"var(--ast-global-color-5)","background-image":"","background-repeat":"repeat","background-position":"center center","background-size":"auto","background-attachment":"scroll","background-type":"","background-media":"","overlay-type":"","overlay-color":"","overlay-opacity":"","overlay-gradient":""},"tablet":{"background-color":"var(--ast-global-color-5)","background-image":"","background-repeat":"repeat","background-position":"center center","background-size":"auto","background-attachment":"scroll","background-type":"","background-media":"","overlay-type":"","overlay-color":"","overlay-opacity":"","overlay-gradient":""},"mobile":{"background-color":"var(--ast-global-color-5)","background-image":"","background-repeat":"repeat","background-position":"center center","background-size":"auto","background-attachment":"scroll","background-type":"","background-media":"","overlay-type":"","overlay-color":"","overlay-opacity":"","overlay-gradient":""}}},"product_brand":[],"product_cat":[23,22],"product_tag":[],"class_list":{"0":"post-7080","1":"product","2":"type-product","3":"status-publish","4":"has-post-thumbnail","6":"product_cat-dezinfekcija","7":"product_cat-odontologams","8":"desktop-align-center","9":"tablet-align-left","10":"mobile-align-left","12":"first","13":"onbackorder","14":"shipping-taxable","15":"product-type-simple"},"_links":{"self":[{"href":"https:\/\/visiatsakymai.lt\/en\/wp-json\/wp\/v2\/product\/7080","targetHints":{"allow":["GET"]}}],"collection":[{"href":"https:\/\/visiatsakymai.lt\/en\/wp-json\/wp\/v2\/product"}],"about":[{"href":"https:\/\/visiatsakymai.lt\/en\/wp-json\/wp\/v2\/types\/product"}],"wp:featuredmedia":[{"embeddable":true,"href":"https:\/\/visiatsakymai.lt\/en\/wp-json\/wp\/v2\/media\/7081"}],"wp:attachment":[{"href":"https:\/\/visiatsakymai.lt\/en\/wp-json\/wp\/v2\/media?parent=7080"}],"wp:term":[{"taxonomy":"product_brand","embeddable":true,"href":"https:\/\/visiatsakymai.lt\/en\/wp-json\/wp\/v2\/product_brand?post=7080"},{"taxonomy":"product_cat","embeddable":true,"href":"https:\/\/visiatsakymai.lt\/en\/wp-json\/wp\/v2\/product_cat?post=7080"},{"taxonomy":"product_tag","embeddable":true,"href":"https:\/\/visiatsakymai.lt\/en\/wp-json\/wp\/v2\/product_tag?post=7080"}],"curies":[{"name":"wp","href":"https:\/\/api.w.org\/{rel}","templated":true}]}}