{"id":6942,"date":"2023-12-01T13:01:27","date_gmt":"2023-12-01T13:01:27","guid":{"rendered":"https:\/\/visiatsakymai.lt\/?post_type=product&#038;p=6942"},"modified":"2024-01-30T07:36:47","modified_gmt":"2024-01-30T07:36:47","slug":"kuraray-clearfil-universal-bond-quick-universalus-surisejas-5ml","status":"publish","type":"product","link":"https:\/\/visiatsakymai.lt\/en\/product\/kuraray-clearfil-universal-bond-quick-universalus-surisejas-5ml\/","title":{"rendered":"Kuraray Clearfil Universal Bond Quick universal binder 5 ml"},"content":{"rendered":"<p>An innovative universal adhesive that works immediately, ensuring a long-lasting result in all restorative procedures in one simple, quick step. Unlike other adhesives, Clearfil Universal Bond Quick does not require applying multiple layers, rubbing and waiting. The results are the same and guaranteed every time.<br \/>\nClearfil Universal Bond Quick helps prevent mistakes and saves the dentist time. This adhesive is suitable for direct restorations, cultivator restorations, indirect restorations and repairs. Dentists can use it with the chosen technique: selective, self-etch or full etching. Either technique will give clinicians equally reliable results.<br \/>\nINDICATIONS<br \/>\n\u2022 For direct restorations with light-curing composites<br \/>\n\u2022 For cavity sealing before indirect restorations<br \/>\n\u2022 For desensitizing the exposed surfaces of the roots<br \/>\n\u2022 For the treatment of sensitive teeth<br \/>\n\u2022 For intraoral corrections<br \/>\n\u2022 For adhesion of dowel and tiller restoration materials<br \/>\n\u2022 Can be used together with DC Activator for adhesion of indirect restorations<br \/>\nADVANTAGES<br \/>\n\u2022 Possibility to choose the desired procedure<br \/>\n\u2022 Wide range of indications<br \/>\n\u2022 Thin layer<br \/>\n\u2022 Fast binding procedure<br \/>\n\u2022 Bottle can be opened with one hand<br \/>\n\u2022 Strong bond with dentin<br \/>\n\u2022 Less risk of contamination<\/p>\n<p>5 ml<\/p>","protected":false},"excerpt":{"rendered":"<p>Inovatyvus universalus adhezyvas, kuris veikia i\u0161 karto, u\u017etikrindamas ilgalaik\u012f rezultat\u0105 visose restauracin\u0117se proced\u016brose vienu paprastu greitu \u017eingsniu. Skirtingai nei naudojant kitus adhezyvus, Clearfil Universal Bond Quick nereikia tepti kelis sluoksnius, \u012ftrinti ir laukti. Rezultatai kiekvien\u0105 kart\u0105 vienodi ir u\u017etikrinti. Clearfil Universal Bond Quick padeda i\u0161vengti klaid\u0173 ir taupo odontologo laik\u0105. \u0160is adhezyvas tinka tiesiogin\u0117ms restauracijoms, [&hellip;]<\/p>\n","protected":false},"featured_media":6943,"template":"","meta":{"site-sidebar-layout":"default","site-content-layout":"default","ast-site-content-layout":"default","site-content-style":"default","site-sidebar-style":"default","ast-global-header-display":"","ast-banner-title-visibility":"","ast-main-header-display":"","ast-hfb-above-header-display":"","ast-hfb-below-header-display":"","ast-hfb-mobile-header-display":"","site-post-title":"","ast-breadcrumbs-content":"","ast-featured-img":"","footer-sml-layout":"","ast-disable-related-posts":"","theme-transparent-header-meta":"default","adv-header-id-meta":"","stick-header-meta":"","header-above-stick-meta":"","header-main-stick-meta":"","header-below-stick-meta":"","astra-migrate-meta-layouts":"default","ast-page-background-enabled":"default","ast-page-background-meta":{"desktop":{"background-color":"var(--ast-global-color-4)","background-image":"","background-repeat":"repeat","background-position":"center center","background-size":"auto","background-attachment":"scroll","background-type":"","background-media":"","overlay-type":"","overlay-color":"","overlay-opacity":"","overlay-gradient":""},"tablet":{"background-color":"","background-image":"","background-repeat":"repeat","background-position":"center center","background-size":"auto","background-attachment":"scroll","background-type":"","background-media":"","overlay-type":"","overlay-color":"","overlay-opacity":"","overlay-gradient":""},"mobile":{"background-color":"","background-image":"","background-repeat":"repeat","background-position":"center center","background-size":"auto","background-attachment":"scroll","background-type":"","background-media":"","overlay-type":"","overlay-color":"","overlay-opacity":"","overlay-gradient":""}},"ast-content-background-meta":{"desktop":{"background-color":"var(--ast-global-color-5)","background-image":"","background-repeat":"repeat","background-position":"center center","background-size":"auto","background-attachment":"scroll","background-type":"","background-media":"","overlay-type":"","overlay-color":"","overlay-opacity":"","overlay-gradient":""},"tablet":{"background-color":"var(--ast-global-color-5)","background-image":"","background-repeat":"repeat","background-position":"center center","background-size":"auto","background-attachment":"scroll","background-type":"","background-media":"","overlay-type":"","overlay-color":"","overlay-opacity":"","overlay-gradient":""},"mobile":{"background-color":"var(--ast-global-color-5)","background-image":"","background-repeat":"repeat","background-position":"center center","background-size":"auto","background-attachment":"scroll","background-type":"","background-media":"","overlay-type":"","overlay-color":"","overlay-opacity":"","overlay-gradient":""}}},"product_brand":[],"product_cat":[22,67],"product_tag":[],"class_list":{"0":"post-6942","1":"product","2":"type-product","3":"status-publish","4":"has-post-thumbnail","6":"product_cat-odontologams","7":"product_cat-surisimo-sistemos-ir-esdintojai","8":"desktop-align-center","9":"tablet-align-left","10":"mobile-align-left","12":"first","13":"instock","14":"shipping-taxable","15":"product-type-simple"},"_links":{"self":[{"href":"https:\/\/visiatsakymai.lt\/en\/wp-json\/wp\/v2\/product\/6942","targetHints":{"allow":["GET"]}}],"collection":[{"href":"https:\/\/visiatsakymai.lt\/en\/wp-json\/wp\/v2\/product"}],"about":[{"href":"https:\/\/visiatsakymai.lt\/en\/wp-json\/wp\/v2\/types\/product"}],"wp:featuredmedia":[{"embeddable":true,"href":"https:\/\/visiatsakymai.lt\/en\/wp-json\/wp\/v2\/media\/6943"}],"wp:attachment":[{"href":"https:\/\/visiatsakymai.lt\/en\/wp-json\/wp\/v2\/media?parent=6942"}],"wp:term":[{"taxonomy":"product_brand","embeddable":true,"href":"https:\/\/visiatsakymai.lt\/en\/wp-json\/wp\/v2\/product_brand?post=6942"},{"taxonomy":"product_cat","embeddable":true,"href":"https:\/\/visiatsakymai.lt\/en\/wp-json\/wp\/v2\/product_cat?post=6942"},{"taxonomy":"product_tag","embeddable":true,"href":"https:\/\/visiatsakymai.lt\/en\/wp-json\/wp\/v2\/product_tag?post=6942"}],"curies":[{"name":"wp","href":"https:\/\/api.w.org\/{rel}","templated":true}]}}