{"id":6936,"date":"2023-12-01T09:50:20","date_gmt":"2023-12-01T09:50:20","guid":{"rendered":"https:\/\/visiatsakymai.lt\/?post_type=product&#038;p=6936"},"modified":"2026-03-02T13:07:08","modified_gmt":"2026-03-02T13:07:08","slug":"relyx-temp-ne-cementas-be-eugenolio-laikinam-tvirtinimui-43g","status":"publish","type":"product","link":"https:\/\/visiatsakymai.lt\/en\/product\/relyx-temp-ne-cementas-be-eugenolio-laikinam-tvirtinimui-43g\/","title":{"rendered":"RelyX Temp NE cement without eugenol for temporary fixation 43g"},"content":{"rendered":"<p>Self-hardening eugenol-free cement for temporary fixation of dental prostheses. The addition of petroleum jelly can reduce the final hardness of the cement, e.g. for easier bridge removal. RelyX Temp does NOT affect the polymerization of composite sealants and cements. RelyX Temp NE is particularly suitable for patients sensitive to eugenol. Purpose:<\/p>\n<ul>\n<li>Temporary fixation of non-permanent prostheses.<\/li>\n<li>Temporary fixation of crowns, tilats, inlays and inlays.<\/li>\n<li>Fixation of crowns and bridges on implant supports.<\/li>\n<\/ul>\n<p>30 g base paste + 13 g catalyst + mixing paddles<\/p>","protected":false},"excerpt":{"rendered":"<p>Savaime kiet\u0117jantis cementas be eugenolio laikinam dant\u0173 protez\u0173 tvirtinimui. Pridedant vazelino galima suma\u017einti galutin\u012f cemento kietum\u0105, pvz. lengvesniam tilt\u0173 nu\u0117mimui. RelyX Temp NE neveikia kompozicini\u0173 plombini\u0173 med\u017eiag\u0173 ir cement\u0173 polimerizacijos. RelyX Temp NE ypa\u010d tinka pacientams, jautriems eugenoliui. Paskirtis: Laikinas nenuolatini\u0173 protez\u0173 tvirtinimas. Laikinas vainik\u0117li\u0173, tilot\u0173, \u012fklot\u0173 ir u\u017eklot\u0173 tvirtinimas. Vainik\u0117li\u0173 ir tilt\u0173 fiksavimas ant [&hellip;]<\/p>\n","protected":false},"featured_media":6937,"template":"","meta":{"site-sidebar-layout":"default","site-content-layout":"default","ast-site-content-layout":"default","site-content-style":"default","site-sidebar-style":"default","ast-global-header-display":"","ast-banner-title-visibility":"","ast-main-header-display":"","ast-hfb-above-header-display":"","ast-hfb-below-header-display":"","ast-hfb-mobile-header-display":"","site-post-title":"","ast-breadcrumbs-content":"","ast-featured-img":"","footer-sml-layout":"","ast-disable-related-posts":"","theme-transparent-header-meta":"default","adv-header-id-meta":"","stick-header-meta":"","header-above-stick-meta":"","header-main-stick-meta":"","header-below-stick-meta":"","astra-migrate-meta-layouts":"set","ast-page-background-enabled":"default","ast-page-background-meta":{"desktop":{"background-color":"var(--ast-global-color-4)","background-image":"","background-repeat":"repeat","background-position":"center center","background-size":"auto","background-attachment":"scroll","background-type":"","background-media":"","overlay-type":"","overlay-color":"","overlay-opacity":"","overlay-gradient":""},"tablet":{"background-color":"","background-image":"","background-repeat":"repeat","background-position":"center center","background-size":"auto","background-attachment":"scroll","background-type":"","background-media":"","overlay-type":"","overlay-color":"","overlay-opacity":"","overlay-gradient":""},"mobile":{"background-color":"","background-image":"","background-repeat":"repeat","background-position":"center center","background-size":"auto","background-attachment":"scroll","background-type":"","background-media":"","overlay-type":"","overlay-color":"","overlay-opacity":"","overlay-gradient":""}},"ast-content-background-meta":{"desktop":{"background-color":"var(--ast-global-color-5)","background-image":"","background-repeat":"repeat","background-position":"center center","background-size":"auto","background-attachment":"scroll","background-type":"","background-media":"","overlay-type":"","overlay-color":"","overlay-opacity":"","overlay-gradient":""},"tablet":{"background-color":"var(--ast-global-color-5)","background-image":"","background-repeat":"repeat","background-position":"center center","background-size":"auto","background-attachment":"scroll","background-type":"","background-media":"","overlay-type":"","overlay-color":"","overlay-opacity":"","overlay-gradient":""},"mobile":{"background-color":"var(--ast-global-color-5)","background-image":"","background-repeat":"repeat","background-position":"center center","background-size":"auto","background-attachment":"scroll","background-type":"","background-media":"","overlay-type":"","overlay-color":"","overlay-opacity":"","overlay-gradient":""}}},"product_brand":[],"product_cat":[37,38,22],"product_tag":[],"class_list":{"0":"post-6936","1":"product","2":"type-product","3":"status-publish","4":"has-post-thumbnail","6":"product_cat-3m","7":"product_cat-cementai","8":"product_cat-odontologams","9":"desktop-align-center","10":"tablet-align-left","11":"mobile-align-left","13":"first","14":"outofstock","15":"shipping-taxable","16":"product-type-simple"},"_links":{"self":[{"href":"https:\/\/visiatsakymai.lt\/en\/wp-json\/wp\/v2\/product\/6936","targetHints":{"allow":["GET"]}}],"collection":[{"href":"https:\/\/visiatsakymai.lt\/en\/wp-json\/wp\/v2\/product"}],"about":[{"href":"https:\/\/visiatsakymai.lt\/en\/wp-json\/wp\/v2\/types\/product"}],"wp:featuredmedia":[{"embeddable":true,"href":"https:\/\/visiatsakymai.lt\/en\/wp-json\/wp\/v2\/media\/6937"}],"wp:attachment":[{"href":"https:\/\/visiatsakymai.lt\/en\/wp-json\/wp\/v2\/media?parent=6936"}],"wp:term":[{"taxonomy":"product_brand","embeddable":true,"href":"https:\/\/visiatsakymai.lt\/en\/wp-json\/wp\/v2\/product_brand?post=6936"},{"taxonomy":"product_cat","embeddable":true,"href":"https:\/\/visiatsakymai.lt\/en\/wp-json\/wp\/v2\/product_cat?post=6936"},{"taxonomy":"product_tag","embeddable":true,"href":"https:\/\/visiatsakymai.lt\/en\/wp-json\/wp\/v2\/product_tag?post=6936"}],"curies":[{"name":"wp","href":"https:\/\/api.w.org\/{rel}","templated":true}]}}