{"id":6854,"date":"2023-10-05T14:53:12","date_gmt":"2023-10-05T14:53:12","guid":{"rendered":"https:\/\/visiatsakymai.lt\/?post_type=product&#038;p=6854"},"modified":"2024-01-22T11:13:50","modified_gmt":"2024-01-22T11:13:50","slug":"estecem-ii-plus-24-ml","status":"publish","type":"product","link":"https:\/\/visiatsakymai.lt\/en\/product\/estecem-ii-plus-24-ml\/","title":{"rendered":"ESTECEM II PLUS 2.4 ml"},"content":{"rendered":"<div class=\"x11i5rnm xat24cr x1mh8g0r x1vvkbs xtlvy1s x126k92a\">\n<div dir=\"auto\">Bi-curing (light and\/or self-curing) X-ray contrast adhesive resin cement with excellent working and aesthetic properties.<\/div>\n<\/div>\n<div class=\"x11i5rnm xat24cr x1mh8g0r x1vvkbs xtlvy1s x126k92a\">\n<div dir=\"auto\">Indications:<\/div>\n<div dir=\"auto\">-Cementation of crowns, bridges, inlays and inlays made of glass\/oxide ceramics (porcelain, zirconia and alumina), metals\/alloys (precious and non-precious) and resin materials including inorganic fillers (composite materials).<\/div>\n<div dir=\"auto\">-Cracks and fractures repair of metal ceramics and non-metal ceramics.<\/div>\n<div dir=\"auto\">-Cementing of laminates.<\/div>\n<div dir=\"auto\">- Cementation of adhesive bridges.<\/div>\n<div dir=\"auto\">-Cementing of metal or composite dowels, metal or fiberglass pins.<\/div>\n<\/div>\n<div class=\"x11i5rnm xat24cr x1mh8g0r x1vvkbs xtlvy1s x126k92a\">\n<div dir=\"auto\">Color: Universal<\/div>\n<div dir=\"auto\">Quantity: 2.4 ml syringe<\/div>\n<\/div>","protected":false},"excerpt":{"rendered":"<p>Dviem b\u016bdais kiet\u0117jantis (\u0161viesa ir\/arba savaime) rentgenokontrastinis adhezinis dervinis cementas, pasi\u017eymintis puikiomis darbin\u0117mis bei estetin\u0117mis savyb\u0117mis. Indikacijos: -Vainik\u0117li\u0173, tilt\u0173, \u012fklot\u0173 ir u\u017eklot\u0173, pagamint\u0173 i\u0161 stiklo \/ oksid\u0173 keramikos (porceliano, cirkonio oksido ir aliuminio oksido), metal\u0173 \/ lydini\u0173 (tauri\u0173j\u0173 ir netauri\u0173j\u0173) bei dervini\u0173 med\u017eiag\u0173, \u012fskaitant neorganinius u\u017epildus (kompozitini\u0173 med\u017eiag\u0173) cementavimas. -Metalo keramikos ir bemetal\u0117s keramikos skilim\u0173 [&hellip;]<\/p>\n","protected":false},"featured_media":6855,"template":"","meta":{"site-sidebar-layout":"default","site-content-layout":"default","ast-site-content-layout":"default","site-content-style":"default","site-sidebar-style":"default","ast-global-header-display":"","ast-banner-title-visibility":"","ast-main-header-display":"","ast-hfb-above-header-display":"","ast-hfb-below-header-display":"","ast-hfb-mobile-header-display":"","site-post-title":"","ast-breadcrumbs-content":"","ast-featured-img":"","footer-sml-layout":"","ast-disable-related-posts":"","theme-transparent-header-meta":"default","adv-header-id-meta":"","stick-header-meta":"","header-above-stick-meta":"","header-main-stick-meta":"","header-below-stick-meta":"","astra-migrate-meta-layouts":"default","ast-page-background-enabled":"default","ast-page-background-meta":{"desktop":{"background-color":"var(--ast-global-color-4)","background-image":"","background-repeat":"repeat","background-position":"center center","background-size":"auto","background-attachment":"scroll","background-type":"","background-media":"","overlay-type":"","overlay-color":"","overlay-opacity":"","overlay-gradient":""},"tablet":{"background-color":"","background-image":"","background-repeat":"repeat","background-position":"center center","background-size":"auto","background-attachment":"scroll","background-type":"","background-media":"","overlay-type":"","overlay-color":"","overlay-opacity":"","overlay-gradient":""},"mobile":{"background-color":"","background-image":"","background-repeat":"repeat","background-position":"center center","background-size":"auto","background-attachment":"scroll","background-type":"","background-media":"","overlay-type":"","overlay-color":"","overlay-opacity":"","overlay-gradient":""}},"ast-content-background-meta":{"desktop":{"background-color":"var(--ast-global-color-5)","background-image":"","background-repeat":"repeat","background-position":"center center","background-size":"auto","background-attachment":"scroll","background-type":"","background-media":"","overlay-type":"","overlay-color":"","overlay-opacity":"","overlay-gradient":""},"tablet":{"background-color":"var(--ast-global-color-5)","background-image":"","background-repeat":"repeat","background-position":"center center","background-size":"auto","background-attachment":"scroll","background-type":"","background-media":"","overlay-type":"","overlay-color":"","overlay-opacity":"","overlay-gradient":""},"mobile":{"background-color":"var(--ast-global-color-5)","background-image":"","background-repeat":"repeat","background-position":"center center","background-size":"auto","background-attachment":"scroll","background-type":"","background-media":"","overlay-type":"","overlay-color":"","overlay-opacity":"","overlay-gradient":""}}},"product_brand":[],"product_cat":[38,22,58],"product_tag":[],"class_list":{"0":"post-6854","1":"product","2":"type-product","3":"status-publish","4":"has-post-thumbnail","6":"product_cat-cementai","7":"product_cat-odontologams","8":"product_cat-tokuyama-dental","9":"desktop-align-center","10":"tablet-align-left","11":"mobile-align-left","13":"first","14":"outofstock","15":"shipping-taxable","16":"product-type-simple"},"_links":{"self":[{"href":"https:\/\/visiatsakymai.lt\/en\/wp-json\/wp\/v2\/product\/6854","targetHints":{"allow":["GET"]}}],"collection":[{"href":"https:\/\/visiatsakymai.lt\/en\/wp-json\/wp\/v2\/product"}],"about":[{"href":"https:\/\/visiatsakymai.lt\/en\/wp-json\/wp\/v2\/types\/product"}],"wp:featuredmedia":[{"embeddable":true,"href":"https:\/\/visiatsakymai.lt\/en\/wp-json\/wp\/v2\/media\/6855"}],"wp:attachment":[{"href":"https:\/\/visiatsakymai.lt\/en\/wp-json\/wp\/v2\/media?parent=6854"}],"wp:term":[{"taxonomy":"product_brand","embeddable":true,"href":"https:\/\/visiatsakymai.lt\/en\/wp-json\/wp\/v2\/product_brand?post=6854"},{"taxonomy":"product_cat","embeddable":true,"href":"https:\/\/visiatsakymai.lt\/en\/wp-json\/wp\/v2\/product_cat?post=6854"},{"taxonomy":"product_tag","embeddable":true,"href":"https:\/\/visiatsakymai.lt\/en\/wp-json\/wp\/v2\/product_tag?post=6854"}],"curies":[{"name":"wp","href":"https:\/\/api.w.org\/{rel}","templated":true}]}}