{"id":6835,"date":"2023-09-21T07:46:17","date_gmt":"2023-09-21T07:46:17","guid":{"rendered":"https:\/\/visiatsakymai.lt\/?post_type=product&#038;p=6835"},"modified":"2023-09-21T07:49:43","modified_gmt":"2023-09-21T07:49:43","slug":"tetric-evoceram-kompozitas-svirkste-3-g","status":"publish","type":"product","link":"https:\/\/visiatsakymai.lt\/en\/product\/tetric-evoceram-kompozitas-svirkste-3-g\/","title":{"rendered":"Tetric EvoCeram composite in syringe 3 g"},"content":{"rendered":"<p>Light-curing, radiopaque nanohybrid composite. Fast and easy polishing, high wear resistance. Low shrinkage moment. Nano color pigments allow for improved shade and optimal chameleon effect. The nano modifier provides excellent handling properties, increases material stability and prevents material from sticking to instruments.<\/p>\n<p>Indications:<br \/>\n\u2013 for restorations of front teeth (classes III and IV);<br \/>\n\u2013 for restorations of molar teeth (classes I and II, as well as occlusion);<br \/>\n\u2013 for class V restorations;<br \/>\n\u2013 sealing of cavities for molars and front teeth.<\/p>\n<p>3 g<\/p>","protected":false},"excerpt":{"rendered":"<p>\u0160viesoje kiet\u0117jantis, rentgenokontrasti\u0161kas nanohibridinis kompozitas. Greitas ir lengvas poliravimas, didelis atsparumas dilimui. Ma\u017eas susitraukimo momentas. Nanospalviniai pigmentai leid\u017eia patobulinti atspalv\u012f ir optimal\u0173 chameleono efekt\u0105. Nano modifikatorius suteikia puikias valdymo savybes, padidina med\u017eiagos stabilum\u0105 ir apsaugo med\u017eiag\u0105 nuo prilipimo prie instrument\u0173. Indikacijos: &#8211; priekini\u0173 dant\u0173 restauracijoms (III ir IV klas\u0117s); &#8211; kr\u016bmini\u0173 dant\u0173 restauracijoms (I ir [&hellip;]<\/p>\n","protected":false},"featured_media":6836,"template":"","meta":{"site-sidebar-layout":"default","site-content-layout":"default","ast-site-content-layout":"default","site-content-style":"default","site-sidebar-style":"default","ast-global-header-display":"","ast-banner-title-visibility":"","ast-main-header-display":"","ast-hfb-above-header-display":"","ast-hfb-below-header-display":"","ast-hfb-mobile-header-display":"","site-post-title":"","ast-breadcrumbs-content":"","ast-featured-img":"","footer-sml-layout":"","ast-disable-related-posts":"","theme-transparent-header-meta":"default","adv-header-id-meta":"","stick-header-meta":"","header-above-stick-meta":"","header-main-stick-meta":"","header-below-stick-meta":"","astra-migrate-meta-layouts":"default","ast-page-background-enabled":"default","ast-page-background-meta":{"desktop":{"background-color":"var(--ast-global-color-4)","background-image":"","background-repeat":"repeat","background-position":"center center","background-size":"auto","background-attachment":"scroll","background-type":"","background-media":"","overlay-type":"","overlay-color":"","overlay-opacity":"","overlay-gradient":""},"tablet":{"background-color":"","background-image":"","background-repeat":"repeat","background-position":"center center","background-size":"auto","background-attachment":"scroll","background-type":"","background-media":"","overlay-type":"","overlay-color":"","overlay-opacity":"","overlay-gradient":""},"mobile":{"background-color":"","background-image":"","background-repeat":"repeat","background-position":"center center","background-size":"auto","background-attachment":"scroll","background-type":"","background-media":"","overlay-type":"","overlay-color":"","overlay-opacity":"","overlay-gradient":""}},"ast-content-background-meta":{"desktop":{"background-color":"var(--ast-global-color-5)","background-image":"","background-repeat":"repeat","background-position":"center center","background-size":"auto","background-attachment":"scroll","background-type":"","background-media":"","overlay-type":"","overlay-color":"","overlay-opacity":"","overlay-gradient":""},"tablet":{"background-color":"var(--ast-global-color-5)","background-image":"","background-repeat":"repeat","background-position":"center center","background-size":"auto","background-attachment":"scroll","background-type":"","background-media":"","overlay-type":"","overlay-color":"","overlay-opacity":"","overlay-gradient":""},"mobile":{"background-color":"var(--ast-global-color-5)","background-image":"","background-repeat":"repeat","background-position":"center center","background-size":"auto","background-attachment":"scroll","background-type":"","background-media":"","overlay-type":"","overlay-color":"","overlay-opacity":"","overlay-gradient":""}}},"product_brand":[],"product_cat":[22],"product_tag":[],"class_list":{"0":"post-6835","1":"product","2":"type-product","3":"status-publish","4":"has-post-thumbnail","6":"product_cat-odontologams","7":"desktop-align-center","8":"tablet-align-left","9":"mobile-align-left","11":"first","12":"instock","13":"shipping-taxable","14":"product-type-variable"},"_links":{"self":[{"href":"https:\/\/visiatsakymai.lt\/en\/wp-json\/wp\/v2\/product\/6835","targetHints":{"allow":["GET"]}}],"collection":[{"href":"https:\/\/visiatsakymai.lt\/en\/wp-json\/wp\/v2\/product"}],"about":[{"href":"https:\/\/visiatsakymai.lt\/en\/wp-json\/wp\/v2\/types\/product"}],"wp:featuredmedia":[{"embeddable":true,"href":"https:\/\/visiatsakymai.lt\/en\/wp-json\/wp\/v2\/media\/6836"}],"wp:attachment":[{"href":"https:\/\/visiatsakymai.lt\/en\/wp-json\/wp\/v2\/media?parent=6835"}],"wp:term":[{"taxonomy":"product_brand","embeddable":true,"href":"https:\/\/visiatsakymai.lt\/en\/wp-json\/wp\/v2\/product_brand?post=6835"},{"taxonomy":"product_cat","embeddable":true,"href":"https:\/\/visiatsakymai.lt\/en\/wp-json\/wp\/v2\/product_cat?post=6835"},{"taxonomy":"product_tag","embeddable":true,"href":"https:\/\/visiatsakymai.lt\/en\/wp-json\/wp\/v2\/product_tag?post=6835"}],"curies":[{"name":"wp","href":"https:\/\/api.w.org\/{rel}","templated":true}]}}