{"id":6829,"date":"2023-09-18T07:43:32","date_gmt":"2023-09-18T07:43:32","guid":{"rendered":"https:\/\/visiatsakymai.lt\/?post_type=product&#038;p=6829"},"modified":"2025-03-17T13:43:09","modified_gmt":"2025-03-17T13:43:09","slug":"claridex-dantu-balinimo-svirkstas-16-22-3g","status":"publish","type":"product","link":"https:\/\/visiatsakymai.lt\/en\/product\/claridex-dantu-balinimo-svirkstas-16-22-3g\/","title":{"rendered":"Claridex teeth whitening syringe (16% \/ 22%) 3g"},"content":{"rendered":"<div class=\"lRu31\"><span class=\"HwtZe\" lang=\"lt\"><span class=\"jCAhz ChMk0b\"><span class=\"ryNqvb\">Carbamide peroxide teeth whitener 16% and 22%.<\/span><\/span> <span class=\"jCAhz ChMk0b\"><span class=\"ryNqvb\">CLARIDEX EVOLUTION is a high viscosity, neutral pH (6.0 to 7.0) carbamide peroxide gel for self (home use) with a professional.<\/span><\/span> <span class=\"jCAhz ChMk0b\"><span class=\"ryNqvb\">It is evenly applied in the pits, fixed so that the teeth are in contact with the gel.<\/span><\/span> <span class=\"jCAhz ChMk0b\"><span class=\"ryNqvb\">It can be used during the day (when more saliva is produced) from 2 to 4 hours or at bedtime, depending on the indications of the dentist.<\/span><\/span><\/span><\/div>\n<div><\/div>\n<div>3 years<\/div>\n<div class=\"UdTY9 WdefRb\" aria-hidden=\"true\" data-location=\"2\">\n<div class=\"kO6q6e\"><\/div>\n<\/div>","protected":false},"excerpt":{"rendered":"<p>Karbamido peroksido dant\u0173 baliklis 16% ir 22%. CLARIDEX EVOLUTION yra didelio klampumo ir neutralaus pH (nuo 6,0 iki 7,0) karbamido peroksido gelis, skirtas naudoti savaranki\u0161kai (naudojimui namuose) kartu su profesionalu. Jis tolygiai u\u017etepamas kapose, pritvirtintamas taip, kad dantys liest\u0173si su geliu. Galima vartoti dien\u0105 (kai susidaro daugiau seili\u0173) nuo 2 iki 4 valand\u0173 arba miego [&hellip;]<\/p>\n","protected":false},"featured_media":6834,"template":"","meta":{"site-sidebar-layout":"default","site-content-layout":"default","ast-site-content-layout":"default","site-content-style":"default","site-sidebar-style":"default","ast-global-header-display":"","ast-banner-title-visibility":"","ast-main-header-display":"","ast-hfb-above-header-display":"","ast-hfb-below-header-display":"","ast-hfb-mobile-header-display":"","site-post-title":"","ast-breadcrumbs-content":"","ast-featured-img":"","footer-sml-layout":"","ast-disable-related-posts":"","theme-transparent-header-meta":"default","adv-header-id-meta":"","stick-header-meta":"","header-above-stick-meta":"","header-main-stick-meta":"","header-below-stick-meta":"","astra-migrate-meta-layouts":"set","ast-page-background-enabled":"default","ast-page-background-meta":{"desktop":{"background-color":"var(--ast-global-color-4)","background-image":"","background-repeat":"repeat","background-position":"center center","background-size":"auto","background-attachment":"scroll","background-type":"","background-media":"","overlay-type":"","overlay-color":"","overlay-opacity":"","overlay-gradient":""},"tablet":{"background-color":"","background-image":"","background-repeat":"repeat","background-position":"center center","background-size":"auto","background-attachment":"scroll","background-type":"","background-media":"","overlay-type":"","overlay-color":"","overlay-opacity":"","overlay-gradient":""},"mobile":{"background-color":"","background-image":"","background-repeat":"repeat","background-position":"center center","background-size":"auto","background-attachment":"scroll","background-type":"","background-media":"","overlay-type":"","overlay-color":"","overlay-opacity":"","overlay-gradient":""}},"ast-content-background-meta":{"desktop":{"background-color":"var(--ast-global-color-5)","background-image":"","background-repeat":"repeat","background-position":"center center","background-size":"auto","background-attachment":"scroll","background-type":"","background-media":"","overlay-type":"","overlay-color":"","overlay-opacity":"","overlay-gradient":""},"tablet":{"background-color":"var(--ast-global-color-5)","background-image":"","background-repeat":"repeat","background-position":"center center","background-size":"auto","background-attachment":"scroll","background-type":"","background-media":"","overlay-type":"","overlay-color":"","overlay-opacity":"","overlay-gradient":""},"mobile":{"background-color":"var(--ast-global-color-5)","background-image":"","background-repeat":"repeat","background-position":"center center","background-size":"auto","background-attachment":"scroll","background-type":"","background-media":"","overlay-type":"","overlay-color":"","overlay-opacity":"","overlay-gradient":""}}},"product_brand":[],"product_cat":[71,108,107,22],"product_tag":[],"class_list":{"0":"post-6829","1":"product","2":"type-product","3":"status-publish","4":"has-post-thumbnail","6":"product_cat-burnos-prieziuros-priemones","7":"product_cat-dantu-balinimas-burnos-prieziuros-priemones","8":"product_cat-dantu-balinimas","9":"product_cat-odontologams","10":"desktop-align-center","11":"tablet-align-left","12":"mobile-align-left","14":"first","15":"outofstock","16":"shipping-taxable","17":"product-type-variable"},"_links":{"self":[{"href":"https:\/\/visiatsakymai.lt\/en\/wp-json\/wp\/v2\/product\/6829","targetHints":{"allow":["GET"]}}],"collection":[{"href":"https:\/\/visiatsakymai.lt\/en\/wp-json\/wp\/v2\/product"}],"about":[{"href":"https:\/\/visiatsakymai.lt\/en\/wp-json\/wp\/v2\/types\/product"}],"wp:featuredmedia":[{"embeddable":true,"href":"https:\/\/visiatsakymai.lt\/en\/wp-json\/wp\/v2\/media\/6834"}],"wp:attachment":[{"href":"https:\/\/visiatsakymai.lt\/en\/wp-json\/wp\/v2\/media?parent=6829"}],"wp:term":[{"taxonomy":"product_brand","embeddable":true,"href":"https:\/\/visiatsakymai.lt\/en\/wp-json\/wp\/v2\/product_brand?post=6829"},{"taxonomy":"product_cat","embeddable":true,"href":"https:\/\/visiatsakymai.lt\/en\/wp-json\/wp\/v2\/product_cat?post=6829"},{"taxonomy":"product_tag","embeddable":true,"href":"https:\/\/visiatsakymai.lt\/en\/wp-json\/wp\/v2\/product_tag?post=6829"}],"curies":[{"name":"wp","href":"https:\/\/api.w.org\/{rel}","templated":true}]}}