{"id":6821,"date":"2023-09-08T11:52:26","date_gmt":"2023-09-08T11:52:26","guid":{"rendered":"https:\/\/visiatsakymai.lt\/?post_type=product&#038;p=6821"},"modified":"2025-02-28T11:10:45","modified_gmt":"2025-02-28T11:10:45","slug":"algilock-cleaner-plus-alginato-valiklis","status":"publish","type":"product","link":"https:\/\/visiatsakymai.lt\/en\/product\/algilock-cleaner-plus-alginato-valiklis\/","title":{"rendered":"Algilock\u00ae Cleaner Plus alginate cleaner 1000 g"},"content":{"rendered":"<p class=\"cvGsUA direction-ltr align-center para-style-body\"><span class=\"OYPEnA text-decoration-none text-strikethrough-none\">Alginate cleaner<\/span><\/p>\n<p class=\"cvGsUA direction-ltr align-center para-style-body\"><span class=\"OYPEnA text-decoration-none text-strikethrough-none\">Cleansing in a submerged bath. No mechanical impact, no ultrasound, no scratching. It destroys the organic structure of the impression material, does not cause an aggressive effect, does not cause corrosion. Without phosphates, pleasant smell. Sufficient for about 500 tubs. Easily removes alginate from spoons, instruments and spatulas. Simply add 50g to a liter of warm water and leave for around 15-30 minutes. Can also be used in an ultrasound machine.<br \/>\n<\/span><\/p>\n<p>1000 gr<\/p>","protected":false},"excerpt":{"rendered":"<p>Alginato valiklis Valymas panardinamoje vonel\u0117je. Be mechaninio poveikio, be ultragarso, be brai\u017eymo. Ardo atspaudin\u0117s med\u017eiagos organin\u0119 strukt\u016br\u0105, nesukelia agresyvaus poveikio, nedaro korozijos. Be fosfat\u0173, malonus kvapas. U\u017etenka Ma\u017edaug 500 voneli\u0173. Lengvai pa\u0161alina alginatus nuo \u0161auk\u0161t\u0173, instrument\u0173 ir menteli\u0173. Tiesiog \u012fpilkite 50 g \u012f litr\u0105 \u0161ilto vandens ir palikite ma\u017edaug 15-30 minu\u010di\u0173. Taip pat gali b\u016bti [&hellip;]<\/p>\n","protected":false},"featured_media":6822,"template":"","meta":{"site-sidebar-layout":"default","site-content-layout":"default","ast-site-content-layout":"default","site-content-style":"default","site-sidebar-style":"default","ast-global-header-display":"","ast-banner-title-visibility":"","ast-main-header-display":"","ast-hfb-above-header-display":"","ast-hfb-below-header-display":"","ast-hfb-mobile-header-display":"","site-post-title":"","ast-breadcrumbs-content":"","ast-featured-img":"","footer-sml-layout":"","ast-disable-related-posts":"","theme-transparent-header-meta":"default","adv-header-id-meta":"","stick-header-meta":"","header-above-stick-meta":"","header-main-stick-meta":"","header-below-stick-meta":"","astra-migrate-meta-layouts":"set","ast-page-background-enabled":"default","ast-page-background-meta":{"desktop":{"background-color":"var(--ast-global-color-4)","background-image":"","background-repeat":"repeat","background-position":"center center","background-size":"auto","background-attachment":"scroll","background-type":"","background-media":"","overlay-type":"","overlay-color":"","overlay-opacity":"","overlay-gradient":""},"tablet":{"background-color":"","background-image":"","background-repeat":"repeat","background-position":"center center","background-size":"auto","background-attachment":"scroll","background-type":"","background-media":"","overlay-type":"","overlay-color":"","overlay-opacity":"","overlay-gradient":""},"mobile":{"background-color":"","background-image":"","background-repeat":"repeat","background-position":"center center","background-size":"auto","background-attachment":"scroll","background-type":"","background-media":"","overlay-type":"","overlay-color":"","overlay-opacity":"","overlay-gradient":""}},"ast-content-background-meta":{"desktop":{"background-color":"var(--ast-global-color-5)","background-image":"","background-repeat":"repeat","background-position":"center center","background-size":"auto","background-attachment":"scroll","background-type":"","background-media":"","overlay-type":"","overlay-color":"","overlay-opacity":"","overlay-gradient":""},"tablet":{"background-color":"var(--ast-global-color-5)","background-image":"","background-repeat":"repeat","background-position":"center center","background-size":"auto","background-attachment":"scroll","background-type":"","background-media":"","overlay-type":"","overlay-color":"","overlay-opacity":"","overlay-gradient":""},"mobile":{"background-color":"var(--ast-global-color-5)","background-image":"","background-repeat":"repeat","background-position":"center center","background-size":"auto","background-attachment":"scroll","background-type":"","background-media":"","overlay-type":"","overlay-color":"","overlay-opacity":"","overlay-gradient":""}}},"product_brand":[],"product_cat":[59,78,22,93],"product_tag":[],"class_list":{"0":"post-6821","1":"product","2":"type-product","3":"status-publish","4":"has-post-thumbnail","6":"product_cat-alginatines-ir-silikonines-mases","7":"product_cat-hager-werken","8":"product_cat-odontologams","9":"product_cat-papildomos-prekes-odontologams","10":"desktop-align-center","11":"tablet-align-left","12":"mobile-align-left","14":"first","15":"instock","16":"shipping-taxable","17":"product-type-simple"},"_links":{"self":[{"href":"https:\/\/visiatsakymai.lt\/en\/wp-json\/wp\/v2\/product\/6821","targetHints":{"allow":["GET"]}}],"collection":[{"href":"https:\/\/visiatsakymai.lt\/en\/wp-json\/wp\/v2\/product"}],"about":[{"href":"https:\/\/visiatsakymai.lt\/en\/wp-json\/wp\/v2\/types\/product"}],"wp:featuredmedia":[{"embeddable":true,"href":"https:\/\/visiatsakymai.lt\/en\/wp-json\/wp\/v2\/media\/6822"}],"wp:attachment":[{"href":"https:\/\/visiatsakymai.lt\/en\/wp-json\/wp\/v2\/media?parent=6821"}],"wp:term":[{"taxonomy":"product_brand","embeddable":true,"href":"https:\/\/visiatsakymai.lt\/en\/wp-json\/wp\/v2\/product_brand?post=6821"},{"taxonomy":"product_cat","embeddable":true,"href":"https:\/\/visiatsakymai.lt\/en\/wp-json\/wp\/v2\/product_cat?post=6821"},{"taxonomy":"product_tag","embeddable":true,"href":"https:\/\/visiatsakymai.lt\/en\/wp-json\/wp\/v2\/product_tag?post=6821"}],"curies":[{"name":"wp","href":"https:\/\/api.w.org\/{rel}","templated":true}]}}