{"id":6818,"date":"2023-09-05T07:25:22","date_gmt":"2023-09-05T07:25:22","guid":{"rendered":"https:\/\/visiatsakymai.lt\/?post_type=product&#038;p=6818"},"modified":"2024-04-18T07:27:59","modified_gmt":"2024-04-18T07:27:59","slug":"nsk-flash-pearl-valymo-milteliai-soda-300-g","status":"publish","type":"product","link":"https:\/\/visiatsakymai.lt\/en\/product\/nsk-flash-pearl-valymo-milteliai-soda-300-g\/","title":{"rendered":"NSK Flash-Pearl cleaning powder-soda 300 g"},"content":{"rendered":"<p>FLASH Pearl pearl powder for removing plaque for NSK soda machines <a href=\"https:\/\/www.gristoma.lt\/?s=prophy\" target=\"_blank\" rel=\"noopener\"><span style=\"color: #000000;\">Prophy-Mate NEO<\/span><\/a><span style=\"color: #000000;\">, i.e<\/span>ra small and spherical in shape. They are smaller and rounder than sodium bicarbonate powder. Spherical and smaller particles result in better access to hard-to-reach spaces, greater surface contact and more effective plaque removal. A wider working angle also ensures safer treatment and less painful procedures. Particle size 50-70 \u03bcm.<\/p>\n<p>300 gr<\/p>","protected":false},"excerpt":{"rendered":"<p>FLASH Pearl perlo milteliai apna\u0161\u0173 \u0161alinimui, skirti NSK sodap\u016btei Prophy-Mate NEO, yra ma\u017ei ir sferin\u0117s formos. Jie yra ma\u017eesni ir apvalesni, negu natrio bikarbonato milteliai. Sferini\u0173 ir ma\u017eesni\u0173 daleli\u0173 rezultatas \u2013 geresnis sunkiai pasiekiam\u0173 tarpeli\u0173 prieinamumas, didesnis kontaktas su pavir\u0161iumi ir efektyvesnis apna\u0161\u0173 pa\u0161alinimas. Platesnis darbinis kampas taip pat u\u017etikrina saugesn\u012f gydym\u0105 ir ma\u017eiau skausmingas [&hellip;]<\/p>\n","protected":false},"featured_media":6819,"template":"","meta":{"site-sidebar-layout":"default","site-content-layout":"default","ast-site-content-layout":"default","site-content-style":"default","site-sidebar-style":"default","ast-global-header-display":"","ast-banner-title-visibility":"","ast-main-header-display":"","ast-hfb-above-header-display":"","ast-hfb-below-header-display":"","ast-hfb-mobile-header-display":"","site-post-title":"","ast-breadcrumbs-content":"","ast-featured-img":"","footer-sml-layout":"","ast-disable-related-posts":"","theme-transparent-header-meta":"default","adv-header-id-meta":"","stick-header-meta":"","header-above-stick-meta":"","header-main-stick-meta":"","header-below-stick-meta":"","astra-migrate-meta-layouts":"default","ast-page-background-enabled":"default","ast-page-background-meta":{"desktop":{"background-color":"var(--ast-global-color-4)","background-image":"","background-repeat":"repeat","background-position":"center center","background-size":"auto","background-attachment":"scroll","background-type":"","background-media":"","overlay-type":"","overlay-color":"","overlay-opacity":"","overlay-gradient":""},"tablet":{"background-color":"","background-image":"","background-repeat":"repeat","background-position":"center center","background-size":"auto","background-attachment":"scroll","background-type":"","background-media":"","overlay-type":"","overlay-color":"","overlay-opacity":"","overlay-gradient":""},"mobile":{"background-color":"","background-image":"","background-repeat":"repeat","background-position":"center center","background-size":"auto","background-attachment":"scroll","background-type":"","background-media":"","overlay-type":"","overlay-color":"","overlay-opacity":"","overlay-gradient":""}},"ast-content-background-meta":{"desktop":{"background-color":"var(--ast-global-color-5)","background-image":"","background-repeat":"repeat","background-position":"center center","background-size":"auto","background-attachment":"scroll","background-type":"","background-media":"","overlay-type":"","overlay-color":"","overlay-opacity":"","overlay-gradient":""},"tablet":{"background-color":"var(--ast-global-color-5)","background-image":"","background-repeat":"repeat","background-position":"center center","background-size":"auto","background-attachment":"scroll","background-type":"","background-media":"","overlay-type":"","overlay-color":"","overlay-opacity":"","overlay-gradient":""},"mobile":{"background-color":"var(--ast-global-color-5)","background-image":"","background-repeat":"repeat","background-position":"center center","background-size":"auto","background-attachment":"scroll","background-type":"","background-media":"","overlay-type":"","overlay-color":"","overlay-opacity":"","overlay-gradient":""}}},"product_brand":[],"product_cat":[84,97],"product_tag":[],"class_list":{"0":"post-6818","1":"product","2":"type-product","3":"status-publish","4":"has-post-thumbnail","6":"product_cat-burnos-higienistams","7":"product_cat-milteliai-sodaputems","8":"desktop-align-center","9":"tablet-align-left","10":"mobile-align-left","12":"first","13":"instock","14":"shipping-taxable","15":"product-type-simple"},"_links":{"self":[{"href":"https:\/\/visiatsakymai.lt\/en\/wp-json\/wp\/v2\/product\/6818","targetHints":{"allow":["GET"]}}],"collection":[{"href":"https:\/\/visiatsakymai.lt\/en\/wp-json\/wp\/v2\/product"}],"about":[{"href":"https:\/\/visiatsakymai.lt\/en\/wp-json\/wp\/v2\/types\/product"}],"wp:featuredmedia":[{"embeddable":true,"href":"https:\/\/visiatsakymai.lt\/en\/wp-json\/wp\/v2\/media\/6819"}],"wp:attachment":[{"href":"https:\/\/visiatsakymai.lt\/en\/wp-json\/wp\/v2\/media?parent=6818"}],"wp:term":[{"taxonomy":"product_brand","embeddable":true,"href":"https:\/\/visiatsakymai.lt\/en\/wp-json\/wp\/v2\/product_brand?post=6818"},{"taxonomy":"product_cat","embeddable":true,"href":"https:\/\/visiatsakymai.lt\/en\/wp-json\/wp\/v2\/product_cat?post=6818"},{"taxonomy":"product_tag","embeddable":true,"href":"https:\/\/visiatsakymai.lt\/en\/wp-json\/wp\/v2\/product_tag?post=6818"}],"curies":[{"name":"wp","href":"https:\/\/api.w.org\/{rel}","templated":true}]}}