{"id":6780,"date":"2023-08-11T09:26:48","date_gmt":"2023-08-11T09:26:48","guid":{"rendered":"https:\/\/visiatsakymai.lt\/?post_type=product&#038;p=6780"},"modified":"2023-08-11T09:26:48","modified_gmt":"2023-08-11T09:26:48","slug":"swissdent-gentle-balinamoji-dantu-pasta-50-ml","status":"publish","type":"product","link":"https:\/\/visiatsakymai.lt\/en\/product\/swissdent-gentle-balinamoji-dantu-pasta-50-ml\/","title":{"rendered":"Swissdent Gentle whitening toothpaste (50 ml)"},"content":{"rendered":"<p>SWISSDENT GENTLE is an extremely gentle whitening toothpaste designed for cleaning sensitive teeth with not too many pigment spots. The extremely low RDA of 25 (Relative Abrasiveness Index) ensures that the teeth will be cleaned with almost no scrubbing. Due to its extremely low abrasiveness, it is suitable for use after restorative dental treatment, such as the placement of crowns or veneers.<\/p>\n<p><strong>Properties<\/strong><\/p>\n<p>\u2022 Patented SWISSDENT formula: micronized calcium peroxide &lt;0.1%. and fruit enzymes (papain and bromelain) gently remove tartar, while gentle polishing agents ensure a perfect whitening result. Teeth that have lost their color due to coffee, tea or tobacco become lighter.<\/p>\n<p>\u2022 1180 ppm fluoride protects against caries.<\/p>\n<p>\u2022 Added coenzyme Q10 and vitamin E for healthy gums.<\/p>\n<p>\u2022 Without SLS (sodium lauryl sulfate is a foaming agent and can cause canker sores).<\/p>\n<p>50 ml<\/p>","protected":false},"excerpt":{"rendered":"<p>SWISSDENT GENTLE yra itin \u0161velni balinamoji dant\u0173 pasta skirta jautriems, ne per daug pigmentini\u0173 d\u0117mi\u0173 turintiems dantims valyti. Itin ma\u017eas, 25 RDA (santykinis abrazyvumo \u017eymuo) u\u017etikrina, kad dantys bus valomi beveik j\u0173 ne\u0161vei\u010diant. D\u0117l itin \u017eemo abrazyvumo tinka naudoti po atstatomojo odontologinio gydymo, pavyzd\u017eiui, kar\u016bn\u0117li\u0173 ar apvalkal\u0173 u\u017ed\u0117jimo. Savyb\u0117s \u2022 Patentuota SWISSDENT formul\u0117: mikronizuotas kalcio [&hellip;]<\/p>\n","protected":false},"featured_media":6781,"template":"","meta":{"site-sidebar-layout":"default","site-content-layout":"default","ast-site-content-layout":"default","site-content-style":"default","site-sidebar-style":"default","ast-global-header-display":"","ast-banner-title-visibility":"","ast-main-header-display":"","ast-hfb-above-header-display":"","ast-hfb-below-header-display":"","ast-hfb-mobile-header-display":"","site-post-title":"","ast-breadcrumbs-content":"","ast-featured-img":"","footer-sml-layout":"","ast-disable-related-posts":"","theme-transparent-header-meta":"default","adv-header-id-meta":"","stick-header-meta":"","header-above-stick-meta":"","header-main-stick-meta":"","header-below-stick-meta":"","astra-migrate-meta-layouts":"default","ast-page-background-enabled":"default","ast-page-background-meta":{"desktop":{"background-color":"var(--ast-global-color-4)","background-image":"","background-repeat":"repeat","background-position":"center center","background-size":"auto","background-attachment":"scroll","background-type":"","background-media":"","overlay-type":"","overlay-color":"","overlay-opacity":"","overlay-gradient":""},"tablet":{"background-color":"","background-image":"","background-repeat":"repeat","background-position":"center center","background-size":"auto","background-attachment":"scroll","background-type":"","background-media":"","overlay-type":"","overlay-color":"","overlay-opacity":"","overlay-gradient":""},"mobile":{"background-color":"","background-image":"","background-repeat":"repeat","background-position":"center center","background-size":"auto","background-attachment":"scroll","background-type":"","background-media":"","overlay-type":"","overlay-color":"","overlay-opacity":"","overlay-gradient":""}},"ast-content-background-meta":{"desktop":{"background-color":"var(--ast-global-color-5)","background-image":"","background-repeat":"repeat","background-position":"center center","background-size":"auto","background-attachment":"scroll","background-type":"","background-media":"","overlay-type":"","overlay-color":"","overlay-opacity":"","overlay-gradient":""},"tablet":{"background-color":"var(--ast-global-color-5)","background-image":"","background-repeat":"repeat","background-position":"center center","background-size":"auto","background-attachment":"scroll","background-type":"","background-media":"","overlay-type":"","overlay-color":"","overlay-opacity":"","overlay-gradient":""},"mobile":{"background-color":"var(--ast-global-color-5)","background-image":"","background-repeat":"repeat","background-position":"center center","background-size":"auto","background-attachment":"scroll","background-type":"","background-media":"","overlay-type":"","overlay-color":"","overlay-opacity":"","overlay-gradient":""}}},"product_brand":[],"product_cat":[71,108,107,76,22],"product_tag":[],"class_list":{"0":"post-6780","1":"product","2":"type-product","3":"status-publish","4":"has-post-thumbnail","6":"product_cat-burnos-prieziuros-priemones","7":"product_cat-dantu-balinimas-burnos-prieziuros-priemones","8":"product_cat-dantu-balinimas","9":"product_cat-dantu-pastos","10":"product_cat-odontologams","11":"desktop-align-center","12":"tablet-align-left","13":"mobile-align-left","15":"first","16":"instock","17":"shipping-taxable","18":"product-type-simple"},"_links":{"self":[{"href":"https:\/\/visiatsakymai.lt\/en\/wp-json\/wp\/v2\/product\/6780","targetHints":{"allow":["GET"]}}],"collection":[{"href":"https:\/\/visiatsakymai.lt\/en\/wp-json\/wp\/v2\/product"}],"about":[{"href":"https:\/\/visiatsakymai.lt\/en\/wp-json\/wp\/v2\/types\/product"}],"wp:featuredmedia":[{"embeddable":true,"href":"https:\/\/visiatsakymai.lt\/en\/wp-json\/wp\/v2\/media\/6781"}],"wp:attachment":[{"href":"https:\/\/visiatsakymai.lt\/en\/wp-json\/wp\/v2\/media?parent=6780"}],"wp:term":[{"taxonomy":"product_brand","embeddable":true,"href":"https:\/\/visiatsakymai.lt\/en\/wp-json\/wp\/v2\/product_brand?post=6780"},{"taxonomy":"product_cat","embeddable":true,"href":"https:\/\/visiatsakymai.lt\/en\/wp-json\/wp\/v2\/product_cat?post=6780"},{"taxonomy":"product_tag","embeddable":true,"href":"https:\/\/visiatsakymai.lt\/en\/wp-json\/wp\/v2\/product_tag?post=6780"}],"curies":[{"name":"wp","href":"https:\/\/api.w.org\/{rel}","templated":true}]}}