{"id":6778,"date":"2023-08-11T09:24:11","date_gmt":"2023-08-11T09:24:11","guid":{"rendered":"https:\/\/visiatsakymai.lt\/?post_type=product&#038;p=6778"},"modified":"2023-08-11T09:24:11","modified_gmt":"2023-08-11T09:24:11","slug":"swissdent-extreme-balinamoji-dantu-pasta-50-ml","status":"publish","type":"product","link":"https:\/\/visiatsakymai.lt\/en\/product\/swissdent-extreme-balinamoji-dantu-pasta-50-ml\/","title":{"rendered":"Swissdent Extreme whitening toothpaste (50 ml)"},"content":{"rendered":"<p>Bleaching paste for daily use EXTREME is designed to remove severe discoloration of teeth 50ml. Perfect for smokers. Effective whitening effect thanks to micronized calcium peroxide that cleans teeth with natural enzymes and low abrasiveness (RDA = 40). For healthy gums, the composition includes coenzyme Q10 and vit.E. Sodium bicarbonate neutralizes acids that can cause tooth decay and improves cleaning. Contains sodium monofluorophosphate (1180ppmF).<\/p>\n<p><strong>Features:<\/strong><\/p>\n<ul>\n<li>Patented SWISSDENT formula: micronized calcium peroxide &lt;0.1%. and fruit enzymes (papain and bromelain) gently remove tartar, while gentle polishing agents ensure a perfect whitening result.<\/li>\n<li>Teeth that have lost their color due to coffee, tea or tobacco become lighter.<\/li>\n<li>1180 ppm fluoride protects against tooth decay.<\/li>\n<li>Added coenzyme Q10 and vitamin E for healthy gums.<\/li>\n<li>Sodium bicarbonate neutralizes acids that can cause tooth decay.<\/li>\n<li>Without SLS (sodium lauryl sulfate is a foaming agent and can cause canker sores).<\/li>\n<\/ul>\n<p>50 ml<\/p>","protected":false},"excerpt":{"rendered":"<p>Balinamoji pasta kasdieniniam naudojimui EXTREME skirta \u0161alinti stiprius dant\u0173 spalvos pakitimus 50ml. Puikiai tinka r\u016bkantiems. Veiksmingas balinamasis efektas d\u0117ka mikronizuoto kalcio peroksido valo dantis su nat\u016braliais enzymais bei ma\u017eu abrazyvumu (RDA =40). Kad dantenos b\u016bt\u0173 sveikos, \u012f sud\u0117t\u012f \u012feina kofermentas Q10 ir vit.E. Natrio bikarbonatas neutralizuoja r\u016bg\u0161tis galin\u010dias sukelti dant\u0173 \u0117duon\u012f bei gerina i\u0161sivalym\u0105. Sudetyje [&hellip;]<\/p>\n","protected":false},"featured_media":6779,"template":"","meta":{"site-sidebar-layout":"default","site-content-layout":"default","ast-site-content-layout":"default","site-content-style":"default","site-sidebar-style":"default","ast-global-header-display":"","ast-banner-title-visibility":"","ast-main-header-display":"","ast-hfb-above-header-display":"","ast-hfb-below-header-display":"","ast-hfb-mobile-header-display":"","site-post-title":"","ast-breadcrumbs-content":"","ast-featured-img":"","footer-sml-layout":"","ast-disable-related-posts":"","theme-transparent-header-meta":"default","adv-header-id-meta":"","stick-header-meta":"","header-above-stick-meta":"","header-main-stick-meta":"","header-below-stick-meta":"","astra-migrate-meta-layouts":"default","ast-page-background-enabled":"default","ast-page-background-meta":{"desktop":{"background-color":"var(--ast-global-color-4)","background-image":"","background-repeat":"repeat","background-position":"center center","background-size":"auto","background-attachment":"scroll","background-type":"","background-media":"","overlay-type":"","overlay-color":"","overlay-opacity":"","overlay-gradient":""},"tablet":{"background-color":"","background-image":"","background-repeat":"repeat","background-position":"center center","background-size":"auto","background-attachment":"scroll","background-type":"","background-media":"","overlay-type":"","overlay-color":"","overlay-opacity":"","overlay-gradient":""},"mobile":{"background-color":"","background-image":"","background-repeat":"repeat","background-position":"center center","background-size":"auto","background-attachment":"scroll","background-type":"","background-media":"","overlay-type":"","overlay-color":"","overlay-opacity":"","overlay-gradient":""}},"ast-content-background-meta":{"desktop":{"background-color":"var(--ast-global-color-5)","background-image":"","background-repeat":"repeat","background-position":"center center","background-size":"auto","background-attachment":"scroll","background-type":"","background-media":"","overlay-type":"","overlay-color":"","overlay-opacity":"","overlay-gradient":""},"tablet":{"background-color":"var(--ast-global-color-5)","background-image":"","background-repeat":"repeat","background-position":"center center","background-size":"auto","background-attachment":"scroll","background-type":"","background-media":"","overlay-type":"","overlay-color":"","overlay-opacity":"","overlay-gradient":""},"mobile":{"background-color":"var(--ast-global-color-5)","background-image":"","background-repeat":"repeat","background-position":"center center","background-size":"auto","background-attachment":"scroll","background-type":"","background-media":"","overlay-type":"","overlay-color":"","overlay-opacity":"","overlay-gradient":""}}},"product_brand":[],"product_cat":[71,108,107,76,22],"product_tag":[],"class_list":{"0":"post-6778","1":"product","2":"type-product","3":"status-publish","4":"has-post-thumbnail","6":"product_cat-burnos-prieziuros-priemones","7":"product_cat-dantu-balinimas-burnos-prieziuros-priemones","8":"product_cat-dantu-balinimas","9":"product_cat-dantu-pastos","10":"product_cat-odontologams","11":"desktop-align-center","12":"tablet-align-left","13":"mobile-align-left","15":"first","16":"instock","17":"shipping-taxable","18":"product-type-simple"},"_links":{"self":[{"href":"https:\/\/visiatsakymai.lt\/en\/wp-json\/wp\/v2\/product\/6778","targetHints":{"allow":["GET"]}}],"collection":[{"href":"https:\/\/visiatsakymai.lt\/en\/wp-json\/wp\/v2\/product"}],"about":[{"href":"https:\/\/visiatsakymai.lt\/en\/wp-json\/wp\/v2\/types\/product"}],"wp:featuredmedia":[{"embeddable":true,"href":"https:\/\/visiatsakymai.lt\/en\/wp-json\/wp\/v2\/media\/6779"}],"wp:attachment":[{"href":"https:\/\/visiatsakymai.lt\/en\/wp-json\/wp\/v2\/media?parent=6778"}],"wp:term":[{"taxonomy":"product_brand","embeddable":true,"href":"https:\/\/visiatsakymai.lt\/en\/wp-json\/wp\/v2\/product_brand?post=6778"},{"taxonomy":"product_cat","embeddable":true,"href":"https:\/\/visiatsakymai.lt\/en\/wp-json\/wp\/v2\/product_cat?post=6778"},{"taxonomy":"product_tag","embeddable":true,"href":"https:\/\/visiatsakymai.lt\/en\/wp-json\/wp\/v2\/product_tag?post=6778"}],"curies":[{"name":"wp","href":"https:\/\/api.w.org\/{rel}","templated":true}]}}