{"id":6748,"date":"2023-08-09T06:39:17","date_gmt":"2023-08-09T06:39:17","guid":{"rendered":"https:\/\/visiatsakymai.lt\/?post_type=product&#038;p=6748"},"modified":"2025-10-22T13:17:59","modified_gmt":"2025-10-22T13:17:59","slug":"ultradent-opalescence-boost-kabinetinis-dantu-balinimas-40","status":"publish","type":"product","link":"https:\/\/visiatsakymai.lt\/en\/product\/ultradent-opalescence-boost-kabinetinis-dantu-balinimas-40\/","title":{"rendered":"Ultradent Opalescence Boost in-office teeth whitening 40%"},"content":{"rendered":"<p>Opalescence Boost is a chemically activated gel that brightens and whitens teeth. The powerful 40% hydrogen peroxide gel is chemically activated and does not require light. Using a unique dual-syringe configuration, the 40% hydrogen peroxide formula is activated before use, ensuring that each dose of Opalescence Boost whitening is fresh and effective. The thicker formula prevents the gel from running. Opalescence teeth whitening gel contains potassium nitrate and fluoride.<\/p>\n<p>The kit is intended for 1 patient.<\/p>\n<p>Bleach 2 x 1.2 ml;<\/p>\n<p>#whitening #teethwhitening #teethwhitening<\/p>","protected":false},"excerpt":{"rendered":"<p>Opalescence Boost yra chemi\u0161kai aktyvuotas gelis, pa\u0161viesinantis ir i\u0161balinanantis dantis. Galingas 40% vandenilio peroksido gelis yra chemi\u0161kai aktyvuojamas, jam nereikia \u0161viesos. Naudojant unikali\u0105 dvigubo \u0161virk\u0161to konfig\u016bracij\u0105, prie\u0161 naudojim\u0105 suaktyvinama 40% vandenilio peroksido formul\u0117 ir taip u\u017etikrinama, kad kiekviena balinimo Opalescence Boost doz\u0117 b\u016bt\u0173 \u0161vie\u017eia ir veiksminga. Tir\u0161tesn\u0117 formul\u0117 neleid\u017eia geliui nub\u0117gti. Opalescence dant\u0173 balinimo gelyje [&hellip;]<\/p>\n","protected":false},"featured_media":6749,"template":"","meta":{"site-sidebar-layout":"default","site-content-layout":"default","ast-site-content-layout":"default","site-content-style":"default","site-sidebar-style":"default","ast-global-header-display":"","ast-banner-title-visibility":"","ast-main-header-display":"","ast-hfb-above-header-display":"","ast-hfb-below-header-display":"","ast-hfb-mobile-header-display":"","site-post-title":"","ast-breadcrumbs-content":"","ast-featured-img":"","footer-sml-layout":"","ast-disable-related-posts":"","theme-transparent-header-meta":"default","adv-header-id-meta":"","stick-header-meta":"","header-above-stick-meta":"","header-main-stick-meta":"","header-below-stick-meta":"","astra-migrate-meta-layouts":"set","ast-page-background-enabled":"default","ast-page-background-meta":{"desktop":{"background-color":"var(--ast-global-color-4)","background-image":"","background-repeat":"repeat","background-position":"center center","background-size":"auto","background-attachment":"scroll","background-type":"","background-media":"","overlay-type":"","overlay-color":"","overlay-opacity":"","overlay-gradient":""},"tablet":{"background-color":"","background-image":"","background-repeat":"repeat","background-position":"center center","background-size":"auto","background-attachment":"scroll","background-type":"","background-media":"","overlay-type":"","overlay-color":"","overlay-opacity":"","overlay-gradient":""},"mobile":{"background-color":"","background-image":"","background-repeat":"repeat","background-position":"center center","background-size":"auto","background-attachment":"scroll","background-type":"","background-media":"","overlay-type":"","overlay-color":"","overlay-opacity":"","overlay-gradient":""}},"ast-content-background-meta":{"desktop":{"background-color":"var(--ast-global-color-5)","background-image":"","background-repeat":"repeat","background-position":"center center","background-size":"auto","background-attachment":"scroll","background-type":"","background-media":"","overlay-type":"","overlay-color":"","overlay-opacity":"","overlay-gradient":""},"tablet":{"background-color":"var(--ast-global-color-5)","background-image":"","background-repeat":"repeat","background-position":"center center","background-size":"auto","background-attachment":"scroll","background-type":"","background-media":"","overlay-type":"","overlay-color":"","overlay-opacity":"","overlay-gradient":""},"mobile":{"background-color":"var(--ast-global-color-5)","background-image":"","background-repeat":"repeat","background-position":"center center","background-size":"auto","background-attachment":"scroll","background-type":"","background-media":"","overlay-type":"","overlay-color":"","overlay-opacity":"","overlay-gradient":""}}},"product_brand":[],"product_cat":[107,22],"product_tag":[],"class_list":{"0":"post-6748","1":"product","2":"type-product","3":"status-publish","4":"has-post-thumbnail","6":"product_cat-dantu-balinimas","7":"product_cat-odontologams","8":"desktop-align-center","9":"tablet-align-left","10":"mobile-align-left","12":"first","13":"instock","14":"shipping-taxable","15":"product-type-simple"},"_links":{"self":[{"href":"https:\/\/visiatsakymai.lt\/en\/wp-json\/wp\/v2\/product\/6748","targetHints":{"allow":["GET"]}}],"collection":[{"href":"https:\/\/visiatsakymai.lt\/en\/wp-json\/wp\/v2\/product"}],"about":[{"href":"https:\/\/visiatsakymai.lt\/en\/wp-json\/wp\/v2\/types\/product"}],"wp:featuredmedia":[{"embeddable":true,"href":"https:\/\/visiatsakymai.lt\/en\/wp-json\/wp\/v2\/media\/6749"}],"wp:attachment":[{"href":"https:\/\/visiatsakymai.lt\/en\/wp-json\/wp\/v2\/media?parent=6748"}],"wp:term":[{"taxonomy":"product_brand","embeddable":true,"href":"https:\/\/visiatsakymai.lt\/en\/wp-json\/wp\/v2\/product_brand?post=6748"},{"taxonomy":"product_cat","embeddable":true,"href":"https:\/\/visiatsakymai.lt\/en\/wp-json\/wp\/v2\/product_cat?post=6748"},{"taxonomy":"product_tag","embeddable":true,"href":"https:\/\/visiatsakymai.lt\/en\/wp-json\/wp\/v2\/product_tag?post=6748"}],"curies":[{"name":"wp","href":"https:\/\/api.w.org\/{rel}","templated":true}]}}