{"id":6708,"date":"2023-08-01T08:52:48","date_gmt":"2023-08-01T08:52:48","guid":{"rendered":"https:\/\/visiatsakymai.lt\/?post_type=product&#038;p=6708"},"modified":"2023-08-09T07:28:20","modified_gmt":"2023-08-09T07:28:20","slug":"blancone-duetto-dantu-pastu-rinkinys-skirtas-dantu-prieziurai-ir-dantu-balinimui-2x75ml","status":"publish","type":"product","link":"https:\/\/visiatsakymai.lt\/en\/product\/blancone-duetto-dantu-pastu-rinkinys-skirtas-dantu-prieziurai-ir-dantu-balinimui-2x75ml\/","title":{"rendered":"BlancOne Duetto toothpaste set for dental care and teeth whitening 2x75ml"},"content":{"rendered":"<p class=\"_04xlpA direction-ltr align-start para-style-body\"><span class=\"WdYUQQ text-decoration-none text-strikethrough-none\">BlancOne Duetto&quot; toothpaste set is designed for teeth whitening (ACTIVE) and tooth care (CARE). It is a 2-phase home whitening system consisting of alternating toothpastes: ACTIVE in the morning, CARE in the evening.<\/span><\/p>\n<p class=\"_04xlpA direction-ltr align-start para-style-body\"><span class=\"WdYUQQ text-decoration-none text-strikethrough-none\">Toothpastes help gently remove plaque and stains, nourish and protect gums and strengthen enamel.<\/span><\/p>\n<p class=\"_04xlpA direction-ltr align-start para-style-body\"><strong><span class=\"WdYUQQ text-decoration-none text-strikethrough-none\">\u201e&quot;\u201e<\/span><span class=\"WdYUQQ text-decoration-none text-strikethrough-none\">BlancOne Duetto ACTIVE\u201d <\/span><\/strong><span class=\"WdYUQQ text-decoration-none text-strikethrough-none\">intensively bleaches.<\/span><\/p>\n<p class=\"_04xlpA direction-ltr align-start para-style-body\"><span class=\"WdYUQQ text-decoration-none text-strikethrough-none\">Intensive whitening occurs due to the triple action of the components:<\/span><\/p>\n<ul>\n<li><span class=\"WdYUQQ text-decoration-none text-strikethrough-none\">Enzymes - dissolve plaque,<\/span><\/li>\n<li><span class=\"WdYUQQ text-decoration-none text-strikethrough-none\">Whitening additives - removes surface stains,<\/span><\/li>\n<li><span class=\"WdYUQQ text-decoration-none text-strikethrough-none\">Peroxide crystals - release oxygen for deeper whitening.\u00a0\u00a0\u00a0\u00a0\u00a0<\/span><span class=\"WdYUQQ text-decoration-none text-strikethrough-none\"><br \/>\n<\/span><\/li>\n<\/ul>\n<p><strong>Do not use when whitening your teeth at home or immediately after home or office whitening.<\/strong><\/p>\n<p class=\"_04xlpA direction-ltr align-start para-style-body\"><strong><span class=\"WdYUQQ text-decoration-none text-strikethrough-none\">BlancOne Duetto CARE<\/span><\/strong><span class=\"WdYUQQ text-decoration-none text-strikethrough-none\"> tooth and gum serum.<\/span><\/p>\n<ul>\n<li><span class=\"WdYUQQ text-decoration-none text-strikethrough-none\">The complex of natural and active components guarantees antibacterial and antioxidant action, provides vitamins, remineralizes enamel, while removing stains and gently polishing.<\/span><\/li>\n<\/ul>\n<p><strong>Especially suitable for use during home whitening or after official whitening.<\/strong><\/p>\n<p class=\"_04xlpA direction-ltr align-justify para-style-body\"><span class=\"WdYUQQ text-decoration-none text-strikethrough-none\">2 x 75 ml<\/span><\/p>\n<p>#whitening #teethwhitening #teethwhitening<\/p>","protected":false},"excerpt":{"rendered":"<p>BlancOne Duetto&#8221; dant\u0173 past\u0173 rinkinys skirtas dant\u0173 balinimui (ACTIVE) ir dant\u0173 prie\u017ei\u016brai (CARE). Tai 2 fazi\u0173 naminio balinimo sistema, sudaryta i\u0161 pakaitomis naudojam\u0173 dant\u0173 past\u0173: ACTIVE &#8211; ryte, CARE &#8211; vakare. Dant\u0173 pastos padeda \u0161velniai pa\u0161alinant apna\u0161as ir d\u0117mes, pamaitina ir apsaugo dantenas bei sustiprina emal\u012f. &#8222;BlancOne Duetto ACTIVE&#8221; intesyviai balina. Intensyvus balinimas vyksta d\u0117l [&hellip;]<\/p>\n","protected":false},"featured_media":6709,"template":"","meta":{"site-sidebar-layout":"default","site-content-layout":"default","ast-site-content-layout":"default","site-content-style":"default","site-sidebar-style":"default","ast-global-header-display":"","ast-banner-title-visibility":"","ast-main-header-display":"","ast-hfb-above-header-display":"","ast-hfb-below-header-display":"","ast-hfb-mobile-header-display":"","site-post-title":"","ast-breadcrumbs-content":"","ast-featured-img":"","footer-sml-layout":"","ast-disable-related-posts":"","theme-transparent-header-meta":"default","adv-header-id-meta":"","stick-header-meta":"","header-above-stick-meta":"","header-main-stick-meta":"","header-below-stick-meta":"","astra-migrate-meta-layouts":"default","ast-page-background-enabled":"default","ast-page-background-meta":{"desktop":{"background-color":"var(--ast-global-color-4)","background-image":"","background-repeat":"repeat","background-position":"center center","background-size":"auto","background-attachment":"scroll","background-type":"","background-media":"","overlay-type":"","overlay-color":"","overlay-opacity":"","overlay-gradient":""},"tablet":{"background-color":"","background-image":"","background-repeat":"repeat","background-position":"center center","background-size":"auto","background-attachment":"scroll","background-type":"","background-media":"","overlay-type":"","overlay-color":"","overlay-opacity":"","overlay-gradient":""},"mobile":{"background-color":"","background-image":"","background-repeat":"repeat","background-position":"center center","background-size":"auto","background-attachment":"scroll","background-type":"","background-media":"","overlay-type":"","overlay-color":"","overlay-opacity":"","overlay-gradient":""}},"ast-content-background-meta":{"desktop":{"background-color":"var(--ast-global-color-5)","background-image":"","background-repeat":"repeat","background-position":"center center","background-size":"auto","background-attachment":"scroll","background-type":"","background-media":"","overlay-type":"","overlay-color":"","overlay-opacity":"","overlay-gradient":""},"tablet":{"background-color":"var(--ast-global-color-5)","background-image":"","background-repeat":"repeat","background-position":"center center","background-size":"auto","background-attachment":"scroll","background-type":"","background-media":"","overlay-type":"","overlay-color":"","overlay-opacity":"","overlay-gradient":""},"mobile":{"background-color":"var(--ast-global-color-5)","background-image":"","background-repeat":"repeat","background-position":"center center","background-size":"auto","background-attachment":"scroll","background-type":"","background-media":"","overlay-type":"","overlay-color":"","overlay-opacity":"","overlay-gradient":""}}},"product_brand":[],"product_cat":[71,108,107,76,22],"product_tag":[],"class_list":{"0":"post-6708","1":"product","2":"type-product","3":"status-publish","4":"has-post-thumbnail","6":"product_cat-burnos-prieziuros-priemones","7":"product_cat-dantu-balinimas-burnos-prieziuros-priemones","8":"product_cat-dantu-balinimas","9":"product_cat-dantu-pastos","10":"product_cat-odontologams","11":"desktop-align-center","12":"tablet-align-left","13":"mobile-align-left","15":"first","16":"instock","17":"shipping-taxable","18":"product-type-simple"},"_links":{"self":[{"href":"https:\/\/visiatsakymai.lt\/en\/wp-json\/wp\/v2\/product\/6708","targetHints":{"allow":["GET"]}}],"collection":[{"href":"https:\/\/visiatsakymai.lt\/en\/wp-json\/wp\/v2\/product"}],"about":[{"href":"https:\/\/visiatsakymai.lt\/en\/wp-json\/wp\/v2\/types\/product"}],"wp:featuredmedia":[{"embeddable":true,"href":"https:\/\/visiatsakymai.lt\/en\/wp-json\/wp\/v2\/media\/6709"}],"wp:attachment":[{"href":"https:\/\/visiatsakymai.lt\/en\/wp-json\/wp\/v2\/media?parent=6708"}],"wp:term":[{"taxonomy":"product_brand","embeddable":true,"href":"https:\/\/visiatsakymai.lt\/en\/wp-json\/wp\/v2\/product_brand?post=6708"},{"taxonomy":"product_cat","embeddable":true,"href":"https:\/\/visiatsakymai.lt\/en\/wp-json\/wp\/v2\/product_cat?post=6708"},{"taxonomy":"product_tag","embeddable":true,"href":"https:\/\/visiatsakymai.lt\/en\/wp-json\/wp\/v2\/product_tag?post=6708"}],"curies":[{"name":"wp","href":"https:\/\/api.w.org\/{rel}","templated":true}]}}