{"id":6375,"date":"2023-06-22T10:19:26","date_gmt":"2023-06-22T10:19:26","guid":{"rendered":"https:\/\/visiatsakymai.lt\/?post_type=product&#038;p=6375"},"modified":"2025-02-21T08:05:10","modified_gmt":"2025-02-21T08:05:10","slug":"estelite-color-sviesoje-kietinama-medziaga-05-ml","status":"publish","type":"product","link":"https:\/\/visiatsakymai.lt\/en\/product\/estelite-color-sviesoje-kietinama-medziaga-05-ml\/","title":{"rendered":"Estelite COLOR light curing agent (0.5 ml)"},"content":{"rendered":"<p><span class=\"HwtZe\" lang=\"lt\"><span class=\"jCAhz ChMk0b\"><span class=\"ryNqvb\">Estelite Color are low-viscosity light-curing shades for customized shade characteristics in direct and indirect resin restorations.<\/span><\/span> <span class=\"jCAhz ChMk0b\"><span class=\"ryNqvb\">Estelite Color can be applied under or between layers of composite dental restorations to improve overall esthetics.<\/span><\/span>\u00a0<\/span><\/p>\n<p><span class=\"HwtZe\" lang=\"lt\"><span class=\"jCAhz ChMk0b\"><span class=\"ryNqvb\">13 colors Estelite Color (see picture)<\/span><\/span><\/span>:<\/p>\n<ul>\n<li>Clear<\/li>\n<li>Blue<\/li>\n<li>Gray<\/li>\n<li>Lavender<\/li>\n<li>Yellow<\/li>\n<li>Ocher<\/li>\n<li>Dark brown<\/li>\n<li>Ed<\/li>\n<li>White<\/li>\n<li>Low chroma opaque<\/li>\n<li>Medium chroma opaque<\/li>\n<li>High chroma opaque<\/li>\n<li>Pink opaque<\/li>\n<\/ul>\n<p>0.5 ml (0.9 g)<\/p>","protected":false},"excerpt":{"rendered":"<p>Estelite Color yra ma\u017eo klampumo \u0161viesoje kiet\u0117jantys atspalviai, skirti individualizuotoms atspalvi\u0173 charakteristikoms atliekant tiesiogines ir netiesiogines dervos restauracijas. Estelite Color gali b\u016bti tepamas po kompozicin\u0117s dant\u0173 restauracijos sluoksniais arba tarp j\u0173, siekiant pagerinti bendr\u0105 estetik\u0105.\u00a0 13 spalv\u0173 Estelite Color (\u017ei\u016br\u0117ti paveiksl\u0117lyje): Clear Blue Gray Lavender Yellow Ochre Dark brown Red White Low chroma opaque Medium [&hellip;]<\/p>\n","protected":false},"featured_media":6376,"template":"","meta":{"site-sidebar-layout":"default","site-content-layout":"default","ast-site-content-layout":"default","site-content-style":"default","site-sidebar-style":"default","ast-global-header-display":"","ast-banner-title-visibility":"","ast-main-header-display":"","ast-hfb-above-header-display":"","ast-hfb-below-header-display":"","ast-hfb-mobile-header-display":"","site-post-title":"","ast-breadcrumbs-content":"","ast-featured-img":"","footer-sml-layout":"","ast-disable-related-posts":"","theme-transparent-header-meta":"default","adv-header-id-meta":"","stick-header-meta":"","header-above-stick-meta":"","header-main-stick-meta":"","header-below-stick-meta":"","astra-migrate-meta-layouts":"default","ast-page-background-enabled":"default","ast-page-background-meta":{"desktop":{"background-color":"var(--ast-global-color-4)","background-image":"","background-repeat":"repeat","background-position":"center center","background-size":"auto","background-attachment":"scroll","background-type":"","background-media":"","overlay-type":"","overlay-color":"","overlay-opacity":"","overlay-gradient":""},"tablet":{"background-color":"","background-image":"","background-repeat":"repeat","background-position":"center center","background-size":"auto","background-attachment":"scroll","background-type":"","background-media":"","overlay-type":"","overlay-color":"","overlay-opacity":"","overlay-gradient":""},"mobile":{"background-color":"","background-image":"","background-repeat":"repeat","background-position":"center center","background-size":"auto","background-attachment":"scroll","background-type":"","background-media":"","overlay-type":"","overlay-color":"","overlay-opacity":"","overlay-gradient":""}},"ast-content-background-meta":{"desktop":{"background-color":"var(--ast-global-color-5)","background-image":"","background-repeat":"repeat","background-position":"center center","background-size":"auto","background-attachment":"scroll","background-type":"","background-media":"","overlay-type":"","overlay-color":"","overlay-opacity":"","overlay-gradient":""},"tablet":{"background-color":"var(--ast-global-color-5)","background-image":"","background-repeat":"repeat","background-position":"center center","background-size":"auto","background-attachment":"scroll","background-type":"","background-media":"","overlay-type":"","overlay-color":"","overlay-opacity":"","overlay-gradient":""},"mobile":{"background-color":"var(--ast-global-color-5)","background-image":"","background-repeat":"repeat","background-position":"center center","background-size":"auto","background-attachment":"scroll","background-type":"","background-media":"","overlay-type":"","overlay-color":"","overlay-opacity":"","overlay-gradient":""}}},"product_brand":[],"product_cat":[22,56,58],"product_tag":[],"class_list":{"0":"post-6375","1":"product","2":"type-product","3":"status-publish","4":"has-post-thumbnail","6":"product_cat-odontologams","7":"product_cat-sviesoje-kietejantys-kompozitai","8":"product_cat-tokuyama-dental","9":"desktop-align-center","10":"tablet-align-left","11":"mobile-align-left","13":"first","14":"instock","15":"shipping-taxable","16":"product-type-variable"},"_links":{"self":[{"href":"https:\/\/visiatsakymai.lt\/en\/wp-json\/wp\/v2\/product\/6375","targetHints":{"allow":["GET"]}}],"collection":[{"href":"https:\/\/visiatsakymai.lt\/en\/wp-json\/wp\/v2\/product"}],"about":[{"href":"https:\/\/visiatsakymai.lt\/en\/wp-json\/wp\/v2\/types\/product"}],"wp:featuredmedia":[{"embeddable":true,"href":"https:\/\/visiatsakymai.lt\/en\/wp-json\/wp\/v2\/media\/6376"}],"wp:attachment":[{"href":"https:\/\/visiatsakymai.lt\/en\/wp-json\/wp\/v2\/media?parent=6375"}],"wp:term":[{"taxonomy":"product_brand","embeddable":true,"href":"https:\/\/visiatsakymai.lt\/en\/wp-json\/wp\/v2\/product_brand?post=6375"},{"taxonomy":"product_cat","embeddable":true,"href":"https:\/\/visiatsakymai.lt\/en\/wp-json\/wp\/v2\/product_cat?post=6375"},{"taxonomy":"product_tag","embeddable":true,"href":"https:\/\/visiatsakymai.lt\/en\/wp-json\/wp\/v2\/product_tag?post=6375"}],"curies":[{"name":"wp","href":"https:\/\/api.w.org\/{rel}","templated":true}]}}