{"id":6350,"date":"2023-06-22T08:47:08","date_gmt":"2023-06-22T08:47:08","guid":{"rendered":"https:\/\/visiatsakymai.lt\/?post_type=product&#038;p=6350"},"modified":"2023-06-22T08:47:08","modified_gmt":"2023-06-22T08:47:08","slug":"futurabond-u-surisejas-vienkartines-dozes","status":"publish","type":"product","link":"https:\/\/visiatsakymai.lt\/en\/product\/futurabond-u-surisejas-vienkartines-dozes\/","title":{"rendered":"Futurabond U binder (single doses)"},"content":{"rendered":"<p>Double curing universal binder Futurabond U is intended for use:<\/p>\n<ul>\n<li>Adhesion of light curable composite restorations.<\/li>\n<li>For adhesion of indirect restorations using light-curing luting composites.<\/li>\n<li>For intraoral repairs of composite, compomer or Ormocer\u00ae restorations, ceramic veneers and all-ceramic restorations without additional primer.<\/li>\n<li>For the treatment of sensitive tooth necks.<\/li>\n<li>Protective varnish for glass ionomer cement restorations.<\/li>\n<li>For sealing cavities before filling with amalgams.<\/li>\n<li>For sealing cavities and preparing abutments before temporary cementation of indirect restorations.<\/li>\n<li>For adhesion of all cavity classes for direct self-curing or double-curing restorations and restorations of culverts.<\/li>\n<li>For adhesion of indirect restorations using dual-curing or self-curing cementation composites.<\/li>\n<li>For cementation of root posts with dual-curing or self-curing cementing composites.<\/li>\n<\/ul>\n<p>Futurabond U single dose is very practical to use:<\/p>\n<ul>\n<li>Easy, fast and hygienic<\/li>\n<li>No additional tools are required<\/li>\n<li>Does not spill when used in any position<\/li>\n<\/ul>\n<p>In the package: single dose, 1 pc.<\/p>","protected":false},"excerpt":{"rendered":"<p>Dvigubo kiet\u0117jimo universalus suri\u0161iklis Futurabond U skirtas naudoti: \u0160viesa kietinam\u0173 kompozicini\u0173 kulties atstatymo med\u017eiag\u0173 adhezijai. Netiesiogini\u0173 restauracij\u0173 adhezijai, naudojant \u0161viesa kietinamus cementavimo kompozitus. Intraoralin\u0117ms kompozit\u0173, kompomer\u0173 ar Ormocer\u00ae\u0173 restauracij\u0173 pataisoms, keraminiams venyrams ir pilnos keramikos restauracijoms be papildomo praimerio. Jautri\u0173 dant\u0173 kakleli\u0173 gydymui. Apsauginis lakas stiklo jonomerini\u0173 cement\u0173 restauracijoms. Ertmi\u0173 sandarinimui prie\u0161 plombuojant amalgamomis. Ertmi\u0173 [&hellip;]<\/p>\n","protected":false},"featured_media":6351,"template":"","meta":{"site-sidebar-layout":"default","site-content-layout":"default","ast-site-content-layout":"default","site-content-style":"default","site-sidebar-style":"default","ast-global-header-display":"","ast-banner-title-visibility":"","ast-main-header-display":"","ast-hfb-above-header-display":"","ast-hfb-below-header-display":"","ast-hfb-mobile-header-display":"","site-post-title":"","ast-breadcrumbs-content":"","ast-featured-img":"","footer-sml-layout":"","ast-disable-related-posts":"","theme-transparent-header-meta":"default","adv-header-id-meta":"","stick-header-meta":"","header-above-stick-meta":"","header-main-stick-meta":"","header-below-stick-meta":"","astra-migrate-meta-layouts":"default","ast-page-background-enabled":"default","ast-page-background-meta":{"desktop":{"background-color":"var(--ast-global-color-4)","background-image":"","background-repeat":"repeat","background-position":"center center","background-size":"auto","background-attachment":"scroll","background-type":"","background-media":"","overlay-type":"","overlay-color":"","overlay-opacity":"","overlay-gradient":""},"tablet":{"background-color":"","background-image":"","background-repeat":"repeat","background-position":"center center","background-size":"auto","background-attachment":"scroll","background-type":"","background-media":"","overlay-type":"","overlay-color":"","overlay-opacity":"","overlay-gradient":""},"mobile":{"background-color":"","background-image":"","background-repeat":"repeat","background-position":"center center","background-size":"auto","background-attachment":"scroll","background-type":"","background-media":"","overlay-type":"","overlay-color":"","overlay-opacity":"","overlay-gradient":""}},"ast-content-background-meta":{"desktop":{"background-color":"var(--ast-global-color-5)","background-image":"","background-repeat":"repeat","background-position":"center center","background-size":"auto","background-attachment":"scroll","background-type":"","background-media":"","overlay-type":"","overlay-color":"","overlay-opacity":"","overlay-gradient":""},"tablet":{"background-color":"var(--ast-global-color-5)","background-image":"","background-repeat":"repeat","background-position":"center center","background-size":"auto","background-attachment":"scroll","background-type":"","background-media":"","overlay-type":"","overlay-color":"","overlay-opacity":"","overlay-gradient":""},"mobile":{"background-color":"var(--ast-global-color-5)","background-image":"","background-repeat":"repeat","background-position":"center center","background-size":"auto","background-attachment":"scroll","background-type":"","background-media":"","overlay-type":"","overlay-color":"","overlay-opacity":"","overlay-gradient":""}}},"product_brand":[],"product_cat":[22,67],"product_tag":[],"class_list":{"0":"post-6350","1":"product","2":"type-product","3":"status-publish","4":"has-post-thumbnail","6":"product_cat-odontologams","7":"product_cat-surisimo-sistemos-ir-esdintojai","8":"desktop-align-center","9":"tablet-align-left","10":"mobile-align-left","12":"first","13":"instock","14":"shipping-taxable","15":"product-type-simple"},"_links":{"self":[{"href":"https:\/\/visiatsakymai.lt\/en\/wp-json\/wp\/v2\/product\/6350","targetHints":{"allow":["GET"]}}],"collection":[{"href":"https:\/\/visiatsakymai.lt\/en\/wp-json\/wp\/v2\/product"}],"about":[{"href":"https:\/\/visiatsakymai.lt\/en\/wp-json\/wp\/v2\/types\/product"}],"wp:featuredmedia":[{"embeddable":true,"href":"https:\/\/visiatsakymai.lt\/en\/wp-json\/wp\/v2\/media\/6351"}],"wp:attachment":[{"href":"https:\/\/visiatsakymai.lt\/en\/wp-json\/wp\/v2\/media?parent=6350"}],"wp:term":[{"taxonomy":"product_brand","embeddable":true,"href":"https:\/\/visiatsakymai.lt\/en\/wp-json\/wp\/v2\/product_brand?post=6350"},{"taxonomy":"product_cat","embeddable":true,"href":"https:\/\/visiatsakymai.lt\/en\/wp-json\/wp\/v2\/product_cat?post=6350"},{"taxonomy":"product_tag","embeddable":true,"href":"https:\/\/visiatsakymai.lt\/en\/wp-json\/wp\/v2\/product_tag?post=6350"}],"curies":[{"name":"wp","href":"https:\/\/api.w.org\/{rel}","templated":true}]}}