{"id":6313,"date":"2023-06-20T06:53:28","date_gmt":"2023-06-20T06:53:28","guid":{"rendered":"https:\/\/visiatsakymai.lt\/?post_type=product&#038;p=6313"},"modified":"2025-02-28T11:11:22","modified_gmt":"2025-02-28T11:11:22","slug":"lunos-two-in-one-poliravimo-pasta-100-g","status":"publish","type":"product","link":"https:\/\/visiatsakymai.lt\/en\/product\/lunos-two-in-one-poliravimo-pasta-100-g\/","title":{"rendered":"Lunas two in one polishing paste (100 g)"},"content":{"rendered":"<p>Two in One Polishing Paste is a high-quality polishing paste for dental hygiene. Two in One Polishing Paste very gently removes discoloration and plaque. The polishing paste has a self-reducing principle. This means that the needle-shaped polishing particles, which are larger to initiate polishing, are gradually broken during cleaning and enter the polishing phase. As a result, for the first time in one process, plaque is quickly, gently and thoroughly removed in the first 10 seconds of polishing, after which the tooth surfaces are gently smoothed and polished.<\/p>\n<p>RDA28, neutral flavor<\/p>\n<p>100 gr<\/p>","protected":false},"excerpt":{"rendered":"<p>Two in One Polishing Paste yra auk\u0161tos kokyb\u0117s poliravimo pasta skirta dant\u0173 higienai. Two in One Polishing Paste labai \u0161velniai pa\u0161alina spalvos poky\u010dius ir apna\u0161as. Poliravimo pasta pasi\u017eymi savaiminio redukavimo principu. Tai rei\u0161kia, kad adatos formos poliravimo dalel\u0117s, kurios yra didesn\u0117s, kad b\u016bt\u0173 prad\u0117tas poliravimas, pama\u017eu sul\u016b\u017eta valymo metu ir pereina \u012f poliravimo faz\u0119. Kaip [&hellip;]<\/p>\n","protected":false},"featured_media":6314,"template":"","meta":{"site-sidebar-layout":"default","site-content-layout":"default","ast-site-content-layout":"default","site-content-style":"default","site-sidebar-style":"default","ast-global-header-display":"","ast-banner-title-visibility":"","ast-main-header-display":"","ast-hfb-above-header-display":"","ast-hfb-below-header-display":"","ast-hfb-mobile-header-display":"","site-post-title":"","ast-breadcrumbs-content":"","ast-featured-img":"","footer-sml-layout":"","ast-disable-related-posts":"","theme-transparent-header-meta":"default","adv-header-id-meta":"","stick-header-meta":"","header-above-stick-meta":"","header-main-stick-meta":"","header-below-stick-meta":"","astra-migrate-meta-layouts":"set","ast-page-background-enabled":"default","ast-page-background-meta":{"desktop":{"background-color":"var(--ast-global-color-4)","background-image":"","background-repeat":"repeat","background-position":"center center","background-size":"auto","background-attachment":"scroll","background-type":"","background-media":"","overlay-type":"","overlay-color":"","overlay-opacity":"","overlay-gradient":""},"tablet":{"background-color":"","background-image":"","background-repeat":"repeat","background-position":"center center","background-size":"auto","background-attachment":"scroll","background-type":"","background-media":"","overlay-type":"","overlay-color":"","overlay-opacity":"","overlay-gradient":""},"mobile":{"background-color":"","background-image":"","background-repeat":"repeat","background-position":"center center","background-size":"auto","background-attachment":"scroll","background-type":"","background-media":"","overlay-type":"","overlay-color":"","overlay-opacity":"","overlay-gradient":""}},"ast-content-background-meta":{"desktop":{"background-color":"var(--ast-global-color-5)","background-image":"","background-repeat":"repeat","background-position":"center center","background-size":"auto","background-attachment":"scroll","background-type":"","background-media":"","overlay-type":"","overlay-color":"","overlay-opacity":"","overlay-gradient":""},"tablet":{"background-color":"var(--ast-global-color-5)","background-image":"","background-repeat":"repeat","background-position":"center center","background-size":"auto","background-attachment":"scroll","background-type":"","background-media":"","overlay-type":"","overlay-color":"","overlay-opacity":"","overlay-gradient":""},"mobile":{"background-color":"var(--ast-global-color-5)","background-image":"","background-repeat":"repeat","background-position":"center center","background-size":"auto","background-attachment":"scroll","background-type":"","background-media":"","overlay-type":"","overlay-color":"","overlay-opacity":"","overlay-gradient":""}}},"product_brand":[],"product_cat":[84,22,90,64],"product_tag":[],"class_list":{"0":"post-6313","1":"product","2":"type-product","3":"status-publish","4":"has-post-thumbnail","6":"product_cat-burnos-higienistams","7":"product_cat-odontologams","8":"product_cat-poliravimo-pastos","9":"product_cat-slifavimo-ir-poliravimo-priemones","10":"desktop-align-center","11":"tablet-align-left","12":"mobile-align-left","14":"first","15":"instock","16":"shipping-taxable","17":"product-type-simple"},"_links":{"self":[{"href":"https:\/\/visiatsakymai.lt\/en\/wp-json\/wp\/v2\/product\/6313","targetHints":{"allow":["GET"]}}],"collection":[{"href":"https:\/\/visiatsakymai.lt\/en\/wp-json\/wp\/v2\/product"}],"about":[{"href":"https:\/\/visiatsakymai.lt\/en\/wp-json\/wp\/v2\/types\/product"}],"wp:featuredmedia":[{"embeddable":true,"href":"https:\/\/visiatsakymai.lt\/en\/wp-json\/wp\/v2\/media\/6314"}],"wp:attachment":[{"href":"https:\/\/visiatsakymai.lt\/en\/wp-json\/wp\/v2\/media?parent=6313"}],"wp:term":[{"taxonomy":"product_brand","embeddable":true,"href":"https:\/\/visiatsakymai.lt\/en\/wp-json\/wp\/v2\/product_brand?post=6313"},{"taxonomy":"product_cat","embeddable":true,"href":"https:\/\/visiatsakymai.lt\/en\/wp-json\/wp\/v2\/product_cat?post=6313"},{"taxonomy":"product_tag","embeddable":true,"href":"https:\/\/visiatsakymai.lt\/en\/wp-json\/wp\/v2\/product_tag?post=6313"}],"curies":[{"name":"wp","href":"https:\/\/api.w.org\/{rel}","templated":true}]}}