{"id":6309,"date":"2023-06-20T06:42:00","date_gmt":"2023-06-20T06:42:00","guid":{"rendered":"https:\/\/visiatsakymai.lt\/?post_type=product&#038;p=6309"},"modified":"2025-08-28T09:17:26","modified_gmt":"2025-08-28T09:17:26","slug":"optibond-fl-dvieju-buteliuku-sistema-surisiklis","status":"publish","type":"product","link":"https:\/\/visiatsakymai.lt\/en\/product\/optibond-fl-dvieju-buteliuku-sistema-surisiklis\/","title":{"rendered":"OptiBond FL Two Vial System - Binder"},"content":{"rendered":"<p><span class=\"x193iq5w xeuugli x13faqbe x1vvkbs x1xmvt09 x1lliihq x1s928wv xhkezso x1gmr53x x1cpjm7i x1fgarty x1943h6x xudqn12 x3x7a5m x6prxxf xvq8zen xo1l8bm xzsf02u\" dir=\"auto\">OptiBond FL is a binder with a unique structure, light curing, wet or dry preparation.<br \/>\n<\/span><\/p>\n<p><span class=\"x193iq5w xeuugli x13faqbe x1vvkbs x1xmvt09 x1lliihq x1s928wv xhkezso x1gmr53x x1cpjm7i x1fgarty x1943h6x xudqn12 x3x7a5m x6prxxf xvq8zen xo1l8bm xzsf02u\" dir=\"auto\">Since its creation in 1995, OptiBond FL has become the standard in bonding technology. It has been used successfully all over the world for over 15 years.<\/span><\/p>\n<p>The set includes: 1 bottle of OptiBond FL primer (8 ml), 1 bottle of OptiBond FL binder (8 ml), 1 syringe of etching gel (3 g), 10 disposable etch gel syringe tips, 25 disposable mixing containers, 50 disposable microapplicators.<\/p>","protected":false},"excerpt":{"rendered":"<p>OptiBond FL &#8211; tai unikalios strukt\u016bros suri\u0161iklis kietinimas \u0161viesa, paruo\u0161imas \u0161lapiu arba sausu b\u016bdu. Nuo suk\u016brimo 1995 metais, OptiBond FL tapo suri\u0161imo technologij\u0173 standartu. Vir\u0161 15 met\u0173 jis yra s\u0117kmingai naudojamas visame pasaulyje. Rinkinyje rasite: 1 buteliuk\u0105 OptiBond FL grunto (8 ml), 1 buteliuk\u0105 OptiBond FL suri\u0161iklio (8 ml), 1 \u0161virk\u0161t\u0105 \u0117sdinimo gelio (3 g), [&hellip;]<\/p>\n","protected":false},"featured_media":6310,"template":"","meta":{"site-sidebar-layout":"default","site-content-layout":"default","ast-site-content-layout":"default","site-content-style":"default","site-sidebar-style":"default","ast-global-header-display":"","ast-banner-title-visibility":"","ast-main-header-display":"","ast-hfb-above-header-display":"","ast-hfb-below-header-display":"","ast-hfb-mobile-header-display":"","site-post-title":"","ast-breadcrumbs-content":"","ast-featured-img":"","footer-sml-layout":"","ast-disable-related-posts":"","theme-transparent-header-meta":"default","adv-header-id-meta":"","stick-header-meta":"","header-above-stick-meta":"","header-main-stick-meta":"","header-below-stick-meta":"","astra-migrate-meta-layouts":"default","ast-page-background-enabled":"default","ast-page-background-meta":{"desktop":{"background-color":"var(--ast-global-color-4)","background-image":"","background-repeat":"repeat","background-position":"center center","background-size":"auto","background-attachment":"scroll","background-type":"","background-media":"","overlay-type":"","overlay-color":"","overlay-opacity":"","overlay-gradient":""},"tablet":{"background-color":"","background-image":"","background-repeat":"repeat","background-position":"center center","background-size":"auto","background-attachment":"scroll","background-type":"","background-media":"","overlay-type":"","overlay-color":"","overlay-opacity":"","overlay-gradient":""},"mobile":{"background-color":"","background-image":"","background-repeat":"repeat","background-position":"center center","background-size":"auto","background-attachment":"scroll","background-type":"","background-media":"","overlay-type":"","overlay-color":"","overlay-opacity":"","overlay-gradient":""}},"ast-content-background-meta":{"desktop":{"background-color":"var(--ast-global-color-5)","background-image":"","background-repeat":"repeat","background-position":"center center","background-size":"auto","background-attachment":"scroll","background-type":"","background-media":"","overlay-type":"","overlay-color":"","overlay-opacity":"","overlay-gradient":""},"tablet":{"background-color":"var(--ast-global-color-5)","background-image":"","background-repeat":"repeat","background-position":"center center","background-size":"auto","background-attachment":"scroll","background-type":"","background-media":"","overlay-type":"","overlay-color":"","overlay-opacity":"","overlay-gradient":""},"mobile":{"background-color":"var(--ast-global-color-5)","background-image":"","background-repeat":"repeat","background-position":"center center","background-size":"auto","background-attachment":"scroll","background-type":"","background-media":"","overlay-type":"","overlay-color":"","overlay-opacity":"","overlay-gradient":""}}},"product_brand":[],"product_cat":[22,67],"product_tag":[],"class_list":{"0":"post-6309","1":"product","2":"type-product","3":"status-publish","4":"has-post-thumbnail","6":"product_cat-odontologams","7":"product_cat-surisimo-sistemos-ir-esdintojai","8":"desktop-align-center","9":"tablet-align-left","10":"mobile-align-left","12":"first","13":"instock","14":"shipping-taxable","15":"product-type-simple"},"_links":{"self":[{"href":"https:\/\/visiatsakymai.lt\/en\/wp-json\/wp\/v2\/product\/6309","targetHints":{"allow":["GET"]}}],"collection":[{"href":"https:\/\/visiatsakymai.lt\/en\/wp-json\/wp\/v2\/product"}],"about":[{"href":"https:\/\/visiatsakymai.lt\/en\/wp-json\/wp\/v2\/types\/product"}],"wp:featuredmedia":[{"embeddable":true,"href":"https:\/\/visiatsakymai.lt\/en\/wp-json\/wp\/v2\/media\/6310"}],"wp:attachment":[{"href":"https:\/\/visiatsakymai.lt\/en\/wp-json\/wp\/v2\/media?parent=6309"}],"wp:term":[{"taxonomy":"product_brand","embeddable":true,"href":"https:\/\/visiatsakymai.lt\/en\/wp-json\/wp\/v2\/product_brand?post=6309"},{"taxonomy":"product_cat","embeddable":true,"href":"https:\/\/visiatsakymai.lt\/en\/wp-json\/wp\/v2\/product_cat?post=6309"},{"taxonomy":"product_tag","embeddable":true,"href":"https:\/\/visiatsakymai.lt\/en\/wp-json\/wp\/v2\/product_tag?post=6309"}],"curies":[{"name":"wp","href":"https:\/\/api.w.org\/{rel}","templated":true}]}}