{"id":6306,"date":"2023-06-19T15:02:19","date_gmt":"2023-06-19T15:02:19","guid":{"rendered":"https:\/\/visiatsakymai.lt\/?post_type=product&#038;p=6306"},"modified":"2026-03-02T08:38:08","modified_gmt":"2026-03-02T08:38:08","slug":"opalescence-balinamoji-dantu-pasta-100-ml-133-g","status":"publish","type":"product","link":"https:\/\/visiatsakymai.lt\/en\/product\/opalescence-balinamoji-dantu-pasta-100-ml-133-g\/","title":{"rendered":"Opalescence whitening toothpaste 100 ml (133 g)"},"content":{"rendered":"<p>Whitening toothpaste for daily dental care.<\/p>\n<p>Opalescence toothpaste not only whitens your teeth, but is also an important part of your oral hygiene routine. Thanks to its special formula, this toothpaste promotes the accumulation of fluoride in tooth enamel 4.8 times more than other similar toothpastes, so it strengthens tooth enamel and protects against caries.<\/p>\n<p>Opalescence toothpaste has an RDA of 90, making it safe to use every day. This toothpaste is also suitable for people who want to keep their teeth white after the teeth whitening procedure. Contains 1100 ppm sodium fluoride.<\/p>\n<p>100 ml (133 g)<\/p>\n<p>#whitening #teethwhitening #teethwhitening<\/p>","protected":false},"excerpt":{"rendered":"<p>Balinanti dant\u0173 pasta kasdieninei dant\u0173 prie\u017ei\u016brai. \u201eOpalescence\u201c dant\u0173 pasta ne tik balina dantis, bet ir yra svarbi burnos higienos rutinos dalis. D\u0117l specialios formul\u0117s \u0161i dant\u0173 pasta 4,8 karto labiau skatina fluoro kaupim\u0105si dant\u0173 emalyje, nei kitos pana\u0161ios dant\u0173 pastos, tod\u0117l ji stiprina dant\u0173 emal\u012f ir apsaugo nuo karieso. \u201eOpalescence\u201c dant\u0173 pastos abrazyvumo indeksas (RDA) [&hellip;]<\/p>\n","protected":false},"featured_media":6307,"template":"","meta":{"site-sidebar-layout":"default","site-content-layout":"default","ast-site-content-layout":"default","site-content-style":"default","site-sidebar-style":"default","ast-global-header-display":"","ast-banner-title-visibility":"","ast-main-header-display":"","ast-hfb-above-header-display":"","ast-hfb-below-header-display":"","ast-hfb-mobile-header-display":"","site-post-title":"","ast-breadcrumbs-content":"","ast-featured-img":"","footer-sml-layout":"","ast-disable-related-posts":"","theme-transparent-header-meta":"default","adv-header-id-meta":"","stick-header-meta":"","header-above-stick-meta":"","header-main-stick-meta":"","header-below-stick-meta":"","astra-migrate-meta-layouts":"set","ast-page-background-enabled":"default","ast-page-background-meta":{"desktop":{"background-color":"var(--ast-global-color-4)","background-image":"","background-repeat":"repeat","background-position":"center center","background-size":"auto","background-attachment":"scroll","background-type":"","background-media":"","overlay-type":"","overlay-color":"","overlay-opacity":"","overlay-gradient":""},"tablet":{"background-color":"","background-image":"","background-repeat":"repeat","background-position":"center center","background-size":"auto","background-attachment":"scroll","background-type":"","background-media":"","overlay-type":"","overlay-color":"","overlay-opacity":"","overlay-gradient":""},"mobile":{"background-color":"","background-image":"","background-repeat":"repeat","background-position":"center center","background-size":"auto","background-attachment":"scroll","background-type":"","background-media":"","overlay-type":"","overlay-color":"","overlay-opacity":"","overlay-gradient":""}},"ast-content-background-meta":{"desktop":{"background-color":"var(--ast-global-color-5)","background-image":"","background-repeat":"repeat","background-position":"center center","background-size":"auto","background-attachment":"scroll","background-type":"","background-media":"","overlay-type":"","overlay-color":"","overlay-opacity":"","overlay-gradient":""},"tablet":{"background-color":"var(--ast-global-color-5)","background-image":"","background-repeat":"repeat","background-position":"center center","background-size":"auto","background-attachment":"scroll","background-type":"","background-media":"","overlay-type":"","overlay-color":"","overlay-opacity":"","overlay-gradient":""},"mobile":{"background-color":"var(--ast-global-color-5)","background-image":"","background-repeat":"repeat","background-position":"center center","background-size":"auto","background-attachment":"scroll","background-type":"","background-media":"","overlay-type":"","overlay-color":"","overlay-opacity":"","overlay-gradient":""}}},"product_brand":[],"product_cat":[71,108,107,76,22],"product_tag":[],"class_list":{"0":"post-6306","1":"product","2":"type-product","3":"status-publish","4":"has-post-thumbnail","6":"product_cat-burnos-prieziuros-priemones","7":"product_cat-dantu-balinimas-burnos-prieziuros-priemones","8":"product_cat-dantu-balinimas","9":"product_cat-dantu-pastos","10":"product_cat-odontologams","11":"desktop-align-center","12":"tablet-align-left","13":"mobile-align-left","15":"first","16":"instock","17":"shipping-taxable","18":"product-type-simple"},"_links":{"self":[{"href":"https:\/\/visiatsakymai.lt\/en\/wp-json\/wp\/v2\/product\/6306","targetHints":{"allow":["GET"]}}],"collection":[{"href":"https:\/\/visiatsakymai.lt\/en\/wp-json\/wp\/v2\/product"}],"about":[{"href":"https:\/\/visiatsakymai.lt\/en\/wp-json\/wp\/v2\/types\/product"}],"wp:featuredmedia":[{"embeddable":true,"href":"https:\/\/visiatsakymai.lt\/en\/wp-json\/wp\/v2\/media\/6307"}],"wp:attachment":[{"href":"https:\/\/visiatsakymai.lt\/en\/wp-json\/wp\/v2\/media?parent=6306"}],"wp:term":[{"taxonomy":"product_brand","embeddable":true,"href":"https:\/\/visiatsakymai.lt\/en\/wp-json\/wp\/v2\/product_brand?post=6306"},{"taxonomy":"product_cat","embeddable":true,"href":"https:\/\/visiatsakymai.lt\/en\/wp-json\/wp\/v2\/product_cat?post=6306"},{"taxonomy":"product_tag","embeddable":true,"href":"https:\/\/visiatsakymai.lt\/en\/wp-json\/wp\/v2\/product_tag?post=6306"}],"curies":[{"name":"wp","href":"https:\/\/api.w.org\/{rel}","templated":true}]}}