{"id":6271,"date":"2023-06-16T14:41:06","date_gmt":"2023-06-16T14:41:06","guid":{"rendered":"https:\/\/visiatsakymai.lt\/?post_type=product&#038;p=6271"},"modified":"2023-06-16T14:41:06","modified_gmt":"2023-06-16T14:41:06","slug":"drydent-seiliu-sugertukai-po-liezuviu","status":"publish","type":"product","link":"https:\/\/visiatsakymai.lt\/en\/product\/drydent-seiliu-sugertukai-po-liezuviu\/","title":{"rendered":"DryDent saliva suckers (sublingual)"},"content":{"rendered":"<div class=\"xdj266r x11i5rnm xat24cr x1mh8g0r x1vvkbs x126k92a\">\n<div dir=\"auto\">DryDent\u00ae is a suction cup placed under the tongue. A unique product that collects and controls saliva is produced under the tongue and jaw. Absorbent properties ensure an extremely dry oral environment during various procedures. DryDent\u00ae Sublingual should be slightly moist before placing in the mouth to facilitate application to the patient sublingually. DryDent\u00ae soft material increases patient comfort.<\/div>\n<div dir=\"auto\"><\/div>\n<\/div>\n<div class=\"x11i5rnm xat24cr x1mh8g0r x1vvkbs xtlvy1s x126k92a\">\n<div dir=\"auto\">Size: SMALL<\/div>\n<div dir=\"auto\">50 pcs in the package.<\/div>\n<\/div>","protected":false},"excerpt":{"rendered":"<p>DryDent\u00ae po lie\u017euviu dedamas sugertukas. Unikalus produktas, kuris surenka ir kontroliuoja seiles, gaminamas po lie\u017euviu ir \u017eandikauliu. Sugerian\u010dios savyb\u0117s u\u017etikrina itin saus\u0105 burnos aplink\u0105 atliekant \u012fvairias proced\u016bras. DryDent\u00ae Sublingual turi b\u016bti \u0161iek tiek dr\u0117gnas prie\u0161 dedant \u012f burn\u0105, kad b\u016bt\u0173 lengviau pritaikyti prie paciento po lie\u017euvin\u0117s srities. D\u0117l DryDent\u00ae mink\u0161tos med\u017eiagos padid\u0117ja paciento komfortas. Dydis: [&hellip;]<\/p>\n","protected":false},"featured_media":6273,"template":"","meta":{"site-sidebar-layout":"default","site-content-layout":"default","ast-site-content-layout":"default","site-content-style":"default","site-sidebar-style":"default","ast-global-header-display":"","ast-banner-title-visibility":"","ast-main-header-display":"","ast-hfb-above-header-display":"","ast-hfb-below-header-display":"","ast-hfb-mobile-header-display":"","site-post-title":"","ast-breadcrumbs-content":"","ast-featured-img":"","footer-sml-layout":"","ast-disable-related-posts":"","theme-transparent-header-meta":"default","adv-header-id-meta":"","stick-header-meta":"","header-above-stick-meta":"","header-main-stick-meta":"","header-below-stick-meta":"","astra-migrate-meta-layouts":"default","ast-page-background-enabled":"default","ast-page-background-meta":{"desktop":{"background-color":"var(--ast-global-color-4)","background-image":"","background-repeat":"repeat","background-position":"center center","background-size":"auto","background-attachment":"scroll","background-type":"","background-media":"","overlay-type":"","overlay-color":"","overlay-opacity":"","overlay-gradient":""},"tablet":{"background-color":"","background-image":"","background-repeat":"repeat","background-position":"center center","background-size":"auto","background-attachment":"scroll","background-type":"","background-media":"","overlay-type":"","overlay-color":"","overlay-opacity":"","overlay-gradient":""},"mobile":{"background-color":"","background-image":"","background-repeat":"repeat","background-position":"center center","background-size":"auto","background-attachment":"scroll","background-type":"","background-media":"","overlay-type":"","overlay-color":"","overlay-opacity":"","overlay-gradient":""}},"ast-content-background-meta":{"desktop":{"background-color":"var(--ast-global-color-5)","background-image":"","background-repeat":"repeat","background-position":"center center","background-size":"auto","background-attachment":"scroll","background-type":"","background-media":"","overlay-type":"","overlay-color":"","overlay-opacity":"","overlay-gradient":""},"tablet":{"background-color":"var(--ast-global-color-5)","background-image":"","background-repeat":"repeat","background-position":"center center","background-size":"auto","background-attachment":"scroll","background-type":"","background-media":"","overlay-type":"","overlay-color":"","overlay-opacity":"","overlay-gradient":""},"mobile":{"background-color":"var(--ast-global-color-5)","background-image":"","background-repeat":"repeat","background-position":"center center","background-size":"auto","background-attachment":"scroll","background-type":"","background-media":"","overlay-type":"","overlay-color":"","overlay-opacity":"","overlay-gradient":""}}},"product_brand":[],"product_cat":[84,22,93,92,82],"product_tag":[],"class_list":{"0":"post-6271","1":"product","2":"type-product","3":"status-publish","4":"has-post-thumbnail","6":"product_cat-burnos-higienistams","7":"product_cat-odontologams","8":"product_cat-papildomos-prekes-odontologams","9":"product_cat-papildomos-prekes","10":"product_cat-vienkartines-priemones","11":"desktop-align-center","12":"tablet-align-left","13":"mobile-align-left","15":"first","16":"instock","17":"shipping-taxable","18":"product-type-simple"},"_links":{"self":[{"href":"https:\/\/visiatsakymai.lt\/en\/wp-json\/wp\/v2\/product\/6271","targetHints":{"allow":["GET"]}}],"collection":[{"href":"https:\/\/visiatsakymai.lt\/en\/wp-json\/wp\/v2\/product"}],"about":[{"href":"https:\/\/visiatsakymai.lt\/en\/wp-json\/wp\/v2\/types\/product"}],"wp:featuredmedia":[{"embeddable":true,"href":"https:\/\/visiatsakymai.lt\/en\/wp-json\/wp\/v2\/media\/6273"}],"wp:attachment":[{"href":"https:\/\/visiatsakymai.lt\/en\/wp-json\/wp\/v2\/media?parent=6271"}],"wp:term":[{"taxonomy":"product_brand","embeddable":true,"href":"https:\/\/visiatsakymai.lt\/en\/wp-json\/wp\/v2\/product_brand?post=6271"},{"taxonomy":"product_cat","embeddable":true,"href":"https:\/\/visiatsakymai.lt\/en\/wp-json\/wp\/v2\/product_cat?post=6271"},{"taxonomy":"product_tag","embeddable":true,"href":"https:\/\/visiatsakymai.lt\/en\/wp-json\/wp\/v2\/product_tag?post=6271"}],"curies":[{"name":"wp","href":"https:\/\/api.w.org\/{rel}","templated":true}]}}