{"id":6260,"date":"2023-06-16T14:16:36","date_gmt":"2023-06-16T14:16:36","guid":{"rendered":"https:\/\/visiatsakymai.lt\/?post_type=product&#038;p=6260"},"modified":"2024-05-17T08:02:51","modified_gmt":"2024-05-17T08:02:51","slug":"equia-forte-coat-4ml","status":"publish","type":"product","link":"https:\/\/visiatsakymai.lt\/en\/product\/equia-forte-coat-4ml\/","title":{"rendered":"Equia Forte Coat (4ml)"},"content":{"rendered":"<p>Flowable resin coating with nano particle filler. This liquid absorbs well into the surface of the glass ionomer, strengthens it and gives it a shine.<\/p>\n<p>4 ml<\/p>","protected":false},"excerpt":{"rendered":"<p>Takus dervinis dangalas su nano daleli\u0173 u\u017epildu. \u0160is skystis gerai \u012fsigeria \u012f stiklojonomero pavir\u0161i\u0173, j\u012f sustiprina ir suteikia blizges\u012f. 4 ml<\/p>","protected":false},"featured_media":6261,"template":"","meta":{"site-sidebar-layout":"default","site-content-layout":"default","ast-site-content-layout":"default","site-content-style":"default","site-sidebar-style":"default","ast-global-header-display":"","ast-banner-title-visibility":"","ast-main-header-display":"","ast-hfb-above-header-display":"","ast-hfb-below-header-display":"","ast-hfb-mobile-header-display":"","site-post-title":"","ast-breadcrumbs-content":"","ast-featured-img":"","footer-sml-layout":"","ast-disable-related-posts":"","theme-transparent-header-meta":"default","adv-header-id-meta":"","stick-header-meta":"","header-above-stick-meta":"","header-main-stick-meta":"","header-below-stick-meta":"","astra-migrate-meta-layouts":"set","ast-page-background-enabled":"default","ast-page-background-meta":{"desktop":{"background-color":"var(--ast-global-color-4)","background-image":"","background-repeat":"repeat","background-position":"center center","background-size":"auto","background-attachment":"scroll","background-type":"","background-media":"","overlay-type":"","overlay-color":"","overlay-opacity":"","overlay-gradient":""},"tablet":{"background-color":"","background-image":"","background-repeat":"repeat","background-position":"center center","background-size":"auto","background-attachment":"scroll","background-type":"","background-media":"","overlay-type":"","overlay-color":"","overlay-opacity":"","overlay-gradient":""},"mobile":{"background-color":"","background-image":"","background-repeat":"repeat","background-position":"center center","background-size":"auto","background-attachment":"scroll","background-type":"","background-media":"","overlay-type":"","overlay-color":"","overlay-opacity":"","overlay-gradient":""}},"ast-content-background-meta":{"desktop":{"background-color":"var(--ast-global-color-5)","background-image":"","background-repeat":"repeat","background-position":"center center","background-size":"auto","background-attachment":"scroll","background-type":"","background-media":"","overlay-type":"","overlay-color":"","overlay-opacity":"","overlay-gradient":""},"tablet":{"background-color":"var(--ast-global-color-5)","background-image":"","background-repeat":"repeat","background-position":"center center","background-size":"auto","background-attachment":"scroll","background-type":"","background-media":"","overlay-type":"","overlay-color":"","overlay-opacity":"","overlay-gradient":""},"mobile":{"background-color":"var(--ast-global-color-5)","background-image":"","background-repeat":"repeat","background-position":"center center","background-size":"auto","background-attachment":"scroll","background-type":"","background-media":"","overlay-type":"","overlay-color":"","overlay-opacity":"","overlay-gradient":""}}},"product_brand":[],"product_cat":[50,22,93],"product_tag":[],"class_list":{"0":"post-6260","1":"product","2":"type-product","3":"status-publish","4":"has-post-thumbnail","6":"product_cat-gc","7":"product_cat-odontologams","8":"product_cat-papildomos-prekes-odontologams","9":"desktop-align-center","10":"tablet-align-left","11":"mobile-align-left","13":"first","14":"instock","15":"sale","16":"shipping-taxable","17":"product-type-simple"},"_links":{"self":[{"href":"https:\/\/visiatsakymai.lt\/en\/wp-json\/wp\/v2\/product\/6260","targetHints":{"allow":["GET"]}}],"collection":[{"href":"https:\/\/visiatsakymai.lt\/en\/wp-json\/wp\/v2\/product"}],"about":[{"href":"https:\/\/visiatsakymai.lt\/en\/wp-json\/wp\/v2\/types\/product"}],"wp:featuredmedia":[{"embeddable":true,"href":"https:\/\/visiatsakymai.lt\/en\/wp-json\/wp\/v2\/media\/6261"}],"wp:attachment":[{"href":"https:\/\/visiatsakymai.lt\/en\/wp-json\/wp\/v2\/media?parent=6260"}],"wp:term":[{"taxonomy":"product_brand","embeddable":true,"href":"https:\/\/visiatsakymai.lt\/en\/wp-json\/wp\/v2\/product_brand?post=6260"},{"taxonomy":"product_cat","embeddable":true,"href":"https:\/\/visiatsakymai.lt\/en\/wp-json\/wp\/v2\/product_cat?post=6260"},{"taxonomy":"product_tag","embeddable":true,"href":"https:\/\/visiatsakymai.lt\/en\/wp-json\/wp\/v2\/product_tag?post=6260"}],"curies":[{"name":"wp","href":"https:\/\/api.w.org\/{rel}","templated":true}]}}