{"id":6170,"date":"2023-06-06T07:50:59","date_gmt":"2023-06-06T07:50:59","guid":{"rendered":"https:\/\/visiatsakymai.lt\/?post_type=product&#038;p=6170"},"modified":"2024-06-05T11:25:06","modified_gmt":"2024-06-05T11:25:06","slug":"harvard-cement-iprasto-kietejimo-cementas","status":"publish","type":"product","link":"https:\/\/visiatsakymai.lt\/en\/product\/harvard-cement-iprasto-kietejimo-cementas\/","title":{"rendered":"Harvard cement - ordinary hardening cement"},"content":{"rendered":"<div class=\"module text\">\n<div class=\"bodytext description\">\n<p class=\"subtitle\">Harvard Cement normal hardening:<\/p>\n<p>Features:<\/p>\n<ul>\n<li>Pressure resistance<\/li>\n<li>Does not shrink during curing<\/li>\n<li>Good biocompatibility<\/li>\n<li>Easy and convenient to use<\/li>\n<li>It is convenient to apply a thin layer of material<\/li>\n<\/ul>\n<p>Usage:<\/p>\n<ul>\n<li>For fixing bridges and crowns;<\/li>\n<li>For cementation on implants;<\/li>\n<li>Also for zirconium oxide, aluminum oxide and lithium disilicate ceramics;<\/li>\n<li>For cementation of inlays, as a cavity liner, temporary filling in the area of back teeth, pin reconstruction, orthodontic work.<\/li>\n<\/ul>\n<p>Powder 100 g, liquid 40 ml<\/p>\n<\/div>\n<\/div>","protected":false},"excerpt":{"rendered":"<p>Harvard Cementas \u012fprasto kiet\u0117jimo: Savyb\u0117s: Atsparumas spaudimui Kietinant nesusitraukia Geras biosuderinamumas Lengva ir patogu naudoti Patogu aplikuoti plon\u0105 med\u017eiagos sluoksn\u012f Naudojimas: Tilt\u0173 ir vainik\u0117li\u0173 fiksavimui; Cementavimui ant implant\u0173; Taip pat cirkonio oksido, aliuminio oksido ir li\u010dio disilikato keramikai; \u012eklot\u0173 cementavimui, kaip ertmi\u0173 laineris, laikinas u\u017epildas galini\u0173 dant\u0173 srityje, kai\u0161\u010dio rekonstrukcijoje, ortodontiniuose darbuose. Milteliai 100 g [&hellip;]<\/p>\n","protected":false},"featured_media":6171,"template":"","meta":{"site-sidebar-layout":"default","site-content-layout":"default","ast-site-content-layout":"default","site-content-style":"default","site-sidebar-style":"default","ast-global-header-display":"","ast-banner-title-visibility":"","ast-main-header-display":"","ast-hfb-above-header-display":"","ast-hfb-below-header-display":"","ast-hfb-mobile-header-display":"","site-post-title":"","ast-breadcrumbs-content":"","ast-featured-img":"","footer-sml-layout":"","ast-disable-related-posts":"","theme-transparent-header-meta":"default","adv-header-id-meta":"","stick-header-meta":"","header-above-stick-meta":"","header-main-stick-meta":"","header-below-stick-meta":"","astra-migrate-meta-layouts":"set","ast-page-background-enabled":"default","ast-page-background-meta":{"desktop":{"background-color":"var(--ast-global-color-4)","background-image":"","background-repeat":"repeat","background-position":"center center","background-size":"auto","background-attachment":"scroll","background-type":"","background-media":"","overlay-type":"","overlay-color":"","overlay-opacity":"","overlay-gradient":""},"tablet":{"background-color":"","background-image":"","background-repeat":"repeat","background-position":"center center","background-size":"auto","background-attachment":"scroll","background-type":"","background-media":"","overlay-type":"","overlay-color":"","overlay-opacity":"","overlay-gradient":""},"mobile":{"background-color":"","background-image":"","background-repeat":"repeat","background-position":"center center","background-size":"auto","background-attachment":"scroll","background-type":"","background-media":"","overlay-type":"","overlay-color":"","overlay-opacity":"","overlay-gradient":""}},"ast-content-background-meta":{"desktop":{"background-color":"var(--ast-global-color-5)","background-image":"","background-repeat":"repeat","background-position":"center center","background-size":"auto","background-attachment":"scroll","background-type":"","background-media":"","overlay-type":"","overlay-color":"","overlay-opacity":"","overlay-gradient":""},"tablet":{"background-color":"var(--ast-global-color-5)","background-image":"","background-repeat":"repeat","background-position":"center center","background-size":"auto","background-attachment":"scroll","background-type":"","background-media":"","overlay-type":"","overlay-color":"","overlay-opacity":"","overlay-gradient":""},"mobile":{"background-color":"var(--ast-global-color-5)","background-image":"","background-repeat":"repeat","background-position":"center center","background-size":"auto","background-attachment":"scroll","background-type":"","background-media":"","overlay-type":"","overlay-color":"","overlay-opacity":"","overlay-gradient":""}}},"product_brand":[],"product_cat":[38,22],"product_tag":[],"class_list":{"0":"post-6170","1":"product","2":"type-product","3":"status-publish","4":"has-post-thumbnail","6":"product_cat-cementai","7":"product_cat-odontologams","8":"desktop-align-center","9":"tablet-align-left","10":"mobile-align-left","12":"first","13":"instock","14":"shipping-taxable","15":"product-type-variable"},"_links":{"self":[{"href":"https:\/\/visiatsakymai.lt\/en\/wp-json\/wp\/v2\/product\/6170","targetHints":{"allow":["GET"]}}],"collection":[{"href":"https:\/\/visiatsakymai.lt\/en\/wp-json\/wp\/v2\/product"}],"about":[{"href":"https:\/\/visiatsakymai.lt\/en\/wp-json\/wp\/v2\/types\/product"}],"wp:featuredmedia":[{"embeddable":true,"href":"https:\/\/visiatsakymai.lt\/en\/wp-json\/wp\/v2\/media\/6171"}],"wp:attachment":[{"href":"https:\/\/visiatsakymai.lt\/en\/wp-json\/wp\/v2\/media?parent=6170"}],"wp:term":[{"taxonomy":"product_brand","embeddable":true,"href":"https:\/\/visiatsakymai.lt\/en\/wp-json\/wp\/v2\/product_brand?post=6170"},{"taxonomy":"product_cat","embeddable":true,"href":"https:\/\/visiatsakymai.lt\/en\/wp-json\/wp\/v2\/product_cat?post=6170"},{"taxonomy":"product_tag","embeddable":true,"href":"https:\/\/visiatsakymai.lt\/en\/wp-json\/wp\/v2\/product_tag?post=6170"}],"curies":[{"name":"wp","href":"https:\/\/api.w.org\/{rel}","templated":true}]}}