{"id":6134,"date":"2023-06-02T14:47:49","date_gmt":"2023-06-02T14:47:49","guid":{"rendered":"https:\/\/visiatsakymai.lt\/?post_type=product&#038;p=6134"},"modified":"2024-01-30T08:33:15","modified_gmt":"2024-01-30T08:33:15","slug":"burnos-irigatorius-waterpik-wp-160-ultra-plus","status":"publish","type":"product","link":"https:\/\/visiatsakymai.lt\/en\/product\/burnos-irigatorius-waterpik-wp-160-ultra-plus\/","title":{"rendered":"Oral irrigator Waterpik WP-160 ULTRA PLUS"},"content":{"rendered":"<p><strong>Characteristics:<br \/>\n<\/strong><br \/>\n\u2022 Advanced water pressure control system: ten levels of current strength from 10 to 100 psi<br \/>\n\u2022 More compact and quieter than previous models.<br \/>\n\u2022 Seven irrigator nozzles. JT(2pcs), OD, PS, TB, TC, PP.<br \/>\n\u2022 Water capacity that lasts for 90 seconds.<br \/>\n\u2022 ON\/OFF button on the handle.<br \/>\n\u2022 Reservoir capacity 651 ml<br \/>\n\u2022 Tips can be stored in the reservoir cap.<br \/>\n\u2022 The nozzle can be rotated 360 degrees.<\/p>\n<p><strong>In the set you will find:<br \/>\n<\/strong><br \/>\n\u2022 Standard nozzle JT-100E, 2 pcs. For daily oral hygiene care<br \/>\n\u2022 Tongue cleaner TC-100E, 1 pc. For removing odor-causing bacteria<br \/>\n\u2022 Tip Pik Pocket PP-2, 1 pc. For rinsing gum pockets<br \/>\n\u2022 Orthodontic tip OD-100E, 1 pc. For cleaning hard-to-reach places around braces and other prostheses<br \/>\n\u2022 Plaque Seeker\u2122 Tip PS-100E, 1 pc. For cleaning hard-to-reach dental plaque and care for implants<br \/>\n\u2022 Toothbrush TB-100E 1pc. A traditional toothbrush. Can be used with toothpaste. It is recommended to change every 3 months.<\/p>","protected":false},"excerpt":{"rendered":"<p>Charakteristikos: \u2022\u00a0Tobulesn\u0117 vandens sl\u0117gio reguliavimo sistema: de\u0161imt srov\u0117s stiprumo lygi\u0173 nuo 10 iki 100 psi \u2022\u00a0Kompakti\u0161kesnis ir tylesnis nei ankstesnieji modeliai. \u2022\u00a0Septyni irigatoriaus antgaliai. JT(2vnt.), OD, PS, TB, TC, PP. \u2022\u00a0Vandens talpa, kurios u\u017etenka 90 sekund\u017ei\u0173. \u2022 ON\/OFF mygtukas ant ranken\u0117l\u0117s. \u2022 Rezervuaro talpa 651 ml \u2022\u00a0Rezervuaro dangtelyje galima susid\u0117ti antgalius. \u2022\u00a0Antgalis gali b\u016bti pasukamas [&hellip;]<\/p>\n","protected":false},"featured_media":6135,"template":"","meta":{"site-sidebar-layout":"default","site-content-layout":"default","ast-site-content-layout":"default","site-content-style":"default","site-sidebar-style":"default","ast-global-header-display":"","ast-banner-title-visibility":"","ast-main-header-display":"","ast-hfb-above-header-display":"","ast-hfb-below-header-display":"","ast-hfb-mobile-header-display":"","site-post-title":"","ast-breadcrumbs-content":"","ast-featured-img":"","footer-sml-layout":"","ast-disable-related-posts":"","theme-transparent-header-meta":"default","adv-header-id-meta":"","stick-header-meta":"","header-above-stick-meta":"","header-main-stick-meta":"","header-below-stick-meta":"","astra-migrate-meta-layouts":"default","ast-page-background-enabled":"default","ast-page-background-meta":{"desktop":{"background-color":"var(--ast-global-color-4)","background-image":"","background-repeat":"repeat","background-position":"center center","background-size":"auto","background-attachment":"scroll","background-type":"","background-media":"","overlay-type":"","overlay-color":"","overlay-opacity":"","overlay-gradient":""},"tablet":{"background-color":"","background-image":"","background-repeat":"repeat","background-position":"center center","background-size":"auto","background-attachment":"scroll","background-type":"","background-media":"","overlay-type":"","overlay-color":"","overlay-opacity":"","overlay-gradient":""},"mobile":{"background-color":"","background-image":"","background-repeat":"repeat","background-position":"center center","background-size":"auto","background-attachment":"scroll","background-type":"","background-media":"","overlay-type":"","overlay-color":"","overlay-opacity":"","overlay-gradient":""}},"ast-content-background-meta":{"desktop":{"background-color":"var(--ast-global-color-5)","background-image":"","background-repeat":"repeat","background-position":"center center","background-size":"auto","background-attachment":"scroll","background-type":"","background-media":"","overlay-type":"","overlay-color":"","overlay-opacity":"","overlay-gradient":""},"tablet":{"background-color":"var(--ast-global-color-5)","background-image":"","background-repeat":"repeat","background-position":"center center","background-size":"auto","background-attachment":"scroll","background-type":"","background-media":"","overlay-type":"","overlay-color":"","overlay-opacity":"","overlay-gradient":""},"mobile":{"background-color":"var(--ast-global-color-5)","background-image":"","background-repeat":"repeat","background-position":"center center","background-size":"auto","background-attachment":"scroll","background-type":"","background-media":"","overlay-type":"","overlay-color":"","overlay-opacity":"","overlay-gradient":""}}},"product_brand":[],"product_cat":[71,76,77,72],"product_tag":[],"class_list":{"0":"post-6134","1":"product","2":"type-product","3":"status-publish","4":"has-post-thumbnail","6":"product_cat-burnos-prieziuros-priemones","7":"product_cat-dantu-pastos","8":"product_cat-dantu-sepeteliai","9":"product_cat-skalavimo-skysciai","10":"desktop-align-center","11":"tablet-align-left","12":"mobile-align-left","14":"first","15":"instock","16":"shipping-taxable","17":"product-type-simple"},"_links":{"self":[{"href":"https:\/\/visiatsakymai.lt\/en\/wp-json\/wp\/v2\/product\/6134","targetHints":{"allow":["GET"]}}],"collection":[{"href":"https:\/\/visiatsakymai.lt\/en\/wp-json\/wp\/v2\/product"}],"about":[{"href":"https:\/\/visiatsakymai.lt\/en\/wp-json\/wp\/v2\/types\/product"}],"wp:featuredmedia":[{"embeddable":true,"href":"https:\/\/visiatsakymai.lt\/en\/wp-json\/wp\/v2\/media\/6135"}],"wp:attachment":[{"href":"https:\/\/visiatsakymai.lt\/en\/wp-json\/wp\/v2\/media?parent=6134"}],"wp:term":[{"taxonomy":"product_brand","embeddable":true,"href":"https:\/\/visiatsakymai.lt\/en\/wp-json\/wp\/v2\/product_brand?post=6134"},{"taxonomy":"product_cat","embeddable":true,"href":"https:\/\/visiatsakymai.lt\/en\/wp-json\/wp\/v2\/product_cat?post=6134"},{"taxonomy":"product_tag","embeddable":true,"href":"https:\/\/visiatsakymai.lt\/en\/wp-json\/wp\/v2\/product_tag?post=6134"}],"curies":[{"name":"wp","href":"https:\/\/api.w.org\/{rel}","templated":true}]}}