{"id":6120,"date":"2023-06-02T14:19:36","date_gmt":"2023-06-02T14:19:36","guid":{"rendered":"https:\/\/visiatsakymai.lt\/?post_type=product&#038;p=6120"},"modified":"2025-09-18T15:46:45","modified_gmt":"2025-09-18T15:46:45","slug":"innova-liquid-enamel-burnos-skalavimo-skystis","status":"publish","type":"product","link":"https:\/\/visiatsakymai.lt\/en\/product\/innova-liquid-enamel-burnos-skalavimo-skystis\/","title":{"rendered":"INNOVA\u00ae LIQUID ENAMEL mouthwash"},"content":{"rendered":"<div class=\"col-xs-12\">\n<div class=\"ipa_body\">\n<div class=\"ipab_box active\">NNOVA ABRASIVE-FREE \u201cLIQUID ENAMEL\u201d SUSPENSION mouthwash with an effective active nano form of hydroxyapatite penetrates deep into the open dentin tubules (microscopic channels spreading from the bottom of the enamel surface to the inside of the tooth, called the pulp) and completely fills them, strengthens the enamel and reduces increased sensitivity of the teeth, as well as the neck area. This enamel-strengthening and regenerating mouthwash contains red grape seed extract, which provides effective protection against the formation of dental cavities. Natural stevia, vitamin E and polyphenols (eucalyptol, thymol and anethole) protect the gums. WhiTanine (calcium\/magnesium\/zinc hydroxyapatite + tannase) unique whitening and enamel strengthening system regenerates enamel, protects a healthy oral cavity, gently whitens and polishes tooth enamel giving it a wonderful shine. 97.6 % NATURAL. CLINICALLY APPROVED.<\/div>\n<div class=\"ipab_box active\">FREE OF FLUORINE<\/div>\n<div>220 ml<\/div>\n<\/div>\n<\/div>","protected":false},"excerpt":{"rendered":"<p>NNOVA ABRASIVE-FREE \u201cLIQUID ENAMEL\u201d SUSPENSION burnos skalavimo skystis su veiksmingu hidroksiapatito veiklios nano formos d\u0117ka giliai prasiskverbia \u012f atvirus dentino kanal\u0117lius (mikroskopinius kanalus, pasklindan\u010dius nuo emalio pavir\u0161iaus apa\u010dios \u012f danties vid\u0173, vadinam\u0105 mink\u0161timu) ir juos pilnai u\u017epildo, stiprina emal\u012f ir ma\u017eina padid\u0117jus\u012f dant\u0173, taip pat ir kaklelio srities jautrum\u0105. \u0160iame emal\u012f stiprinan\u010diame ir regeneruojan\u010diame burnos [&hellip;]<\/p>\n","protected":false},"featured_media":6121,"template":"","meta":{"site-sidebar-layout":"default","site-content-layout":"default","ast-site-content-layout":"default","site-content-style":"default","site-sidebar-style":"default","ast-global-header-display":"","ast-banner-title-visibility":"","ast-main-header-display":"","ast-hfb-above-header-display":"","ast-hfb-below-header-display":"","ast-hfb-mobile-header-display":"","site-post-title":"","ast-breadcrumbs-content":"","ast-featured-img":"","footer-sml-layout":"","ast-disable-related-posts":"","theme-transparent-header-meta":"default","adv-header-id-meta":"","stick-header-meta":"","header-above-stick-meta":"","header-main-stick-meta":"","header-below-stick-meta":"","astra-migrate-meta-layouts":"default","ast-page-background-enabled":"default","ast-page-background-meta":{"desktop":{"background-color":"var(--ast-global-color-4)","background-image":"","background-repeat":"repeat","background-position":"center center","background-size":"auto","background-attachment":"scroll","background-type":"","background-media":"","overlay-type":"","overlay-color":"","overlay-opacity":"","overlay-gradient":""},"tablet":{"background-color":"","background-image":"","background-repeat":"repeat","background-position":"center center","background-size":"auto","background-attachment":"scroll","background-type":"","background-media":"","overlay-type":"","overlay-color":"","overlay-opacity":"","overlay-gradient":""},"mobile":{"background-color":"","background-image":"","background-repeat":"repeat","background-position":"center center","background-size":"auto","background-attachment":"scroll","background-type":"","background-media":"","overlay-type":"","overlay-color":"","overlay-opacity":"","overlay-gradient":""}},"ast-content-background-meta":{"desktop":{"background-color":"var(--ast-global-color-5)","background-image":"","background-repeat":"repeat","background-position":"center center","background-size":"auto","background-attachment":"scroll","background-type":"","background-media":"","overlay-type":"","overlay-color":"","overlay-opacity":"","overlay-gradient":""},"tablet":{"background-color":"var(--ast-global-color-5)","background-image":"","background-repeat":"repeat","background-position":"center center","background-size":"auto","background-attachment":"scroll","background-type":"","background-media":"","overlay-type":"","overlay-color":"","overlay-opacity":"","overlay-gradient":""},"mobile":{"background-color":"var(--ast-global-color-5)","background-image":"","background-repeat":"repeat","background-position":"center center","background-size":"auto","background-attachment":"scroll","background-type":"","background-media":"","overlay-type":"","overlay-color":"","overlay-opacity":"","overlay-gradient":""}}},"product_brand":[],"product_cat":[71,72],"product_tag":[],"class_list":{"0":"post-6120","1":"product","2":"type-product","3":"status-publish","4":"has-post-thumbnail","6":"product_cat-burnos-prieziuros-priemones","7":"product_cat-skalavimo-skysciai","8":"desktop-align-center","9":"tablet-align-left","10":"mobile-align-left","12":"first","13":"outofstock","14":"shipping-taxable","15":"product-type-simple"},"_links":{"self":[{"href":"https:\/\/visiatsakymai.lt\/en\/wp-json\/wp\/v2\/product\/6120","targetHints":{"allow":["GET"]}}],"collection":[{"href":"https:\/\/visiatsakymai.lt\/en\/wp-json\/wp\/v2\/product"}],"about":[{"href":"https:\/\/visiatsakymai.lt\/en\/wp-json\/wp\/v2\/types\/product"}],"wp:featuredmedia":[{"embeddable":true,"href":"https:\/\/visiatsakymai.lt\/en\/wp-json\/wp\/v2\/media\/6121"}],"wp:attachment":[{"href":"https:\/\/visiatsakymai.lt\/en\/wp-json\/wp\/v2\/media?parent=6120"}],"wp:term":[{"taxonomy":"product_brand","embeddable":true,"href":"https:\/\/visiatsakymai.lt\/en\/wp-json\/wp\/v2\/product_brand?post=6120"},{"taxonomy":"product_cat","embeddable":true,"href":"https:\/\/visiatsakymai.lt\/en\/wp-json\/wp\/v2\/product_cat?post=6120"},{"taxonomy":"product_tag","embeddable":true,"href":"https:\/\/visiatsakymai.lt\/en\/wp-json\/wp\/v2\/product_tag?post=6120"}],"curies":[{"name":"wp","href":"https:\/\/api.w.org\/{rel}","templated":true}]}}