{"id":6109,"date":"2023-06-02T14:02:04","date_gmt":"2023-06-02T14:02:04","guid":{"rendered":"https:\/\/visiatsakymai.lt\/?post_type=product&#038;p=6109"},"modified":"2023-06-02T14:03:02","modified_gmt":"2023-06-02T14:03:02","slug":"mirasensitive-hap-dantu-pasta","status":"publish","type":"product","link":"https:\/\/visiatsakymai.lt\/en\/product\/mirasensitive-hap-dantu-pasta\/","title":{"rendered":"Mirasensitive hap+ toothpaste"},"content":{"rendered":"<p>Mirasensitive hap + paste (with double complex) is intended for sensitive teeth. It helps and immediately relieves sensitivity reactions.<br \/>\nHydroxyapatite (hap) is the natural, mineral equivalent of the tooth substance, which mainly consists of enamel. When cleaning teeth with Mirasensitive hap +, we force hydroxyapatite to penetrate the dentin and close the open tubules of the tooth. The fluoride and xylitol present in the paste protect tooth surfaces from caries.<\/p>\n<p>Advantages:<br \/>\n- sealing of open dentin tubules<br \/>\n\u2013 creates biomimetic enamel due to 30 % hydroxyapatite<br \/>\n\u2013 calms the nerve of the tooth due to the presence of potassium ions<br \/>\nA daily treatment that protects teeth from painful irritants<br \/>\nContains fluoride and xylitol to protect against caries.<\/p>\n<p>50 ml<\/p>","protected":false},"excerpt":{"rendered":"<p>Mirasensitive hap + pasta (su dvigubu kompleksu) skirta jautriems dantims. Ji padeda ir i\u0161 karto numal\u0161ina jautrumo reakcijas. Hidroksiapatitas (hap) yra nat\u016bralios, mineralin\u0117s danties med\u017eiagos, kuri\u0105 daugiausia sudaro emalis, atitikmuo.\u00a0Valydami dantis Mirasensitive hap +, mes priver\u010diame hidroksiapatit\u0105 prasiskverbti \u012f dentin\u0105 ir u\u017edaryti atvirus danties kanal\u0117lius.\u00a0Pastoje esantis fluoras ir ksilitolis apsaugo dant\u0173 pavir\u0161ius nuo \u0117duonies. Privalumai: [&hellip;]<\/p>\n","protected":false},"featured_media":6110,"template":"","meta":{"site-sidebar-layout":"default","site-content-layout":"default","ast-site-content-layout":"default","site-content-style":"default","site-sidebar-style":"default","ast-global-header-display":"","ast-banner-title-visibility":"","ast-main-header-display":"","ast-hfb-above-header-display":"","ast-hfb-below-header-display":"","ast-hfb-mobile-header-display":"","site-post-title":"","ast-breadcrumbs-content":"","ast-featured-img":"","footer-sml-layout":"","ast-disable-related-posts":"","theme-transparent-header-meta":"default","adv-header-id-meta":"","stick-header-meta":"","header-above-stick-meta":"","header-main-stick-meta":"","header-below-stick-meta":"","astra-migrate-meta-layouts":"default","ast-page-background-enabled":"default","ast-page-background-meta":{"desktop":{"background-color":"var(--ast-global-color-4)","background-image":"","background-repeat":"repeat","background-position":"center center","background-size":"auto","background-attachment":"scroll","background-type":"","background-media":"","overlay-type":"","overlay-color":"","overlay-opacity":"","overlay-gradient":""},"tablet":{"background-color":"","background-image":"","background-repeat":"repeat","background-position":"center center","background-size":"auto","background-attachment":"scroll","background-type":"","background-media":"","overlay-type":"","overlay-color":"","overlay-opacity":"","overlay-gradient":""},"mobile":{"background-color":"","background-image":"","background-repeat":"repeat","background-position":"center center","background-size":"auto","background-attachment":"scroll","background-type":"","background-media":"","overlay-type":"","overlay-color":"","overlay-opacity":"","overlay-gradient":""}},"ast-content-background-meta":{"desktop":{"background-color":"var(--ast-global-color-5)","background-image":"","background-repeat":"repeat","background-position":"center center","background-size":"auto","background-attachment":"scroll","background-type":"","background-media":"","overlay-type":"","overlay-color":"","overlay-opacity":"","overlay-gradient":""},"tablet":{"background-color":"var(--ast-global-color-5)","background-image":"","background-repeat":"repeat","background-position":"center center","background-size":"auto","background-attachment":"scroll","background-type":"","background-media":"","overlay-type":"","overlay-color":"","overlay-opacity":"","overlay-gradient":""},"mobile":{"background-color":"var(--ast-global-color-5)","background-image":"","background-repeat":"repeat","background-position":"center center","background-size":"auto","background-attachment":"scroll","background-type":"","background-media":"","overlay-type":"","overlay-color":"","overlay-opacity":"","overlay-gradient":""}}},"product_brand":[],"product_cat":[71,76,78],"product_tag":[],"class_list":{"0":"post-6109","1":"product","2":"type-product","3":"status-publish","4":"has-post-thumbnail","6":"product_cat-burnos-prieziuros-priemones","7":"product_cat-dantu-pastos","8":"product_cat-hager-werken","9":"desktop-align-center","10":"tablet-align-left","11":"mobile-align-left","13":"first","14":"instock","15":"shipping-taxable","16":"product-type-simple"},"_links":{"self":[{"href":"https:\/\/visiatsakymai.lt\/en\/wp-json\/wp\/v2\/product\/6109","targetHints":{"allow":["GET"]}}],"collection":[{"href":"https:\/\/visiatsakymai.lt\/en\/wp-json\/wp\/v2\/product"}],"about":[{"href":"https:\/\/visiatsakymai.lt\/en\/wp-json\/wp\/v2\/types\/product"}],"wp:featuredmedia":[{"embeddable":true,"href":"https:\/\/visiatsakymai.lt\/en\/wp-json\/wp\/v2\/media\/6110"}],"wp:attachment":[{"href":"https:\/\/visiatsakymai.lt\/en\/wp-json\/wp\/v2\/media?parent=6109"}],"wp:term":[{"taxonomy":"product_brand","embeddable":true,"href":"https:\/\/visiatsakymai.lt\/en\/wp-json\/wp\/v2\/product_brand?post=6109"},{"taxonomy":"product_cat","embeddable":true,"href":"https:\/\/visiatsakymai.lt\/en\/wp-json\/wp\/v2\/product_cat?post=6109"},{"taxonomy":"product_tag","embeddable":true,"href":"https:\/\/visiatsakymai.lt\/en\/wp-json\/wp\/v2\/product_tag?post=6109"}],"curies":[{"name":"wp","href":"https:\/\/api.w.org\/{rel}","templated":true}]}}