{"id":6097,"date":"2023-06-02T13:57:33","date_gmt":"2023-06-02T13:57:33","guid":{"rendered":"https:\/\/visiatsakymai.lt\/?post_type=product&#038;p=6097"},"modified":"2026-03-02T13:33:29","modified_gmt":"2026-03-02T13:33:29","slug":"gc-mi-paste-plus","status":"publish","type":"product","link":"https:\/\/visiatsakymai.lt\/en\/product\/gc-mi-paste-plus\/","title":{"rendered":"GC MI Paste Plus"},"content":{"rendered":"<p>GC &quot;MI Paste Plus Recaldent&quot; tooth cream is prescribed for patients with sensitive teeth, dry mouth syndrome (xerotomy), worn or damaged tooth enamel. Helps to neutralize acids and gives a feeling of cleanliness. Especially suitable for restoring missing materials after teeth whitening procedures, professional hygiene, tooth root canal treatment. Studies have shown that using Recaldent<sup>TM<\/sup> , the matte white spots on the teeth can disappear, and the teeth will regain their natural transparency.<\/p>\n<p>Sodium fluoride 0.2% W\/W (900ppm F)<\/p>\n<p>35 ml<\/p>","protected":false},"excerpt":{"rendered":"<p>GC \u201eMI Paste Plus Recaldent\u201c dant\u0173 kremas skiriamas pacientams turintiems jautrius dantis, burnos d\u017ei\u016bvimo sindrom\u0105 (kserotomija), nusid\u0117v\u0117jus\u012f ar pa\u017eeist\u0105 dant\u0173 emal\u012f. Padeda neutralizuoti r\u016bg\u0161tis bei suteikia \u0161varos poj\u016bt\u012f. Ypatingai tinka po dant\u0173 balinimo proced\u016br\u0173, profesionalios higienos, danties \u0161aknies kanal\u0173 gydymo tr\u016bkstamoms med\u017eiagoms atstatyti. Tyrimai parod\u0117, kad naudojant RecaldentTM , matin\u0117s baltos dant\u0173 d\u0117m\u0117s gali i\u0161nykti, [&hellip;]<\/p>\n","protected":false},"featured_media":6098,"template":"","meta":{"site-sidebar-layout":"default","site-content-layout":"default","ast-site-content-layout":"default","site-content-style":"default","site-sidebar-style":"default","ast-global-header-display":"","ast-banner-title-visibility":"","ast-main-header-display":"","ast-hfb-above-header-display":"","ast-hfb-below-header-display":"","ast-hfb-mobile-header-display":"","site-post-title":"","ast-breadcrumbs-content":"","ast-featured-img":"","footer-sml-layout":"","ast-disable-related-posts":"","theme-transparent-header-meta":"default","adv-header-id-meta":"","stick-header-meta":"","header-above-stick-meta":"","header-main-stick-meta":"","header-below-stick-meta":"","astra-migrate-meta-layouts":"set","ast-page-background-enabled":"default","ast-page-background-meta":{"desktop":{"background-color":"var(--ast-global-color-4)","background-image":"","background-repeat":"repeat","background-position":"center center","background-size":"auto","background-attachment":"scroll","background-type":"","background-media":"","overlay-type":"","overlay-color":"","overlay-opacity":"","overlay-gradient":""},"tablet":{"background-color":"","background-image":"","background-repeat":"repeat","background-position":"center center","background-size":"auto","background-attachment":"scroll","background-type":"","background-media":"","overlay-type":"","overlay-color":"","overlay-opacity":"","overlay-gradient":""},"mobile":{"background-color":"","background-image":"","background-repeat":"repeat","background-position":"center center","background-size":"auto","background-attachment":"scroll","background-type":"","background-media":"","overlay-type":"","overlay-color":"","overlay-opacity":"","overlay-gradient":""}},"ast-content-background-meta":{"desktop":{"background-color":"var(--ast-global-color-5)","background-image":"","background-repeat":"repeat","background-position":"center center","background-size":"auto","background-attachment":"scroll","background-type":"","background-media":"","overlay-type":"","overlay-color":"","overlay-opacity":"","overlay-gradient":""},"tablet":{"background-color":"var(--ast-global-color-5)","background-image":"","background-repeat":"repeat","background-position":"center center","background-size":"auto","background-attachment":"scroll","background-type":"","background-media":"","overlay-type":"","overlay-color":"","overlay-opacity":"","overlay-gradient":""},"mobile":{"background-color":"var(--ast-global-color-5)","background-image":"","background-repeat":"repeat","background-position":"center center","background-size":"auto","background-attachment":"scroll","background-type":"","background-media":"","overlay-type":"","overlay-color":"","overlay-opacity":"","overlay-gradient":""}}},"product_brand":[],"product_cat":[71,76,50],"product_tag":[],"class_list":{"0":"post-6097","1":"product","2":"type-product","3":"status-publish","4":"has-post-thumbnail","6":"product_cat-burnos-prieziuros-priemones","7":"product_cat-dantu-pastos","8":"product_cat-gc","9":"desktop-align-center","10":"tablet-align-left","11":"mobile-align-left","13":"first","14":"outofstock","15":"shipping-taxable","16":"product-type-simple"},"_links":{"self":[{"href":"https:\/\/visiatsakymai.lt\/en\/wp-json\/wp\/v2\/product\/6097","targetHints":{"allow":["GET"]}}],"collection":[{"href":"https:\/\/visiatsakymai.lt\/en\/wp-json\/wp\/v2\/product"}],"about":[{"href":"https:\/\/visiatsakymai.lt\/en\/wp-json\/wp\/v2\/types\/product"}],"wp:featuredmedia":[{"embeddable":true,"href":"https:\/\/visiatsakymai.lt\/en\/wp-json\/wp\/v2\/media\/6098"}],"wp:attachment":[{"href":"https:\/\/visiatsakymai.lt\/en\/wp-json\/wp\/v2\/media?parent=6097"}],"wp:term":[{"taxonomy":"product_brand","embeddable":true,"href":"https:\/\/visiatsakymai.lt\/en\/wp-json\/wp\/v2\/product_brand?post=6097"},{"taxonomy":"product_cat","embeddable":true,"href":"https:\/\/visiatsakymai.lt\/en\/wp-json\/wp\/v2\/product_cat?post=6097"},{"taxonomy":"product_tag","embeddable":true,"href":"https:\/\/visiatsakymai.lt\/en\/wp-json\/wp\/v2\/product_tag?post=6097"}],"curies":[{"name":"wp","href":"https:\/\/api.w.org\/{rel}","templated":true}]}}