{"id":6018,"date":"2023-05-31T15:04:16","date_gmt":"2023-05-31T15:04:16","guid":{"rendered":"https:\/\/visiatsakymai.lt\/?post_type=product&#038;p=6018"},"modified":"2023-05-31T15:04:23","modified_gmt":"2023-05-31T15:04:23","slug":"cdp-skystas-muilas-velvet-seaweed-495-ml","status":"publish","type":"product","link":"https:\/\/visiatsakymai.lt\/en\/product\/cdp-skystas-muilas-velvet-seaweed-495-ml\/","title":{"rendered":"CDP liquid soap &quot;Velvet Seaweed&quot; 495 ml"},"content":{"rendered":"<div id=\"product-description-short-19803\">\n<p>Gently cleans hands and body, helps preserve skin moisture.<\/p>\n<p>\u2013 Soap enriched with Mediterranean algae and vegetable oils gently cleanses and moisturizes the skin.<\/p>\n<p>\u2013 Seaweed rich in minerals is rejuvenating.<\/p>\n<p>- PDO olive oil nourishes the skin and protects it from negative environmental factors (Tested under artificial conditions), acting as a protective shield against pollution.<\/p>\n<p>\u2013 Sweet almond oil soothes and softens.<\/p>\n<\/div>","protected":false},"excerpt":{"rendered":"<p>\u0160velniai nuvalo rankas ir k\u016bn\u0105, padeda i\u0161saugoti odos dr\u0117gnum\u0105. &#8211; Vidur\u017eemio j\u016bros dumbliais ir augaliniais aliejais praturtintas muilas \u0161velniai nuvalo ir sudr\u0117kina od\u0105. &#8211; Daug mineral\u0173 turintys j\u016bros dumbliai atgaivina. &#8211; PDO alyvuogi\u0173 aliejus maitina od\u0105 ir saugo j\u0105 nuo neigiam\u0173 aplinkos veiksni\u0173 (Testavimas dirbtin\u0117mis s\u0105lygomis), veikdamas kaip apsauginis skydas nuo tar\u0161os. &#8211; Sald\u017ei\u0173j\u0173 migdol\u0173 [&hellip;]<\/p>\n","protected":false},"featured_media":6019,"template":"","meta":{"site-sidebar-layout":"default","site-content-layout":"default","ast-site-content-layout":"default","site-content-style":"default","site-sidebar-style":"default","ast-global-header-display":"","ast-banner-title-visibility":"","ast-main-header-display":"","ast-hfb-above-header-display":"","ast-hfb-below-header-display":"","ast-hfb-mobile-header-display":"","site-post-title":"","ast-breadcrumbs-content":"","ast-featured-img":"","footer-sml-layout":"","ast-disable-related-posts":"","theme-transparent-header-meta":"default","adv-header-id-meta":"","stick-header-meta":"","header-above-stick-meta":"","header-main-stick-meta":"","header-below-stick-meta":"","astra-migrate-meta-layouts":"default","ast-page-background-enabled":"default","ast-page-background-meta":{"desktop":{"background-color":"var(--ast-global-color-4)","background-image":"","background-repeat":"repeat","background-position":"center center","background-size":"auto","background-attachment":"scroll","background-type":"","background-media":"","overlay-type":"","overlay-color":"","overlay-opacity":"","overlay-gradient":""},"tablet":{"background-color":"","background-image":"","background-repeat":"repeat","background-position":"center center","background-size":"auto","background-attachment":"scroll","background-type":"","background-media":"","overlay-type":"","overlay-color":"","overlay-opacity":"","overlay-gradient":""},"mobile":{"background-color":"","background-image":"","background-repeat":"repeat","background-position":"center center","background-size":"auto","background-attachment":"scroll","background-type":"","background-media":"","overlay-type":"","overlay-color":"","overlay-opacity":"","overlay-gradient":""}},"ast-content-background-meta":{"desktop":{"background-color":"var(--ast-global-color-5)","background-image":"","background-repeat":"repeat","background-position":"center center","background-size":"auto","background-attachment":"scroll","background-type":"","background-media":"","overlay-type":"","overlay-color":"","overlay-opacity":"","overlay-gradient":""},"tablet":{"background-color":"var(--ast-global-color-5)","background-image":"","background-repeat":"repeat","background-position":"center center","background-size":"auto","background-attachment":"scroll","background-type":"","background-media":"","overlay-type":"","overlay-color":"","overlay-opacity":"","overlay-gradient":""},"mobile":{"background-color":"var(--ast-global-color-5)","background-image":"","background-repeat":"repeat","background-position":"center center","background-size":"auto","background-attachment":"scroll","background-type":"","background-media":"","overlay-type":"","overlay-color":"","overlay-opacity":"","overlay-gradient":""}}},"product_brand":[],"product_cat":[69,70],"product_tag":[],"class_list":{"0":"post-6018","1":"product","2":"type-product","3":"status-publish","4":"has-post-thumbnail","6":"product_cat-krispo","7":"product_cat-krispo-kvapai","8":"desktop-align-center","9":"tablet-align-left","10":"mobile-align-left","12":"first","13":"instock","14":"sale","15":"featured","16":"shipping-taxable","17":"product-type-simple"},"_links":{"self":[{"href":"https:\/\/visiatsakymai.lt\/en\/wp-json\/wp\/v2\/product\/6018","targetHints":{"allow":["GET"]}}],"collection":[{"href":"https:\/\/visiatsakymai.lt\/en\/wp-json\/wp\/v2\/product"}],"about":[{"href":"https:\/\/visiatsakymai.lt\/en\/wp-json\/wp\/v2\/types\/product"}],"wp:featuredmedia":[{"embeddable":true,"href":"https:\/\/visiatsakymai.lt\/en\/wp-json\/wp\/v2\/media\/6019"}],"wp:attachment":[{"href":"https:\/\/visiatsakymai.lt\/en\/wp-json\/wp\/v2\/media?parent=6018"}],"wp:term":[{"taxonomy":"product_brand","embeddable":true,"href":"https:\/\/visiatsakymai.lt\/en\/wp-json\/wp\/v2\/product_brand?post=6018"},{"taxonomy":"product_cat","embeddable":true,"href":"https:\/\/visiatsakymai.lt\/en\/wp-json\/wp\/v2\/product_cat?post=6018"},{"taxonomy":"product_tag","embeddable":true,"href":"https:\/\/visiatsakymai.lt\/en\/wp-json\/wp\/v2\/product_tag?post=6018"}],"curies":[{"name":"wp","href":"https:\/\/api.w.org\/{rel}","templated":true}]}}