{"id":6016,"date":"2023-05-31T15:03:03","date_gmt":"2023-05-31T15:03:03","guid":{"rendered":"https:\/\/visiatsakymai.lt\/?post_type=product&#038;p=6016"},"modified":"2023-05-31T15:03:10","modified_gmt":"2023-05-31T15:03:10","slug":"cdp-skystas-muilas-shea-butter-495-ml","status":"publish","type":"product","link":"https:\/\/visiatsakymai.lt\/en\/product\/cdp-skystas-muilas-shea-butter-495-ml\/","title":{"rendered":"CDP Liquid soap &quot;Shea Butter&quot; 495 ml"},"content":{"rendered":"<p><strong>SHEA BUTTER<\/strong> liquid soap with shea butter gently washes the skin of the hands without drying it out.<\/p>\n<p>More than 95% ingredients are of natural origin, and the packaging is recyclable, so the KARITE SHEA collection is safe not only for the body, but also for nature.<\/p>\n<p>&nbsp;<\/p>\n<p>COMPAGNIE DE PROVENCE is foot-tickling, toe-tickling herb-strewn hills and enchanting scents that reflect the character of southeastern France.<\/p>","protected":false},"excerpt":{"rendered":"<p>SHEA BUTTER skystas muilas su taukmed\u017eio sviestu \u0161velniai prausia rank\u0173 od\u0105 jos nei\u0161sausindamas. Daugiau nei 95% sud\u0117tini\u0173 med\u017eiag\u0173 yra nat\u016bralios kilm\u0117s, o pakuot\u0117s \u2013 perdirbamos, tad KARITE SHEA kolekcija yra saugi ne tik k\u016bnui, bet ir gamtai. &nbsp; COMPAGNIE DE PROVENCE \u2013 tai kojas kutenan\u010di\u0173 ir rank\u0173 pir\u0161tus siekian\u010di\u0173 \u017eoleli\u0173 nus\u0117tos kalvos ir pietry\u010di\u0173 Pranc\u016bzijos [&hellip;]<\/p>\n","protected":false},"featured_media":6017,"template":"","meta":{"site-sidebar-layout":"default","site-content-layout":"default","ast-site-content-layout":"default","site-content-style":"default","site-sidebar-style":"default","ast-global-header-display":"","ast-banner-title-visibility":"","ast-main-header-display":"","ast-hfb-above-header-display":"","ast-hfb-below-header-display":"","ast-hfb-mobile-header-display":"","site-post-title":"","ast-breadcrumbs-content":"","ast-featured-img":"","footer-sml-layout":"","ast-disable-related-posts":"","theme-transparent-header-meta":"default","adv-header-id-meta":"","stick-header-meta":"","header-above-stick-meta":"","header-main-stick-meta":"","header-below-stick-meta":"","astra-migrate-meta-layouts":"default","ast-page-background-enabled":"default","ast-page-background-meta":{"desktop":{"background-color":"var(--ast-global-color-4)","background-image":"","background-repeat":"repeat","background-position":"center center","background-size":"auto","background-attachment":"scroll","background-type":"","background-media":"","overlay-type":"","overlay-color":"","overlay-opacity":"","overlay-gradient":""},"tablet":{"background-color":"","background-image":"","background-repeat":"repeat","background-position":"center center","background-size":"auto","background-attachment":"scroll","background-type":"","background-media":"","overlay-type":"","overlay-color":"","overlay-opacity":"","overlay-gradient":""},"mobile":{"background-color":"","background-image":"","background-repeat":"repeat","background-position":"center center","background-size":"auto","background-attachment":"scroll","background-type":"","background-media":"","overlay-type":"","overlay-color":"","overlay-opacity":"","overlay-gradient":""}},"ast-content-background-meta":{"desktop":{"background-color":"var(--ast-global-color-5)","background-image":"","background-repeat":"repeat","background-position":"center center","background-size":"auto","background-attachment":"scroll","background-type":"","background-media":"","overlay-type":"","overlay-color":"","overlay-opacity":"","overlay-gradient":""},"tablet":{"background-color":"var(--ast-global-color-5)","background-image":"","background-repeat":"repeat","background-position":"center center","background-size":"auto","background-attachment":"scroll","background-type":"","background-media":"","overlay-type":"","overlay-color":"","overlay-opacity":"","overlay-gradient":""},"mobile":{"background-color":"var(--ast-global-color-5)","background-image":"","background-repeat":"repeat","background-position":"center center","background-size":"auto","background-attachment":"scroll","background-type":"","background-media":"","overlay-type":"","overlay-color":"","overlay-opacity":"","overlay-gradient":""}}},"product_brand":[],"product_cat":[69,70],"product_tag":[],"class_list":{"0":"post-6016","1":"product","2":"type-product","3":"status-publish","4":"has-post-thumbnail","6":"product_cat-krispo","7":"product_cat-krispo-kvapai","8":"desktop-align-center","9":"tablet-align-left","10":"mobile-align-left","12":"first","13":"instock","14":"sale","15":"featured","16":"shipping-taxable","17":"product-type-simple"},"_links":{"self":[{"href":"https:\/\/visiatsakymai.lt\/en\/wp-json\/wp\/v2\/product\/6016","targetHints":{"allow":["GET"]}}],"collection":[{"href":"https:\/\/visiatsakymai.lt\/en\/wp-json\/wp\/v2\/product"}],"about":[{"href":"https:\/\/visiatsakymai.lt\/en\/wp-json\/wp\/v2\/types\/product"}],"wp:featuredmedia":[{"embeddable":true,"href":"https:\/\/visiatsakymai.lt\/en\/wp-json\/wp\/v2\/media\/6017"}],"wp:attachment":[{"href":"https:\/\/visiatsakymai.lt\/en\/wp-json\/wp\/v2\/media?parent=6016"}],"wp:term":[{"taxonomy":"product_brand","embeddable":true,"href":"https:\/\/visiatsakymai.lt\/en\/wp-json\/wp\/v2\/product_brand?post=6016"},{"taxonomy":"product_cat","embeddable":true,"href":"https:\/\/visiatsakymai.lt\/en\/wp-json\/wp\/v2\/product_cat?post=6016"},{"taxonomy":"product_tag","embeddable":true,"href":"https:\/\/visiatsakymai.lt\/en\/wp-json\/wp\/v2\/product_tag?post=6016"}],"curies":[{"name":"wp","href":"https:\/\/api.w.org\/{rel}","templated":true}]}}