{"id":6012,"date":"2023-05-31T14:57:03","date_gmt":"2023-05-31T14:57:03","guid":{"rendered":"https:\/\/visiatsakymai.lt\/?post_type=product&#038;p=6012"},"modified":"2023-05-31T14:57:15","modified_gmt":"2023-05-31T14:57:15","slug":"culti-milano-ranku-losjonas-aramara","status":"publish","type":"product","link":"https:\/\/visiatsakymai.lt\/en\/product\/culti-milano-ranku-losjonas-aramara\/","title":{"rendered":"CULTI MILANO hand lotion &quot;Aramara&quot;"},"content":{"rendered":"<div id=\"product-description-short-19687\">\n<p><strong>CULTI Welcome line for welcoming homes and warm hugs.<\/strong><\/p>\n<p>The Culti brand, which decorates home spaces and the most intimate corners, takes into account not only the unique scent of each space, but also pleasant sensations for the skin and body. The Culti Welcome line presents carefully selected body care formulas that will turn warm hugs into an even more special moment. Hand cream bottles inspired by simplicity and elegance will find a place in the bathroom as a cozy home interior detail and an inevitably pleasant daily ritual. The transparent plastic bottle and natural maple cap will create harmony in the space, and the silky and liquid texture hand cream will nourish and moisturize large and small hands.<\/p>\n<p>250 ml<\/p>\n<\/div>","protected":false},"excerpt":{"rendered":"<p>CULTI Welcome linija svetingiems namams ir \u0161iltiems apsikabinimams. Nam\u0173 erdves ir intymiausius kampelius puo\u0161iantis Culti prekinis \u017eenklas atsi\u017evelgia ne tik \u012f kiekvienai erdvei unikal\u0173 kvap\u0105, bet ir malonius poj\u016b\u010dius odai ir k\u016bnui. Culti Welcome linija pristato kruop\u0161\u010diai atrinktas k\u016bno prie\u017ei\u016bros formules, kurios \u0161iltus apsikabinimus pavers dar ypatingesne akimirka. Paprastumo ir elegancijos \u012fkv\u0117pti rank\u0173 kremo buteliukai [&hellip;]<\/p>\n","protected":false},"featured_media":6013,"template":"","meta":{"site-sidebar-layout":"default","site-content-layout":"default","ast-site-content-layout":"default","site-content-style":"default","site-sidebar-style":"default","ast-global-header-display":"","ast-banner-title-visibility":"","ast-main-header-display":"","ast-hfb-above-header-display":"","ast-hfb-below-header-display":"","ast-hfb-mobile-header-display":"","site-post-title":"","ast-breadcrumbs-content":"","ast-featured-img":"","footer-sml-layout":"","ast-disable-related-posts":"","theme-transparent-header-meta":"default","adv-header-id-meta":"","stick-header-meta":"","header-above-stick-meta":"","header-main-stick-meta":"","header-below-stick-meta":"","astra-migrate-meta-layouts":"default","ast-page-background-enabled":"default","ast-page-background-meta":{"desktop":{"background-color":"var(--ast-global-color-4)","background-image":"","background-repeat":"repeat","background-position":"center center","background-size":"auto","background-attachment":"scroll","background-type":"","background-media":"","overlay-type":"","overlay-color":"","overlay-opacity":"","overlay-gradient":""},"tablet":{"background-color":"","background-image":"","background-repeat":"repeat","background-position":"center center","background-size":"auto","background-attachment":"scroll","background-type":"","background-media":"","overlay-type":"","overlay-color":"","overlay-opacity":"","overlay-gradient":""},"mobile":{"background-color":"","background-image":"","background-repeat":"repeat","background-position":"center center","background-size":"auto","background-attachment":"scroll","background-type":"","background-media":"","overlay-type":"","overlay-color":"","overlay-opacity":"","overlay-gradient":""}},"ast-content-background-meta":{"desktop":{"background-color":"var(--ast-global-color-5)","background-image":"","background-repeat":"repeat","background-position":"center center","background-size":"auto","background-attachment":"scroll","background-type":"","background-media":"","overlay-type":"","overlay-color":"","overlay-opacity":"","overlay-gradient":""},"tablet":{"background-color":"var(--ast-global-color-5)","background-image":"","background-repeat":"repeat","background-position":"center center","background-size":"auto","background-attachment":"scroll","background-type":"","background-media":"","overlay-type":"","overlay-color":"","overlay-opacity":"","overlay-gradient":""},"mobile":{"background-color":"var(--ast-global-color-5)","background-image":"","background-repeat":"repeat","background-position":"center center","background-size":"auto","background-attachment":"scroll","background-type":"","background-media":"","overlay-type":"","overlay-color":"","overlay-opacity":"","overlay-gradient":""}}},"product_brand":[],"product_cat":[69,70],"product_tag":[],"class_list":{"0":"post-6012","1":"product","2":"type-product","3":"status-publish","4":"has-post-thumbnail","6":"product_cat-krispo","7":"product_cat-krispo-kvapai","8":"desktop-align-center","9":"tablet-align-left","10":"mobile-align-left","12":"first","13":"instock","14":"sale","15":"featured","16":"shipping-taxable","17":"product-type-simple"},"_links":{"self":[{"href":"https:\/\/visiatsakymai.lt\/en\/wp-json\/wp\/v2\/product\/6012","targetHints":{"allow":["GET"]}}],"collection":[{"href":"https:\/\/visiatsakymai.lt\/en\/wp-json\/wp\/v2\/product"}],"about":[{"href":"https:\/\/visiatsakymai.lt\/en\/wp-json\/wp\/v2\/types\/product"}],"wp:featuredmedia":[{"embeddable":true,"href":"https:\/\/visiatsakymai.lt\/en\/wp-json\/wp\/v2\/media\/6013"}],"wp:attachment":[{"href":"https:\/\/visiatsakymai.lt\/en\/wp-json\/wp\/v2\/media?parent=6012"}],"wp:term":[{"taxonomy":"product_brand","embeddable":true,"href":"https:\/\/visiatsakymai.lt\/en\/wp-json\/wp\/v2\/product_brand?post=6012"},{"taxonomy":"product_cat","embeddable":true,"href":"https:\/\/visiatsakymai.lt\/en\/wp-json\/wp\/v2\/product_cat?post=6012"},{"taxonomy":"product_tag","embeddable":true,"href":"https:\/\/visiatsakymai.lt\/en\/wp-json\/wp\/v2\/product_tag?post=6012"}],"curies":[{"name":"wp","href":"https:\/\/api.w.org\/{rel}","templated":true}]}}