{"id":6010,"date":"2023-05-31T14:54:58","date_gmt":"2023-05-31T14:54:58","guid":{"rendered":"https:\/\/visiatsakymai.lt\/?post_type=product&#038;p=6010"},"modified":"2025-06-10T11:44:00","modified_gmt":"2025-06-10T11:44:00","slug":"prophycare-pro-poliravimo-pasta","status":"publish","type":"product","link":"https:\/\/visiatsakymai.lt\/en\/product\/prophycare-pro-poliravimo-pasta\/","title":{"rendered":"ProphyCare PRO polishing paste"},"content":{"rendered":"<p>ProphyPaste PRO is a one-step preventive paste that delivers exceptional cleaning and polishing results, reducing treatment time. The same paste is used for stain removal and final polishing. The high cleaning power of Prophy Paste PRO translates into gentle polishing as the particles break down. Prophy Paste PRO\u2019s low RDA value of 20 provides effective stain removal properties at the start of treatment and gradually decreases to a lower RDA value of 5, giving the paste its final polishing properties. With a mild mint flavor and an attractive texture, Prophy Paste is pleasant for patients of all ages.<br \/>\nAdvantages:<br \/>\n\u2013 cleans and polishes<br \/>\n\u2013 contains 0.1% fluoride. Supports caries prevention<br \/>\n\u2013 can be used together with chlorhexidine<br \/>\n\u2013 contains castor oil \u2013 maintains oral hydration<br \/>\n\u2013 optimized consistency for low consumption: non-splatter, homogeneous formula<br \/>\npH (5-6)<\/p>\n<p><strong>FEATURES:<\/strong><br \/>\nFlavor: mild mint<br \/>\nAbrasivity: RDA 20 to 5<br \/>\nQuantity per package: 60 ml<\/p>","protected":false},"excerpt":{"rendered":"<p>ProphyPaste PRO yra vieno \u017eingsnio profilaktin\u0117 pasta, u\u017etikrinanti i\u0161skirtinius valymo ir poliravimo rezultatus, sutrumpinanti gydymo laik\u0105. Ta pati pasta naudojama d\u0117mi\u0173 \u0161alinimui ir galutiniam poliravimui. Didel\u0117 Prophy Paste PRO valymo galia virsta \u0161velniu poliravimu, nes dalel\u0117s suskaidomos. Prophy Paste PRO \u017eema RDA vert\u0117 20 suteikia efektyvias d\u0117mi\u0173 \u0161alinimo savybes gydymo prad\u017eioje ir palaipsniui ma\u017e\u0117ja iki [&hellip;]<\/p>\n","protected":false},"featured_media":6011,"template":"","meta":{"site-sidebar-layout":"default","site-content-layout":"default","ast-site-content-layout":"default","site-content-style":"default","site-sidebar-style":"default","ast-global-header-display":"","ast-banner-title-visibility":"","ast-main-header-display":"","ast-hfb-above-header-display":"","ast-hfb-below-header-display":"","ast-hfb-mobile-header-display":"","site-post-title":"","ast-breadcrumbs-content":"","ast-featured-img":"","footer-sml-layout":"","ast-disable-related-posts":"","theme-transparent-header-meta":"default","adv-header-id-meta":"","stick-header-meta":"","header-above-stick-meta":"","header-main-stick-meta":"","header-below-stick-meta":"","astra-migrate-meta-layouts":"set","ast-page-background-enabled":"default","ast-page-background-meta":{"desktop":{"background-color":"var(--ast-global-color-4)","background-image":"","background-repeat":"repeat","background-position":"center center","background-size":"auto","background-attachment":"scroll","background-type":"","background-media":"","overlay-type":"","overlay-color":"","overlay-opacity":"","overlay-gradient":""},"tablet":{"background-color":"","background-image":"","background-repeat":"repeat","background-position":"center center","background-size":"auto","background-attachment":"scroll","background-type":"","background-media":"","overlay-type":"","overlay-color":"","overlay-opacity":"","overlay-gradient":""},"mobile":{"background-color":"","background-image":"","background-repeat":"repeat","background-position":"center center","background-size":"auto","background-attachment":"scroll","background-type":"","background-media":"","overlay-type":"","overlay-color":"","overlay-opacity":"","overlay-gradient":""}},"ast-content-background-meta":{"desktop":{"background-color":"var(--ast-global-color-5)","background-image":"","background-repeat":"repeat","background-position":"center center","background-size":"auto","background-attachment":"scroll","background-type":"","background-media":"","overlay-type":"","overlay-color":"","overlay-opacity":"","overlay-gradient":""},"tablet":{"background-color":"var(--ast-global-color-5)","background-image":"","background-repeat":"repeat","background-position":"center center","background-size":"auto","background-attachment":"scroll","background-type":"","background-media":"","overlay-type":"","overlay-color":"","overlay-opacity":"","overlay-gradient":""},"mobile":{"background-color":"var(--ast-global-color-5)","background-image":"","background-repeat":"repeat","background-position":"center center","background-size":"auto","background-attachment":"scroll","background-type":"","background-media":"","overlay-type":"","overlay-color":"","overlay-opacity":"","overlay-gradient":""}}},"product_brand":[],"product_cat":[84,22,90,64],"product_tag":[],"class_list":{"0":"post-6010","1":"product","2":"type-product","3":"status-publish","4":"has-post-thumbnail","6":"product_cat-burnos-higienistams","7":"product_cat-odontologams","8":"product_cat-poliravimo-pastos","9":"product_cat-slifavimo-ir-poliravimo-priemones","10":"desktop-align-center","11":"tablet-align-left","12":"mobile-align-left","14":"first","15":"instock","16":"featured","17":"shipping-taxable","18":"product-type-simple"},"_links":{"self":[{"href":"https:\/\/visiatsakymai.lt\/en\/wp-json\/wp\/v2\/product\/6010","targetHints":{"allow":["GET"]}}],"collection":[{"href":"https:\/\/visiatsakymai.lt\/en\/wp-json\/wp\/v2\/product"}],"about":[{"href":"https:\/\/visiatsakymai.lt\/en\/wp-json\/wp\/v2\/types\/product"}],"wp:featuredmedia":[{"embeddable":true,"href":"https:\/\/visiatsakymai.lt\/en\/wp-json\/wp\/v2\/media\/6011"}],"wp:attachment":[{"href":"https:\/\/visiatsakymai.lt\/en\/wp-json\/wp\/v2\/media?parent=6010"}],"wp:term":[{"taxonomy":"product_brand","embeddable":true,"href":"https:\/\/visiatsakymai.lt\/en\/wp-json\/wp\/v2\/product_brand?post=6010"},{"taxonomy":"product_cat","embeddable":true,"href":"https:\/\/visiatsakymai.lt\/en\/wp-json\/wp\/v2\/product_cat?post=6010"},{"taxonomy":"product_tag","embeddable":true,"href":"https:\/\/visiatsakymai.lt\/en\/wp-json\/wp\/v2\/product_tag?post=6010"}],"curies":[{"name":"wp","href":"https:\/\/api.w.org\/{rel}","templated":true}]}}