{"id":5994,"date":"2023-05-31T14:35:05","date_gmt":"2023-05-31T14:35:05","guid":{"rendered":"https:\/\/visiatsakymai.lt\/?post_type=product&#038;p=5994"},"modified":"2024-08-26T10:57:23","modified_gmt":"2024-08-26T10:57:23","slug":"locherber-namu-kvapu-difuzorius-klinto-1817","status":"publish","type":"product","link":"https:\/\/visiatsakymai.lt\/en\/product\/locherber-namu-kvapu-difuzorius-klinto-1817\/","title":{"rendered":"Locherber home fragrance diffuser &quot;Klinto 1817&quot;"},"content":{"rendered":"<div id=\"product-description-short-18525\">\n<p><span style=\"color: #000000;\"><strong>\u2666 When buying a fragrance diffuser - GIFT - selected glove box \u2666<\/strong><\/span><\/p>\n<p><b>Locherber diffusers<\/b>\u00a0offers impeccable quality that can not only be seen, but also smelled. Home fragrances are filled with the best essential oils, which, being completely natural, mesmerize with familiar scents and inspire new combinations.<\/p>\n<p><strong>Fragrance notes:<\/strong><\/p>\n<p>\u2013\u00a0<b>Black and red currants<\/b>,\u00a0<b>grapes<\/b>\u00a0and\u00a0<b>raspberries<\/b>\u00a0come together for a unique berry cocktail, emitting lingeringly sweet and playfully sour notes;<b><\/b><\/p>\n<p><b>- Cedar<\/b>\u00a0and\u00a0<b>honeysuckle\u00a0<\/b>does not let you forget the deep and warming aroma of the forest and gives the sweet notes an intense masculine accent;<\/p>\n<p><b>- Festive vanilla<\/b>\u00a0and\u00a0<b>gourmet truffle<\/b>\u00a0blends into a somewhat unexpected aroma of creamy sweetness and nutty musk.<\/p>\n<\/div>","protected":false},"excerpt":{"rendered":"<p>\u2666 Perkant kvap\u0173 difuzori\u0173 &#8211; DOVANA &#8211; pasirinkta pir\u0161tini\u0173 d\u0117\u017eut\u0117 \u2666 \u201eLocherber\u201c difuzoriai\u00a0si\u016blo nepriekai\u0161ting\u0105 kokyb\u0119, kuri\u0105 galima ne tik pamatyti, bet ir u\u017euosti. Nam\u0173 kvapai yra pripildyti geriausiais eteriniais aliejais, kurie, b\u016bdami visi\u0161kai nat\u016bral\u016bs, u\u017eburia pa\u017e\u012fstamais kvapais ir \u012fkvepia dar neu\u017euostais deriniais. Kvap\u0173 natos: &#8211;\u00a0Juodieji ir raudonieji serbentai,\u00a0vynuog\u0117s\u00a0bei\u00a0aviet\u0117s\u00a0susijungia nepakartojamam uog\u0173 kokteiliui, skleid\u017eian\u010diam prisirpusiai sald\u017eias ir [&hellip;]<\/p>\n","protected":false},"featured_media":6501,"template":"","meta":{"site-sidebar-layout":"default","site-content-layout":"default","ast-site-content-layout":"default","site-content-style":"default","site-sidebar-style":"default","ast-global-header-display":"","ast-banner-title-visibility":"","ast-main-header-display":"","ast-hfb-above-header-display":"","ast-hfb-below-header-display":"","ast-hfb-mobile-header-display":"","site-post-title":"","ast-breadcrumbs-content":"","ast-featured-img":"","footer-sml-layout":"","ast-disable-related-posts":"","theme-transparent-header-meta":"default","adv-header-id-meta":"","stick-header-meta":"","header-above-stick-meta":"","header-main-stick-meta":"","header-below-stick-meta":"","astra-migrate-meta-layouts":"default","ast-page-background-enabled":"default","ast-page-background-meta":{"desktop":{"background-color":"var(--ast-global-color-4)","background-image":"","background-repeat":"repeat","background-position":"center center","background-size":"auto","background-attachment":"scroll","background-type":"","background-media":"","overlay-type":"","overlay-color":"","overlay-opacity":"","overlay-gradient":""},"tablet":{"background-color":"","background-image":"","background-repeat":"repeat","background-position":"center center","background-size":"auto","background-attachment":"scroll","background-type":"","background-media":"","overlay-type":"","overlay-color":"","overlay-opacity":"","overlay-gradient":""},"mobile":{"background-color":"","background-image":"","background-repeat":"repeat","background-position":"center center","background-size":"auto","background-attachment":"scroll","background-type":"","background-media":"","overlay-type":"","overlay-color":"","overlay-opacity":"","overlay-gradient":""}},"ast-content-background-meta":{"desktop":{"background-color":"var(--ast-global-color-5)","background-image":"","background-repeat":"repeat","background-position":"center center","background-size":"auto","background-attachment":"scroll","background-type":"","background-media":"","overlay-type":"","overlay-color":"","overlay-opacity":"","overlay-gradient":""},"tablet":{"background-color":"var(--ast-global-color-5)","background-image":"","background-repeat":"repeat","background-position":"center center","background-size":"auto","background-attachment":"scroll","background-type":"","background-media":"","overlay-type":"","overlay-color":"","overlay-opacity":"","overlay-gradient":""},"mobile":{"background-color":"var(--ast-global-color-5)","background-image":"","background-repeat":"repeat","background-position":"center center","background-size":"auto","background-attachment":"scroll","background-type":"","background-media":"","overlay-type":"","overlay-color":"","overlay-opacity":"","overlay-gradient":""}}},"product_brand":[],"product_cat":[69,70],"product_tag":[],"class_list":{"0":"post-5994","1":"product","2":"type-product","3":"status-publish","4":"has-post-thumbnail","6":"product_cat-krispo","7":"product_cat-krispo-kvapai","8":"desktop-align-center","9":"tablet-align-left","10":"mobile-align-left","12":"first","13":"instock","14":"featured","15":"shipping-taxable","16":"product-type-variable"},"_links":{"self":[{"href":"https:\/\/visiatsakymai.lt\/en\/wp-json\/wp\/v2\/product\/5994","targetHints":{"allow":["GET"]}}],"collection":[{"href":"https:\/\/visiatsakymai.lt\/en\/wp-json\/wp\/v2\/product"}],"about":[{"href":"https:\/\/visiatsakymai.lt\/en\/wp-json\/wp\/v2\/types\/product"}],"wp:featuredmedia":[{"embeddable":true,"href":"https:\/\/visiatsakymai.lt\/en\/wp-json\/wp\/v2\/media\/6501"}],"wp:attachment":[{"href":"https:\/\/visiatsakymai.lt\/en\/wp-json\/wp\/v2\/media?parent=5994"}],"wp:term":[{"taxonomy":"product_brand","embeddable":true,"href":"https:\/\/visiatsakymai.lt\/en\/wp-json\/wp\/v2\/product_brand?post=5994"},{"taxonomy":"product_cat","embeddable":true,"href":"https:\/\/visiatsakymai.lt\/en\/wp-json\/wp\/v2\/product_cat?post=5994"},{"taxonomy":"product_tag","embeddable":true,"href":"https:\/\/visiatsakymai.lt\/en\/wp-json\/wp\/v2\/product_tag?post=5994"}],"curies":[{"name":"wp","href":"https:\/\/api.w.org\/{rel}","templated":true}]}}