{"id":4990,"date":"2023-05-27T08:05:35","date_gmt":"2023-05-27T08:05:35","guid":{"rendered":"https:\/\/visiatsakymai.lt\/?post_type=product&#038;p=4990"},"modified":"2025-05-26T08:13:08","modified_gmt":"2025-05-26T08:13:08","slug":"optragate-burnos-sketikliai","status":"publish","type":"product","link":"https:\/\/visiatsakymai.lt\/en\/product\/optragate-burnos-sketikliai\/","title":{"rendered":"OptraGate\u00ae mouthguards"},"content":{"rendered":"<p>OptraGate is a latex-free lip and cheek expander. Due to its unique flexibility and elasticity, it is easy to put on and take off.<br \/>\nAdvantages:<br \/>\n\u2013 easy access to the working area;<br \/>\n\u2013 lips and cheeks are evenly expanded;<br \/>\n\u2013 an easily accessible, manageable treatment area;<br \/>\n- facilitates the work of the dental assistant and the dentist;<br \/>\n- soft, flexible material with indentations to fit the upper and lower lips;<br \/>\n- good compatibility due to latex-free material.<\/p>\n<p><strong>FEATURES:<\/strong><br \/>\nSize: regular, small<br \/>\nQuantity in the package: 80 pcs<br \/>\nManufacturer: Ivoclar Vivadent<\/p>","protected":false},"excerpt":{"rendered":"<p>OptraGate\u201c yra l\u016bp\u0173 ir skruost\u0173 i\u0161pl\u0117tiklis be latekso. D\u0117l unikalaus lankstumo ir elastingumo patogu \u012fd\u0117ti ir i\u0161imti. Privalumai: &#8211; lengvas pri\u0117jimas prie darbin\u0117s zonos; &#8211; l\u016bpos ir skruostai tolygiai i\u0161ple\u010diami; &#8211; lengvai prieinama, valdoma gydymo zona; &#8211; palengvina odontologo pad\u0117j\u0117jo ir odontologo darb\u0105; &#8211; mink\u0161ta, lanksti med\u017eiaga su \u012fdubomis, kad tilpt\u0173 vir\u0161utin\u0117 ir apatin\u0117 l\u016bpos; [&hellip;]<\/p>\n","protected":false},"featured_media":7333,"template":"","meta":{"site-sidebar-layout":"default","site-content-layout":"default","ast-site-content-layout":"default","site-content-style":"default","site-sidebar-style":"default","ast-global-header-display":"","ast-banner-title-visibility":"","ast-main-header-display":"","ast-hfb-above-header-display":"","ast-hfb-below-header-display":"","ast-hfb-mobile-header-display":"","site-post-title":"","ast-breadcrumbs-content":"","ast-featured-img":"","footer-sml-layout":"","ast-disable-related-posts":"","theme-transparent-header-meta":"default","adv-header-id-meta":"","stick-header-meta":"","header-above-stick-meta":"","header-main-stick-meta":"","header-below-stick-meta":"","astra-migrate-meta-layouts":"set","ast-page-background-enabled":"default","ast-page-background-meta":{"desktop":{"background-color":"var(--ast-global-color-4)","background-image":"","background-repeat":"repeat","background-position":"center center","background-size":"auto","background-attachment":"scroll","background-type":"","background-media":"","overlay-type":"","overlay-color":"","overlay-opacity":"","overlay-gradient":""},"tablet":{"background-color":"","background-image":"","background-repeat":"repeat","background-position":"center center","background-size":"auto","background-attachment":"scroll","background-type":"","background-media":"","overlay-type":"","overlay-color":"","overlay-opacity":"","overlay-gradient":""},"mobile":{"background-color":"","background-image":"","background-repeat":"repeat","background-position":"center center","background-size":"auto","background-attachment":"scroll","background-type":"","background-media":"","overlay-type":"","overlay-color":"","overlay-opacity":"","overlay-gradient":""}},"ast-content-background-meta":{"desktop":{"background-color":"var(--ast-global-color-5)","background-image":"","background-repeat":"repeat","background-position":"center center","background-size":"auto","background-attachment":"scroll","background-type":"","background-media":"","overlay-type":"","overlay-color":"","overlay-opacity":"","overlay-gradient":""},"tablet":{"background-color":"var(--ast-global-color-5)","background-image":"","background-repeat":"repeat","background-position":"center center","background-size":"auto","background-attachment":"scroll","background-type":"","background-media":"","overlay-type":"","overlay-color":"","overlay-opacity":"","overlay-gradient":""},"mobile":{"background-color":"var(--ast-global-color-5)","background-image":"","background-repeat":"repeat","background-position":"center center","background-size":"auto","background-attachment":"scroll","background-type":"","background-media":"","overlay-type":"","overlay-color":"","overlay-opacity":"","overlay-gradient":""}}},"product_brand":[],"product_cat":[22,82],"product_tag":[],"class_list":{"0":"post-4990","1":"product","2":"type-product","3":"status-publish","4":"has-post-thumbnail","6":"product_cat-odontologams","7":"product_cat-vienkartines-priemones","8":"desktop-align-center","9":"tablet-align-left","10":"mobile-align-left","12":"first","13":"instock","14":"shipping-taxable","15":"product-type-variable"},"_links":{"self":[{"href":"https:\/\/visiatsakymai.lt\/en\/wp-json\/wp\/v2\/product\/4990","targetHints":{"allow":["GET"]}}],"collection":[{"href":"https:\/\/visiatsakymai.lt\/en\/wp-json\/wp\/v2\/product"}],"about":[{"href":"https:\/\/visiatsakymai.lt\/en\/wp-json\/wp\/v2\/types\/product"}],"wp:featuredmedia":[{"embeddable":true,"href":"https:\/\/visiatsakymai.lt\/en\/wp-json\/wp\/v2\/media\/7333"}],"wp:attachment":[{"href":"https:\/\/visiatsakymai.lt\/en\/wp-json\/wp\/v2\/media?parent=4990"}],"wp:term":[{"taxonomy":"product_brand","embeddable":true,"href":"https:\/\/visiatsakymai.lt\/en\/wp-json\/wp\/v2\/product_brand?post=4990"},{"taxonomy":"product_cat","embeddable":true,"href":"https:\/\/visiatsakymai.lt\/en\/wp-json\/wp\/v2\/product_cat?post=4990"},{"taxonomy":"product_tag","embeddable":true,"href":"https:\/\/visiatsakymai.lt\/en\/wp-json\/wp\/v2\/product_tag?post=4990"}],"curies":[{"name":"wp","href":"https:\/\/api.w.org\/{rel}","templated":true}]}}