{"id":4885,"date":"2023-05-27T08:05:20","date_gmt":"2023-05-27T08:05:20","guid":{"rendered":"https:\/\/visiatsakymai.lt\/?post_type=product&#038;p=4885"},"modified":"2025-06-05T10:36:49","modified_gmt":"2025-06-05T10:36:49","slug":"sekcijina%c2%97s-kontarina%c2%97s-matricos-n-1-198-rinkinys-su-a%c2%beiedu","status":"publish","type":"product","link":"https:\/\/visiatsakymai.lt\/en\/product\/sekcijina%c2%97s-kontarina%c2%97s-matricos-n-1-198-rinkinys-su-a%c2%beiedu\/","title":{"rendered":"Sectional contour matrices N 1.198 (set with ring)"},"content":{"rendered":"<p>Sectional contour matrices N 1.198 (set with ring). 4 types: 0.05mm - hard, 0.035mm - hard, 0.05mm - soft, 0.035mm - soft (micron) thickness. 30 pcs.: N 1.0971 \u2013 3 pcs., N 1.0972 \u2013 10 pcs., N 1.0973 \u2013 5 pcs., N 1.0974 \u2013 3 pcs., N 1.0975 \u2013 4 pcs., N 1.0976 \u2013 5 pcs. + ring<\/p>","protected":false},"excerpt":{"rendered":"<p>Sekcijin\u0117s kont\u016brin\u0117s matricos N 1.198 (rinkinys su \u017eiedu). 4 tipai: 0,05 mm &#8211; kietos, 0,035 mm &#8211; kietos, 0,05 mm &#8211; mink\u0161tos, 0,035 mm &#8211; mink\u0161tos (mikronai) storio. 30 vnt.: N 1.0971 &#8211; 3 vnt., N 1.0972 &#8211; 10 vnt., N 1.0973 &#8211; 5 vnt., N 1.0974 &#8211; 3 vnt., N 1.0975 &#8211; 4 vnt., [&hellip;]<\/p>\n","protected":false},"featured_media":4915,"template":"","meta":{"site-sidebar-layout":"default","site-content-layout":"default","ast-site-content-layout":"default","site-content-style":"default","site-sidebar-style":"default","ast-global-header-display":"","ast-banner-title-visibility":"","ast-main-header-display":"","ast-hfb-above-header-display":"","ast-hfb-below-header-display":"","ast-hfb-mobile-header-display":"","site-post-title":"","ast-breadcrumbs-content":"","ast-featured-img":"","footer-sml-layout":"","ast-disable-related-posts":"","theme-transparent-header-meta":"default","adv-header-id-meta":"","stick-header-meta":"","header-above-stick-meta":"","header-main-stick-meta":"","header-below-stick-meta":"","astra-migrate-meta-layouts":"set","ast-page-background-enabled":"default","ast-page-background-meta":{"desktop":{"background-color":"var(--ast-global-color-4)","background-image":"","background-repeat":"repeat","background-position":"center center","background-size":"auto","background-attachment":"scroll","background-type":"","background-media":"","overlay-type":"","overlay-color":"","overlay-opacity":"","overlay-gradient":""},"tablet":{"background-color":"","background-image":"","background-repeat":"repeat","background-position":"center center","background-size":"auto","background-attachment":"scroll","background-type":"","background-media":"","overlay-type":"","overlay-color":"","overlay-opacity":"","overlay-gradient":""},"mobile":{"background-color":"","background-image":"","background-repeat":"repeat","background-position":"center center","background-size":"auto","background-attachment":"scroll","background-type":"","background-media":"","overlay-type":"","overlay-color":"","overlay-opacity":"","overlay-gradient":""}},"ast-content-background-meta":{"desktop":{"background-color":"var(--ast-global-color-5)","background-image":"","background-repeat":"repeat","background-position":"center center","background-size":"auto","background-attachment":"scroll","background-type":"","background-media":"","overlay-type":"","overlay-color":"","overlay-opacity":"","overlay-gradient":""},"tablet":{"background-color":"var(--ast-global-color-5)","background-image":"","background-repeat":"repeat","background-position":"center center","background-size":"auto","background-attachment":"scroll","background-type":"","background-media":"","overlay-type":"","overlay-color":"","overlay-opacity":"","overlay-gradient":""},"mobile":{"background-color":"var(--ast-global-color-5)","background-image":"","background-repeat":"repeat","background-position":"center center","background-size":"auto","background-attachment":"scroll","background-type":"","background-media":"","overlay-type":"","overlay-color":"","overlay-opacity":"","overlay-gradient":""}}},"product_brand":[],"product_cat":[80,22],"product_tag":[],"class_list":{"0":"post-4885","1":"product","2":"type-product","3":"status-publish","4":"has-post-thumbnail","6":"product_cat-matricos-ir-kaistukai","7":"product_cat-odontologams","8":"desktop-align-center","9":"tablet-align-left","10":"mobile-align-left","12":"first","13":"instock","14":"shipping-taxable","15":"product-type-simple"},"_links":{"self":[{"href":"https:\/\/visiatsakymai.lt\/en\/wp-json\/wp\/v2\/product\/4885","targetHints":{"allow":["GET"]}}],"collection":[{"href":"https:\/\/visiatsakymai.lt\/en\/wp-json\/wp\/v2\/product"}],"about":[{"href":"https:\/\/visiatsakymai.lt\/en\/wp-json\/wp\/v2\/types\/product"}],"wp:featuredmedia":[{"embeddable":true,"href":"https:\/\/visiatsakymai.lt\/en\/wp-json\/wp\/v2\/media\/4915"}],"wp:attachment":[{"href":"https:\/\/visiatsakymai.lt\/en\/wp-json\/wp\/v2\/media?parent=4885"}],"wp:term":[{"taxonomy":"product_brand","embeddable":true,"href":"https:\/\/visiatsakymai.lt\/en\/wp-json\/wp\/v2\/product_brand?post=4885"},{"taxonomy":"product_cat","embeddable":true,"href":"https:\/\/visiatsakymai.lt\/en\/wp-json\/wp\/v2\/product_cat?post=4885"},{"taxonomy":"product_tag","embeddable":true,"href":"https:\/\/visiatsakymai.lt\/en\/wp-json\/wp\/v2\/product_tag?post=4885"}],"curies":[{"name":"wp","href":"https:\/\/api.w.org\/{rel}","templated":true}]}}