{"id":4704,"date":"2023-05-27T08:04:55","date_gmt":"2023-05-27T08:04:55","guid":{"rendered":"https:\/\/visiatsakymai.lt\/?post_type=product&#038;p=4704"},"modified":"2024-05-29T09:07:08","modified_gmt":"2024-05-29T09:07:08","slug":"doku-l-label-1-tipo-cheminiai-proceso-indikatoriai","status":"publish","type":"product","link":"https:\/\/visiatsakymai.lt\/en\/product\/doku-l-label-1-tipo-cheminiai-proceso-indikatoriai\/","title":{"rendered":"Doku-L-Label, type 1 chemical process indicators"},"content":{"rendered":"<p>Lipus chemical external indicator of the effect of the process, intended for identifying sterilized packages, writing down mandatory information, pasting in documents (load registration cards, journals, patient medical histories, etc.). Paper double adhesive indicators (various color label stickers) measuring 30mm x 20mm. The label has space for writing information and a strip of indicator paint. 750 pcs in the package.<br \/>\n<strong>Compliance with standards:<\/strong> LST EN ISO 11140-1 Class I.<\/p>","protected":false},"excerpt":{"rendered":"<p>Lipus cheminis i\u0161orinis proceso poveikio indikatorius, skirtas sterilizuotiems paketams atpa\u017einti, privalomai informacijai sura\u0161yti, \u012fklijuoti \u012f dokumentus (krovinio registracijos korteles, \u017eurnalus, paciento ligos istorijas ir kt.). Popieriniai dvigubi lip\u016bs indikatoriai (\u012fvairi\u0173 spalv\u0173 etiket\u0117s lipdukai), kuri\u0173 matmenys 30mm x 20mm. Ant etiket\u0117s yra vietos informacijai u\u017era\u0161yti ir indikatorini\u0173 da\u017e\u0173 juost\u0105. Pakuot\u0117je 750 vnt. Atitikimas standartams: LST EN [&hellip;]<\/p>\n","protected":false},"featured_media":6513,"template":"","meta":{"site-sidebar-layout":"default","site-content-layout":"default","ast-site-content-layout":"default","site-content-style":"default","site-sidebar-style":"default","ast-global-header-display":"","ast-banner-title-visibility":"","ast-main-header-display":"","ast-hfb-above-header-display":"","ast-hfb-below-header-display":"","ast-hfb-mobile-header-display":"","site-post-title":"","ast-breadcrumbs-content":"","ast-featured-img":"","footer-sml-layout":"","ast-disable-related-posts":"","theme-transparent-header-meta":"default","adv-header-id-meta":"","stick-header-meta":"","header-above-stick-meta":"","header-main-stick-meta":"","header-below-stick-meta":"","astra-migrate-meta-layouts":"set","ast-page-background-enabled":"default","ast-page-background-meta":{"desktop":{"background-color":"var(--ast-global-color-4)","background-image":"","background-repeat":"repeat","background-position":"center center","background-size":"auto","background-attachment":"scroll","background-type":"","background-media":"","overlay-type":"","overlay-color":"","overlay-opacity":"","overlay-gradient":""},"tablet":{"background-color":"","background-image":"","background-repeat":"repeat","background-position":"center center","background-size":"auto","background-attachment":"scroll","background-type":"","background-media":"","overlay-type":"","overlay-color":"","overlay-opacity":"","overlay-gradient":""},"mobile":{"background-color":"","background-image":"","background-repeat":"repeat","background-position":"center center","background-size":"auto","background-attachment":"scroll","background-type":"","background-media":"","overlay-type":"","overlay-color":"","overlay-opacity":"","overlay-gradient":""}},"ast-content-background-meta":{"desktop":{"background-color":"var(--ast-global-color-5)","background-image":"","background-repeat":"repeat","background-position":"center center","background-size":"auto","background-attachment":"scroll","background-type":"","background-media":"","overlay-type":"","overlay-color":"","overlay-opacity":"","overlay-gradient":""},"tablet":{"background-color":"var(--ast-global-color-5)","background-image":"","background-repeat":"repeat","background-position":"center center","background-size":"auto","background-attachment":"scroll","background-type":"","background-media":"","overlay-type":"","overlay-color":"","overlay-opacity":"","overlay-gradient":""},"mobile":{"background-color":"var(--ast-global-color-5)","background-image":"","background-repeat":"repeat","background-position":"center center","background-size":"auto","background-attachment":"scroll","background-type":"","background-media":"","overlay-type":"","overlay-color":"","overlay-opacity":"","overlay-gradient":""}}},"product_brand":[],"product_cat":[22,60],"product_tag":[],"class_list":{"0":"post-4704","1":"product","2":"type-product","3":"status-publish","4":"has-post-thumbnail","6":"product_cat-odontologams","7":"product_cat-sterilizacija","8":"desktop-align-center","9":"tablet-align-left","10":"mobile-align-left","12":"first","13":"instock","14":"shipping-taxable","15":"product-type-simple"},"_links":{"self":[{"href":"https:\/\/visiatsakymai.lt\/en\/wp-json\/wp\/v2\/product\/4704","targetHints":{"allow":["GET"]}}],"collection":[{"href":"https:\/\/visiatsakymai.lt\/en\/wp-json\/wp\/v2\/product"}],"about":[{"href":"https:\/\/visiatsakymai.lt\/en\/wp-json\/wp\/v2\/types\/product"}],"wp:featuredmedia":[{"embeddable":true,"href":"https:\/\/visiatsakymai.lt\/en\/wp-json\/wp\/v2\/media\/6513"}],"wp:attachment":[{"href":"https:\/\/visiatsakymai.lt\/en\/wp-json\/wp\/v2\/media?parent=4704"}],"wp:term":[{"taxonomy":"product_brand","embeddable":true,"href":"https:\/\/visiatsakymai.lt\/en\/wp-json\/wp\/v2\/product_brand?post=4704"},{"taxonomy":"product_cat","embeddable":true,"href":"https:\/\/visiatsakymai.lt\/en\/wp-json\/wp\/v2\/product_cat?post=4704"},{"taxonomy":"product_tag","embeddable":true,"href":"https:\/\/visiatsakymai.lt\/en\/wp-json\/wp\/v2\/product_tag?post=4704"}],"curies":[{"name":"wp","href":"https:\/\/api.w.org\/{rel}","templated":true}]}}