{"id":4596,"date":"2023-05-27T08:04:38","date_gmt":"2023-05-27T08:04:38","guid":{"rendered":"https:\/\/visiatsakymai.lt\/?post_type=product&#038;p=4596"},"modified":"2023-05-27T16:51:21","modified_gmt":"2023-05-27T16:51:21","slug":"endo-prepcream-cerkamed","status":"publish","type":"product","link":"https:\/\/visiatsakymai.lt\/en\/product\/endo-prepcream-cerkamed\/","title":{"rendered":"ENDO-PREPCREAM Cerkamed"},"content":{"rendered":"<p>Cream for root canal dilation. Active ingredients: EDTA 15%, carbamide peroxide 10%. Contains carbamide peroxide, which together with NaOCl causes foaming and self-cleaning of the root canal. It contains lubricants that facilitate the insertion of the instrument into the canal and reduce the risk of its jamming or breakage inside the canal. The product has a thick, creamy consistency, and when it enters the canal, under the influence of increased temperature, it liquefies slightly and flows freely into the cracks of the root canal.<\/p>","protected":false},"excerpt":{"rendered":"<p>Kremas \u0161aknies kanalams prapl\u0117sti. Veikliosios med\u017eiagos: EDTA 15%, karbamido peroksidas 10%. Sud\u0117tyje yra karbamido peroksido, kuris kartu su NaOCl sukelia putojim\u0105 ir savaimin\u012f \u0161akn\u0173 kanalo valym\u0105. Jame yra tepal\u0173, kurie palengvina \u012frankio \u012fterpim\u0105 \u012f kanal\u0105 ir suma\u017eina jo \u012fstrigimo ar l\u016b\u017eimo rizik\u0105 kanalo viduje. Produktas yra tir\u0161tos, kremin\u0117s konsistencijos, o patek\u0119s \u012f kanal\u0105, veikiamas padid\u0117jusios [&hellip;]<\/p>\n","protected":false},"featured_media":4626,"template":"","meta":{"site-sidebar-layout":"default","site-content-layout":"default","ast-site-content-layout":"default","site-content-style":"default","site-sidebar-style":"default","ast-global-header-display":"","ast-banner-title-visibility":"","ast-main-header-display":"","ast-hfb-above-header-display":"","ast-hfb-below-header-display":"","ast-hfb-mobile-header-display":"","site-post-title":"","ast-breadcrumbs-content":"","ast-featured-img":"","footer-sml-layout":"","ast-disable-related-posts":"","theme-transparent-header-meta":"default","adv-header-id-meta":"","stick-header-meta":"","header-above-stick-meta":"","header-main-stick-meta":"","header-below-stick-meta":"","astra-migrate-meta-layouts":"default","ast-page-background-enabled":"default","ast-page-background-meta":{"desktop":{"background-color":"var(--ast-global-color-4)","background-image":"","background-repeat":"repeat","background-position":"center center","background-size":"auto","background-attachment":"scroll","background-type":"","background-media":"","overlay-type":"","overlay-color":"","overlay-opacity":"","overlay-gradient":""},"tablet":{"background-color":"","background-image":"","background-repeat":"repeat","background-position":"center center","background-size":"auto","background-attachment":"scroll","background-type":"","background-media":"","overlay-type":"","overlay-color":"","overlay-opacity":"","overlay-gradient":""},"mobile":{"background-color":"","background-image":"","background-repeat":"repeat","background-position":"center center","background-size":"auto","background-attachment":"scroll","background-type":"","background-media":"","overlay-type":"","overlay-color":"","overlay-opacity":"","overlay-gradient":""}},"ast-content-background-meta":{"desktop":{"background-color":"var(--ast-global-color-5)","background-image":"","background-repeat":"repeat","background-position":"center center","background-size":"auto","background-attachment":"scroll","background-type":"","background-media":"","overlay-type":"","overlay-color":"","overlay-opacity":"","overlay-gradient":""},"tablet":{"background-color":"var(--ast-global-color-5)","background-image":"","background-repeat":"repeat","background-position":"center center","background-size":"auto","background-attachment":"scroll","background-type":"","background-media":"","overlay-type":"","overlay-color":"","overlay-opacity":"","overlay-gradient":""},"mobile":{"background-color":"var(--ast-global-color-5)","background-image":"","background-repeat":"repeat","background-position":"center center","background-size":"auto","background-attachment":"scroll","background-type":"","background-media":"","overlay-type":"","overlay-color":"","overlay-opacity":"","overlay-gradient":""}}},"product_brand":[],"product_cat":[68,22],"product_tag":[],"class_list":{"0":"post-4596","1":"product","2":"type-product","3":"status-publish","4":"has-post-thumbnail","6":"product_cat-medziagos-endodontijai","7":"product_cat-odontologams","8":"desktop-align-center","9":"tablet-align-left","10":"mobile-align-left","12":"first","13":"outofstock","14":"shipping-taxable","15":"product-type-simple"},"_links":{"self":[{"href":"https:\/\/visiatsakymai.lt\/en\/wp-json\/wp\/v2\/product\/4596","targetHints":{"allow":["GET"]}}],"collection":[{"href":"https:\/\/visiatsakymai.lt\/en\/wp-json\/wp\/v2\/product"}],"about":[{"href":"https:\/\/visiatsakymai.lt\/en\/wp-json\/wp\/v2\/types\/product"}],"wp:featuredmedia":[{"embeddable":true,"href":"https:\/\/visiatsakymai.lt\/en\/wp-json\/wp\/v2\/media\/4626"}],"wp:attachment":[{"href":"https:\/\/visiatsakymai.lt\/en\/wp-json\/wp\/v2\/media?parent=4596"}],"wp:term":[{"taxonomy":"product_brand","embeddable":true,"href":"https:\/\/visiatsakymai.lt\/en\/wp-json\/wp\/v2\/product_brand?post=4596"},{"taxonomy":"product_cat","embeddable":true,"href":"https:\/\/visiatsakymai.lt\/en\/wp-json\/wp\/v2\/product_cat?post=4596"},{"taxonomy":"product_tag","embeddable":true,"href":"https:\/\/visiatsakymai.lt\/en\/wp-json\/wp\/v2\/product_tag?post=4596"}],"curies":[{"name":"wp","href":"https:\/\/api.w.org\/{rel}","templated":true}]}}