{"id":4532,"date":"2023-05-27T08:04:26","date_gmt":"2023-05-27T08:04:26","guid":{"rendered":"https:\/\/visiatsakymai.lt\/?post_type=product&#038;p=4532"},"modified":"2025-06-13T06:35:03","modified_gmt":"2025-06-13T06:35:03","slug":"adseala%c2%84%c2%a2-aakna%c2%b3-kanala%c2%b3-pildymo-pasta","status":"publish","type":"product","link":"https:\/\/visiatsakymai.lt\/en\/product\/adseala%c2%84%c2%a2-aakna%c2%b3-kanala%c2%b3-pildymo-pasta\/","title":{"rendered":"ADSEAL\u2122 root canal filling paste"},"content":{"rendered":"<p>ADSEAL\u2122 Root Canal Sealer \u2013 root canal filling paste. Double syringe: 9 g + 4.5 g<\/p>\n<p>ADSEAL Plus contains zirconium oxide, which does not cause tooth discoloration. (bismuth-free)<\/p>\n<p>Sealant for permanent root canal filling, based on epoxy resins.<br \/>\nExcellent biocompatibility, creamy consistency, insoluble, radiopaque, easy to mix - in a double syringe.<br \/>\nPackaging: 13.5 g double syringe (base 9 g + catalyst 4.5 g), mixing paddle, mixing leaves.<\/p>\n<p><strong>META BIOMED Co., Ltd.<\/strong><\/p>","protected":false},"excerpt":{"rendered":"<p>ADSEAL\u2122 Root Canal Sealer &#8211; \u0161akn\u0173 kanal\u0173 pildymo pasta. Dvigubas \u0161virk\u0161tas: 9 g + 4,5 g ADSEAL Plus sud\u0117tyje yra cirkonio oksido, kuris nesukelia danties spalvos pasikeitimo. (be bismuto) Sileris nuolatiniam dant\u0173 \u0161akn\u0173 kanal\u0173 plombavimui, epoksidini\u0173 derv\u0173 pagrindu. Puikus biosuderinamumas, kremin\u0117s konsistencijos, netirpus, rentgenokontrastinis, lengvai mai\u0161omas \u2013 dvigubame \u0161virk\u0161te. Pakuot\u0117: 13,5 g dvigubas \u0161virk\u0161tas (baz\u0117 [&hellip;]<\/p>\n","protected":false},"featured_media":8447,"template":"","meta":{"site-sidebar-layout":"default","site-content-layout":"default","ast-site-content-layout":"default","site-content-style":"default","site-sidebar-style":"default","ast-global-header-display":"","ast-banner-title-visibility":"","ast-main-header-display":"","ast-hfb-above-header-display":"","ast-hfb-below-header-display":"","ast-hfb-mobile-header-display":"","site-post-title":"","ast-breadcrumbs-content":"","ast-featured-img":"","footer-sml-layout":"","ast-disable-related-posts":"","theme-transparent-header-meta":"default","adv-header-id-meta":"","stick-header-meta":"","header-above-stick-meta":"","header-main-stick-meta":"","header-below-stick-meta":"","astra-migrate-meta-layouts":"set","ast-page-background-enabled":"default","ast-page-background-meta":{"desktop":{"background-color":"var(--ast-global-color-4)","background-image":"","background-repeat":"repeat","background-position":"center center","background-size":"auto","background-attachment":"scroll","background-type":"","background-media":"","overlay-type":"","overlay-color":"","overlay-opacity":"","overlay-gradient":""},"tablet":{"background-color":"","background-image":"","background-repeat":"repeat","background-position":"center center","background-size":"auto","background-attachment":"scroll","background-type":"","background-media":"","overlay-type":"","overlay-color":"","overlay-opacity":"","overlay-gradient":""},"mobile":{"background-color":"","background-image":"","background-repeat":"repeat","background-position":"center center","background-size":"auto","background-attachment":"scroll","background-type":"","background-media":"","overlay-type":"","overlay-color":"","overlay-opacity":"","overlay-gradient":""}},"ast-content-background-meta":{"desktop":{"background-color":"var(--ast-global-color-5)","background-image":"","background-repeat":"repeat","background-position":"center center","background-size":"auto","background-attachment":"scroll","background-type":"","background-media":"","overlay-type":"","overlay-color":"","overlay-opacity":"","overlay-gradient":""},"tablet":{"background-color":"var(--ast-global-color-5)","background-image":"","background-repeat":"repeat","background-position":"center center","background-size":"auto","background-attachment":"scroll","background-type":"","background-media":"","overlay-type":"","overlay-color":"","overlay-opacity":"","overlay-gradient":""},"mobile":{"background-color":"var(--ast-global-color-5)","background-image":"","background-repeat":"repeat","background-position":"center center","background-size":"auto","background-attachment":"scroll","background-type":"","background-media":"","overlay-type":"","overlay-color":"","overlay-opacity":"","overlay-gradient":""}}},"product_brand":[],"product_cat":[68,22],"product_tag":[],"class_list":{"0":"post-4532","1":"product","2":"type-product","3":"status-publish","4":"has-post-thumbnail","6":"product_cat-medziagos-endodontijai","7":"product_cat-odontologams","8":"desktop-align-center","9":"tablet-align-left","10":"mobile-align-left","12":"first","13":"instock","14":"shipping-taxable","15":"product-type-simple"},"_links":{"self":[{"href":"https:\/\/visiatsakymai.lt\/en\/wp-json\/wp\/v2\/product\/4532","targetHints":{"allow":["GET"]}}],"collection":[{"href":"https:\/\/visiatsakymai.lt\/en\/wp-json\/wp\/v2\/product"}],"about":[{"href":"https:\/\/visiatsakymai.lt\/en\/wp-json\/wp\/v2\/types\/product"}],"wp:featuredmedia":[{"embeddable":true,"href":"https:\/\/visiatsakymai.lt\/en\/wp-json\/wp\/v2\/media\/8447"}],"wp:attachment":[{"href":"https:\/\/visiatsakymai.lt\/en\/wp-json\/wp\/v2\/media?parent=4532"}],"wp:term":[{"taxonomy":"product_brand","embeddable":true,"href":"https:\/\/visiatsakymai.lt\/en\/wp-json\/wp\/v2\/product_brand?post=4532"},{"taxonomy":"product_cat","embeddable":true,"href":"https:\/\/visiatsakymai.lt\/en\/wp-json\/wp\/v2\/product_cat?post=4532"},{"taxonomy":"product_tag","embeddable":true,"href":"https:\/\/visiatsakymai.lt\/en\/wp-json\/wp\/v2\/product_tag?post=4532"}],"curies":[{"name":"wp","href":"https:\/\/api.w.org\/{rel}","templated":true}]}}