{"id":4354,"date":"2023-05-27T08:04:00","date_gmt":"2023-05-27T08:04:00","guid":{"rendered":"https:\/\/visiatsakymai.lt\/?post_type=product&#038;p=4354"},"modified":"2025-07-18T11:10:28","modified_gmt":"2025-07-18T11:10:28","slug":"i-flow-n-svirkstai","status":"publish","type":"product","link":"https:\/\/visiatsakymai.lt\/en\/product\/i-flow-n-svirkstai\/","title":{"rendered":"I-FLOW N flowable composite"},"content":{"rendered":"<p>i-FLOW N Light-curing nano-tack composite.<br \/>\n<strong>PURPOSE:<\/strong> 1. For restorations of class III, IV and V cavities 2. For restoration of root caries 3. For repair of small tooth defects, sealing of grooves and furrows 4. For primary coating of class I and II cavities.<br \/>\n<strong>ADVANTAGES:<\/strong> 1. Excellent flow properties 2. Very aesthetic 3. Extremely resistant 4. Quick and easy polishing 5. Low shrinkage 6. Nano particle filler 7. X-ray contrast. 5 years<\/p>","protected":false},"excerpt":{"rendered":"<p>i-FLOW N \u0160viesoje kiet\u0117jantis nano takus kompozitas. PASKIRTIS: 1. III, IV ir V klas\u0117s ertmi\u0173 restauracijoms 2. \u0160akn\u0173 \u0117duonies restauracijai 3. Smulki\u0173 danties defekt\u0173 pataisymui, grioveli\u0173 ir vageli\u0173 sandarinimui 4. Pirminiam I ir II klas\u0117s ertmi\u0173 padengimui. PRIVALUMAI: 1. Puikios tek\u0117jimo savyb\u0117s 2. Labai esteti\u0161kas 3. Ypatingai atsparus 4. Greitai ir lengvai poliruojamas 5. Ma\u017eas [&hellip;]<\/p>\n","protected":false},"featured_media":4384,"template":"","meta":{"site-sidebar-layout":"default","site-content-layout":"default","ast-site-content-layout":"default","site-content-style":"default","site-sidebar-style":"default","ast-global-header-display":"","ast-banner-title-visibility":"","ast-main-header-display":"","ast-hfb-above-header-display":"","ast-hfb-below-header-display":"","ast-hfb-mobile-header-display":"","site-post-title":"","ast-breadcrumbs-content":"","ast-featured-img":"","footer-sml-layout":"","ast-disable-related-posts":"","theme-transparent-header-meta":"default","adv-header-id-meta":"","stick-header-meta":"","header-above-stick-meta":"","header-main-stick-meta":"","header-below-stick-meta":"","astra-migrate-meta-layouts":"set","ast-page-background-enabled":"default","ast-page-background-meta":{"desktop":{"background-color":"var(--ast-global-color-4)","background-image":"","background-repeat":"repeat","background-position":"center center","background-size":"auto","background-attachment":"scroll","background-type":"","background-media":"","overlay-type":"","overlay-color":"","overlay-opacity":"","overlay-gradient":""},"tablet":{"background-color":"","background-image":"","background-repeat":"repeat","background-position":"center center","background-size":"auto","background-attachment":"scroll","background-type":"","background-media":"","overlay-type":"","overlay-color":"","overlay-opacity":"","overlay-gradient":""},"mobile":{"background-color":"","background-image":"","background-repeat":"repeat","background-position":"center center","background-size":"auto","background-attachment":"scroll","background-type":"","background-media":"","overlay-type":"","overlay-color":"","overlay-opacity":"","overlay-gradient":""}},"ast-content-background-meta":{"desktop":{"background-color":"var(--ast-global-color-5)","background-image":"","background-repeat":"repeat","background-position":"center center","background-size":"auto","background-attachment":"scroll","background-type":"","background-media":"","overlay-type":"","overlay-color":"","overlay-opacity":"","overlay-gradient":""},"tablet":{"background-color":"var(--ast-global-color-5)","background-image":"","background-repeat":"repeat","background-position":"center center","background-size":"auto","background-attachment":"scroll","background-type":"","background-media":"","overlay-type":"","overlay-color":"","overlay-opacity":"","overlay-gradient":""},"mobile":{"background-color":"var(--ast-global-color-5)","background-image":"","background-repeat":"repeat","background-position":"center center","background-size":"auto","background-attachment":"scroll","background-type":"","background-media":"","overlay-type":"","overlay-color":"","overlay-opacity":"","overlay-gradient":""}}},"product_brand":[],"product_cat":[52,22,56],"product_tag":[],"class_list":{"0":"post-4354","1":"product","2":"type-product","3":"status-publish","4":"has-post-thumbnail","6":"product_cat-i-dental","7":"product_cat-odontologams","8":"product_cat-sviesoje-kietejantys-kompozitai","9":"desktop-align-center","10":"tablet-align-left","11":"mobile-align-left","13":"first","14":"instock","15":"shipping-taxable","16":"product-type-simple"},"_links":{"self":[{"href":"https:\/\/visiatsakymai.lt\/en\/wp-json\/wp\/v2\/product\/4354","targetHints":{"allow":["GET"]}}],"collection":[{"href":"https:\/\/visiatsakymai.lt\/en\/wp-json\/wp\/v2\/product"}],"about":[{"href":"https:\/\/visiatsakymai.lt\/en\/wp-json\/wp\/v2\/types\/product"}],"wp:featuredmedia":[{"embeddable":true,"href":"https:\/\/visiatsakymai.lt\/en\/wp-json\/wp\/v2\/media\/4384"}],"wp:attachment":[{"href":"https:\/\/visiatsakymai.lt\/en\/wp-json\/wp\/v2\/media?parent=4354"}],"wp:term":[{"taxonomy":"product_brand","embeddable":true,"href":"https:\/\/visiatsakymai.lt\/en\/wp-json\/wp\/v2\/product_brand?post=4354"},{"taxonomy":"product_cat","embeddable":true,"href":"https:\/\/visiatsakymai.lt\/en\/wp-json\/wp\/v2\/product_cat?post=4354"},{"taxonomy":"product_tag","embeddable":true,"href":"https:\/\/visiatsakymai.lt\/en\/wp-json\/wp\/v2\/product_tag?post=4354"}],"curies":[{"name":"wp","href":"https:\/\/api.w.org\/{rel}","templated":true}]}}