{"id":4309,"date":"2023-05-27T08:03:51","date_gmt":"2023-05-27T08:03:51","guid":{"rendered":"https:\/\/visiatsakymai.lt\/?post_type=product&#038;p=4309"},"modified":"2025-05-26T08:14:07","modified_gmt":"2025-05-26T08:14:07","slug":"g-aenial-universal-injectable","status":"publish","type":"product","link":"https:\/\/visiatsakymai.lt\/en\/product\/g-aenial-universal-injectable\/","title":{"rendered":"G-AENIAL UNIVERSAL INJECTABLE"},"content":{"rendered":"<p>It is an injectable, high-strength, ultra-fine particle composite with ideal viscosity, control and conformability characteristics that can be used for long-lasting esthetic restorations. The homogeneously dispersed, ultra-fine particle formula provides flexibility and abrasion resistance for long-lasting restorations and gloss retention long after application. The material remains in the applied place, does not stick to the instrument, is perfect for all class IV cavities.<\/p>","protected":false},"excerpt":{"rendered":"<p>Tai injekcinis, didelio stiprumo, ypa\u010d smulki\u0173 daleli\u0173 kompozitas, turintis idealias klampumo, valdymo ir prisitaikymo charakteristikas, kurios gali b\u016bti naudojamos ilgai trunkan\u010dioms estetin\u0117ms restauracijoms. Homogeni\u0161kai i\u0161sisklaid\u017eiusi, itin smulki\u0173 daleli\u0173 formul\u0117 u\u017etikrina lankstum\u0105 ir atsparum\u0105 dilimui, kad restauracija ilgai i\u0161silaikyt\u0173 ir i\u0161laikyt\u0173 blizgesi ilg\u0105 laik\u0105 po aplikavimo.\u00a0 Med\u017eiaga lieka aplikuotoje vietoje, nelimpa prie instrumento, puikiai tinka visoms [&hellip;]<\/p>\n","protected":false},"featured_media":4339,"template":"","meta":{"site-sidebar-layout":"default","site-content-layout":"default","ast-site-content-layout":"default","site-content-style":"default","site-sidebar-style":"default","ast-global-header-display":"","ast-banner-title-visibility":"","ast-main-header-display":"","ast-hfb-above-header-display":"","ast-hfb-below-header-display":"","ast-hfb-mobile-header-display":"","site-post-title":"","ast-breadcrumbs-content":"","ast-featured-img":"","footer-sml-layout":"","ast-disable-related-posts":"","theme-transparent-header-meta":"default","adv-header-id-meta":"","stick-header-meta":"","header-above-stick-meta":"","header-main-stick-meta":"","header-below-stick-meta":"","astra-migrate-meta-layouts":"set","ast-page-background-enabled":"default","ast-page-background-meta":{"desktop":{"background-color":"var(--ast-global-color-4)","background-image":"","background-repeat":"repeat","background-position":"center center","background-size":"auto","background-attachment":"scroll","background-type":"","background-media":"","overlay-type":"","overlay-color":"","overlay-opacity":"","overlay-gradient":""},"tablet":{"background-color":"","background-image":"","background-repeat":"repeat","background-position":"center center","background-size":"auto","background-attachment":"scroll","background-type":"","background-media":"","overlay-type":"","overlay-color":"","overlay-opacity":"","overlay-gradient":""},"mobile":{"background-color":"","background-image":"","background-repeat":"repeat","background-position":"center center","background-size":"auto","background-attachment":"scroll","background-type":"","background-media":"","overlay-type":"","overlay-color":"","overlay-opacity":"","overlay-gradient":""}},"ast-content-background-meta":{"desktop":{"background-color":"var(--ast-global-color-5)","background-image":"","background-repeat":"repeat","background-position":"center center","background-size":"auto","background-attachment":"scroll","background-type":"","background-media":"","overlay-type":"","overlay-color":"","overlay-opacity":"","overlay-gradient":""},"tablet":{"background-color":"var(--ast-global-color-5)","background-image":"","background-repeat":"repeat","background-position":"center center","background-size":"auto","background-attachment":"scroll","background-type":"","background-media":"","overlay-type":"","overlay-color":"","overlay-opacity":"","overlay-gradient":""},"mobile":{"background-color":"var(--ast-global-color-5)","background-image":"","background-repeat":"repeat","background-position":"center center","background-size":"auto","background-attachment":"scroll","background-type":"","background-media":"","overlay-type":"","overlay-color":"","overlay-opacity":"","overlay-gradient":""}}},"product_brand":[],"product_cat":[50,22,56],"product_tag":[],"class_list":{"0":"post-4309","1":"product","2":"type-product","3":"status-publish","4":"has-post-thumbnail","6":"product_cat-gc","7":"product_cat-odontologams","8":"product_cat-sviesoje-kietejantys-kompozitai","9":"desktop-align-center","10":"tablet-align-left","11":"mobile-align-left","13":"first","14":"instock","15":"shipping-taxable","16":"product-type-variable"},"_links":{"self":[{"href":"https:\/\/visiatsakymai.lt\/en\/wp-json\/wp\/v2\/product\/4309","targetHints":{"allow":["GET"]}}],"collection":[{"href":"https:\/\/visiatsakymai.lt\/en\/wp-json\/wp\/v2\/product"}],"about":[{"href":"https:\/\/visiatsakymai.lt\/en\/wp-json\/wp\/v2\/types\/product"}],"wp:featuredmedia":[{"embeddable":true,"href":"https:\/\/visiatsakymai.lt\/en\/wp-json\/wp\/v2\/media\/4339"}],"wp:attachment":[{"href":"https:\/\/visiatsakymai.lt\/en\/wp-json\/wp\/v2\/media?parent=4309"}],"wp:term":[{"taxonomy":"product_brand","embeddable":true,"href":"https:\/\/visiatsakymai.lt\/en\/wp-json\/wp\/v2\/product_brand?post=4309"},{"taxonomy":"product_cat","embeddable":true,"href":"https:\/\/visiatsakymai.lt\/en\/wp-json\/wp\/v2\/product_cat?post=4309"},{"taxonomy":"product_tag","embeddable":true,"href":"https:\/\/visiatsakymai.lt\/en\/wp-json\/wp\/v2\/product_tag?post=4309"}],"curies":[{"name":"wp","href":"https:\/\/api.w.org\/{rel}","templated":true}]}}