{"id":4136,"date":"2023-05-27T08:03:22","date_gmt":"2023-05-27T08:03:22","guid":{"rendered":"https:\/\/visiatsakymai.lt\/?post_type=product&#038;p=4136"},"modified":"2025-08-28T09:27:38","modified_gmt":"2025-08-28T09:27:38","slug":"roeko-gelatamp-kempineles","status":"publish","type":"product","link":"https:\/\/visiatsakymai.lt\/en\/product\/roeko-gelatamp-kempineles\/","title":{"rendered":"Roeko Gelatamp sponges"},"content":{"rendered":"<p>Gelatamp gelatin sponges with colloidal silver are a biocompatible product for treatment after tooth extraction. Colloidal silver has a bactericidal, coagulative and homeostatic effect, helps healing.<\/p>\n<ul>\n<li>Due to its long-term antimicrobial effect, it protects against infections<\/li>\n<li>Prevents postoperative bleeding<\/li>\n<li>Prevents the formation of secondary cavities<\/li>\n<li>Resorbs<\/li>\n<li>Sterile<\/li>\n<li>Can be trimmed to required dimensions<\/li>\n<li>14 x 7 x 7 mm, 50 pcs.<\/li>\n<\/ul>","protected":false},"excerpt":{"rendered":"<p>Gelatamp \u017eelatinos kempin\u0117l\u0117s su koloidiniu sidabru yra biologi\u0161kai suderinamas produktas, skirtas gydymui po dant\u0173 \u0161alinimo. Koloidinis sidabras turi baktericidin\u012f,\u00a0koaguliacin\u012f ir homeostatin\u012f poveik\u012f, padeda gijimui. D\u0117l ilgalaikio antimikrobinio poveikio apsaugo nuo infekcij\u0173 Apsaugo nuo pooperacinio kraujavimo Apsaugo nuo antrini\u0173 ertmi\u0173 formavimosi Rezorbuojasi Sterilios Gali b\u016bti apkirptos iki reikiam\u0173 matmen\u0173 14 x 7 x 7 mm, 50 [&hellip;]<\/p>\n","protected":false},"featured_media":4159,"template":"","meta":{"site-sidebar-layout":"default","site-content-layout":"default","ast-site-content-layout":"default","site-content-style":"default","site-sidebar-style":"default","ast-global-header-display":"","ast-banner-title-visibility":"","ast-main-header-display":"","ast-hfb-above-header-display":"","ast-hfb-below-header-display":"","ast-hfb-mobile-header-display":"","site-post-title":"","ast-breadcrumbs-content":"","ast-featured-img":"","footer-sml-layout":"","ast-disable-related-posts":"","theme-transparent-header-meta":"default","adv-header-id-meta":"","stick-header-meta":"","header-above-stick-meta":"","header-main-stick-meta":"","header-below-stick-meta":"","astra-migrate-meta-layouts":"set","ast-page-background-enabled":"default","ast-page-background-meta":{"desktop":{"background-color":"var(--ast-global-color-4)","background-image":"","background-repeat":"repeat","background-position":"center center","background-size":"auto","background-attachment":"scroll","background-type":"","background-media":"","overlay-type":"","overlay-color":"","overlay-opacity":"","overlay-gradient":""},"tablet":{"background-color":"","background-image":"","background-repeat":"repeat","background-position":"center center","background-size":"auto","background-attachment":"scroll","background-type":"","background-media":"","overlay-type":"","overlay-color":"","overlay-opacity":"","overlay-gradient":""},"mobile":{"background-color":"","background-image":"","background-repeat":"repeat","background-position":"center center","background-size":"auto","background-attachment":"scroll","background-type":"","background-media":"","overlay-type":"","overlay-color":"","overlay-opacity":"","overlay-gradient":""}},"ast-content-background-meta":{"desktop":{"background-color":"var(--ast-global-color-5)","background-image":"","background-repeat":"repeat","background-position":"center center","background-size":"auto","background-attachment":"scroll","background-type":"","background-media":"","overlay-type":"","overlay-color":"","overlay-opacity":"","overlay-gradient":""},"tablet":{"background-color":"var(--ast-global-color-5)","background-image":"","background-repeat":"repeat","background-position":"center center","background-size":"auto","background-attachment":"scroll","background-type":"","background-media":"","overlay-type":"","overlay-color":"","overlay-opacity":"","overlay-gradient":""},"mobile":{"background-color":"var(--ast-global-color-5)","background-image":"","background-repeat":"repeat","background-position":"center center","background-size":"auto","background-attachment":"scroll","background-type":"","background-media":"","overlay-type":"","overlay-color":"","overlay-opacity":"","overlay-gradient":""}}},"product_brand":[],"product_cat":[34,22],"product_tag":[],"class_list":{"0":"post-4136","1":"product","2":"type-product","3":"status-publish","4":"has-post-thumbnail","6":"product_cat-kraujavimo-stabdymas","7":"product_cat-odontologams","8":"desktop-align-center","9":"tablet-align-left","10":"mobile-align-left","12":"first","13":"instock","14":"shipping-taxable","15":"product-type-simple"},"_links":{"self":[{"href":"https:\/\/visiatsakymai.lt\/en\/wp-json\/wp\/v2\/product\/4136","targetHints":{"allow":["GET"]}}],"collection":[{"href":"https:\/\/visiatsakymai.lt\/en\/wp-json\/wp\/v2\/product"}],"about":[{"href":"https:\/\/visiatsakymai.lt\/en\/wp-json\/wp\/v2\/types\/product"}],"wp:featuredmedia":[{"embeddable":true,"href":"https:\/\/visiatsakymai.lt\/en\/wp-json\/wp\/v2\/media\/4159"}],"wp:attachment":[{"href":"https:\/\/visiatsakymai.lt\/en\/wp-json\/wp\/v2\/media?parent=4136"}],"wp:term":[{"taxonomy":"product_brand","embeddable":true,"href":"https:\/\/visiatsakymai.lt\/en\/wp-json\/wp\/v2\/product_brand?post=4136"},{"taxonomy":"product_cat","embeddable":true,"href":"https:\/\/visiatsakymai.lt\/en\/wp-json\/wp\/v2\/product_cat?post=4136"},{"taxonomy":"product_tag","embeddable":true,"href":"https:\/\/visiatsakymai.lt\/en\/wp-json\/wp\/v2\/product_tag?post=4136"}],"curies":[{"name":"wp","href":"https:\/\/api.w.org\/{rel}","templated":true}]}}