{"id":4130,"date":"2023-05-27T08:03:22","date_gmt":"2023-05-27T08:03:22","guid":{"rendered":"https:\/\/visiatsakymai.lt\/?post_type=product&#038;p=4130"},"modified":"2025-02-11T06:34:54","modified_gmt":"2025-02-11T06:34:54","slug":"schulke-rotasepta-sukia%c2%b3ja%c2%b3-instrumenta%c2%b3-tirpalas","status":"publish","type":"product","link":"https:\/\/visiatsakymai.lt\/en\/product\/schulke-rotasepta-sukia%c2%b3ja%c2%b3-instrumenta%c2%b3-tirpalas\/","title":{"rendered":"Rotasept\u00ae rotary instrument disinfection and cleaning solution, SCHULKE, 2L."},"content":{"rendered":"<p>Rotasept\u00ae is a ready-to-use solution for the disinfection and cleaning of rotary instruments (dental burs, etc.). It is aldehyde-free and provides very good corrosion protection for the instruments being disinfected.<\/p>\n<p>Do not add synthetic materials sensitive to alkalis and alcohol, aluminum parts, or instruments treated with artificial resin adhesives to the Rotasept\u00ae solution.<\/p>\n<p>Areas of use:<\/p>\n<ul>\n<li>in dental offices:\n<ul>\n<li>all rotary dental instruments<\/li>\n<\/ul>\n<\/li>\n<\/ul>\n<p>&nbsp;<\/p>\n<p>Rotasept\u00ae is effective against the following microorganisms:<\/p>\n<ul>\n<li>bacteria, including TB;<\/li>\n<li>fungi;<\/li>\n<li>hepatitis B and C viruses;<\/li>\n<li>HIV;<\/li>\n<li>Polio viruses;<\/li>\n<li>Adenoviruses;<\/li>\n<li>Vaccinia viruses;<\/li>\n<li>Papova viruses.<\/li>\n<\/ul>\n<h3>Usage:<\/h3>\n<p>The solution is ready to use, so there is no need to dilute it with water. Each small rotary instrument must be immediately placed in the Rotasept\u00ae solution after use to prevent dirt from drying out. Cleaning and disinfection occur simultaneously. To prevent rust, do not rinse the instruments with water after disinfection. Remove stubborn dirt with a brush and disinfect again. The exposure time is only 30 minutes.<\/p>\n<p>Composition:<\/p>\n<p>100g of Rotasept\u00ae liquid contains 1.6 g of potassium hydroxide, 10.0 g of 2-propanol, 0.1 g of 2-ethylhexanol.<\/p>","protected":false},"excerpt":{"rendered":"<p>Rotasept\u00ae yra paruo\u0161tas naudojimui tirpalas rotacini\u0173 instrument\u0173 (stomatologiniai gr\u0105\u017eteliai ir pan.) dezinfekcijai ir valymui. \u0160i priemon\u0117 yra be aldehid\u0173 ir pasi\u017eymi labai gera dezinfekuojam\u0173 instrument\u0173 apsauga nuo korozijos. \u012e Rotasept\u00ae tirpal\u0105 ned\u0117ti sintetini\u0173 med\u017eiag\u0173, jautri\u0173 \u0161armams ir alkoholiui, aliuminini\u0173 detali\u0173 bei instrument\u0173, apdorot\u0173 dirbtini\u0173 sak\u0173 klijais. Naudojimo sritys: stomatologiniuose kabinetuose: visi rotaciniai stomatologiniai instrumentai &nbsp; [&hellip;]<\/p>\n","protected":false},"featured_media":4153,"template":"","meta":{"site-sidebar-layout":"default","site-content-layout":"default","ast-site-content-layout":"default","site-content-style":"default","site-sidebar-style":"default","ast-global-header-display":"","ast-banner-title-visibility":"","ast-main-header-display":"","ast-hfb-above-header-display":"","ast-hfb-below-header-display":"","ast-hfb-mobile-header-display":"","site-post-title":"","ast-breadcrumbs-content":"","ast-featured-img":"","footer-sml-layout":"","ast-disable-related-posts":"","theme-transparent-header-meta":"default","adv-header-id-meta":"","stick-header-meta":"","header-above-stick-meta":"","header-main-stick-meta":"","header-below-stick-meta":"","astra-migrate-meta-layouts":"set","ast-page-background-enabled":"default","ast-page-background-meta":{"desktop":{"background-color":"var(--ast-global-color-4)","background-image":"","background-repeat":"repeat","background-position":"center center","background-size":"auto","background-attachment":"scroll","background-type":"","background-media":"","overlay-type":"","overlay-color":"","overlay-opacity":"","overlay-gradient":""},"tablet":{"background-color":"","background-image":"","background-repeat":"repeat","background-position":"center center","background-size":"auto","background-attachment":"scroll","background-type":"","background-media":"","overlay-type":"","overlay-color":"","overlay-opacity":"","overlay-gradient":""},"mobile":{"background-color":"","background-image":"","background-repeat":"repeat","background-position":"center center","background-size":"auto","background-attachment":"scroll","background-type":"","background-media":"","overlay-type":"","overlay-color":"","overlay-opacity":"","overlay-gradient":""}},"ast-content-background-meta":{"desktop":{"background-color":"var(--ast-global-color-5)","background-image":"","background-repeat":"repeat","background-position":"center center","background-size":"auto","background-attachment":"scroll","background-type":"","background-media":"","overlay-type":"","overlay-color":"","overlay-opacity":"","overlay-gradient":""},"tablet":{"background-color":"var(--ast-global-color-5)","background-image":"","background-repeat":"repeat","background-position":"center center","background-size":"auto","background-attachment":"scroll","background-type":"","background-media":"","overlay-type":"","overlay-color":"","overlay-opacity":"","overlay-gradient":""},"mobile":{"background-color":"var(--ast-global-color-5)","background-image":"","background-repeat":"repeat","background-position":"center center","background-size":"auto","background-attachment":"scroll","background-type":"","background-media":"","overlay-type":"","overlay-color":"","overlay-opacity":"","overlay-gradient":""}}},"product_brand":[],"product_cat":[23,22],"product_tag":[],"class_list":{"0":"post-4130","1":"product","2":"type-product","3":"status-publish","4":"has-post-thumbnail","6":"product_cat-dezinfekcija","7":"product_cat-odontologams","8":"desktop-align-center","9":"tablet-align-left","10":"mobile-align-left","12":"first","13":"instock","14":"shipping-taxable","15":"product-type-simple"},"_links":{"self":[{"href":"https:\/\/visiatsakymai.lt\/en\/wp-json\/wp\/v2\/product\/4130","targetHints":{"allow":["GET"]}}],"collection":[{"href":"https:\/\/visiatsakymai.lt\/en\/wp-json\/wp\/v2\/product"}],"about":[{"href":"https:\/\/visiatsakymai.lt\/en\/wp-json\/wp\/v2\/types\/product"}],"wp:featuredmedia":[{"embeddable":true,"href":"https:\/\/visiatsakymai.lt\/en\/wp-json\/wp\/v2\/media\/4153"}],"wp:attachment":[{"href":"https:\/\/visiatsakymai.lt\/en\/wp-json\/wp\/v2\/media?parent=4130"}],"wp:term":[{"taxonomy":"product_brand","embeddable":true,"href":"https:\/\/visiatsakymai.lt\/en\/wp-json\/wp\/v2\/product_brand?post=4130"},{"taxonomy":"product_cat","embeddable":true,"href":"https:\/\/visiatsakymai.lt\/en\/wp-json\/wp\/v2\/product_cat?post=4130"},{"taxonomy":"product_tag","embeddable":true,"href":"https:\/\/visiatsakymai.lt\/en\/wp-json\/wp\/v2\/product_tag?post=4130"}],"curies":[{"name":"wp","href":"https:\/\/api.w.org\/{rel}","templated":true}]}}