{"id":4108,"date":"2023-05-27T08:03:21","date_gmt":"2023-05-27T08:03:21","guid":{"rendered":"https:\/\/visiatsakymai.lt\/?post_type=product&#038;p=4108"},"modified":"2025-02-06T13:19:16","modified_gmt":"2025-02-06T13:19:16","slug":"schulke-aspirmatica-cleaner-nekasdieniam-a%c2%afrenginia%c2%b3-plovimui","status":"publish","type":"product","link":"https:\/\/visiatsakymai.lt\/en\/product\/schulke-aspirmatica-cleaner-nekasdieniam-a%c2%afrenginia%c2%b3-plovimui\/","title":{"rendered":"Aspirmatic\u00ae cleaner for suction systems, SCHULKE, 2L."},"content":{"rendered":"<p>Special cleaner for dental suction systems, spittoons and drain pipes. For all amalgam separators. Can be used for the maintenance of all treatment equipment. Cleans extremely effectively. Removes accumulated dirt. Does not foam.<\/p>\n<p>Aspirmatic cleaner is used twice a week for maintenance cleaning of dental suction systems, cuspidors and their drainage pipes as an additional tool to Aspirmatic products.<\/p>","protected":false},"excerpt":{"rendered":"<p>Specialusis odontologini\u0173 siurbimo sistem\u0173, spjaudykli\u0173 ir nutekam\u0173j\u0173 vamzd\u017ei\u0173 valiklis. Skirtas visiems amangamos separatoriams. Galima naudoti vis\u0173 gydymo \u012frengyini\u0173 prie\u017ei\u016brai. Valo itin efektyviai. \u0160alina susikaupusius ne\u0161varumus. Neputoja. Aspirmatic cleaner naudojamas 2 kartus per savait\u0119 palaikomajam odontologines siurbimo sistemos, spjaudykl\u0117s ir j\u0173 nutejam\u0173j\u0173 vamzd\u017ei\u0173 valymui kaip papildoma priemon\u0117 prie aspirmatic produkt\u0173.<\/p>","protected":false},"featured_media":4138,"template":"","meta":{"site-sidebar-layout":"default","site-content-layout":"default","ast-site-content-layout":"default","site-content-style":"default","site-sidebar-style":"default","ast-global-header-display":"","ast-banner-title-visibility":"","ast-main-header-display":"","ast-hfb-above-header-display":"","ast-hfb-below-header-display":"","ast-hfb-mobile-header-display":"","site-post-title":"","ast-breadcrumbs-content":"","ast-featured-img":"","footer-sml-layout":"","ast-disable-related-posts":"","theme-transparent-header-meta":"default","adv-header-id-meta":"","stick-header-meta":"","header-above-stick-meta":"","header-main-stick-meta":"","header-below-stick-meta":"","astra-migrate-meta-layouts":"set","ast-page-background-enabled":"default","ast-page-background-meta":{"desktop":{"background-color":"var(--ast-global-color-4)","background-image":"","background-repeat":"repeat","background-position":"center center","background-size":"auto","background-attachment":"scroll","background-type":"","background-media":"","overlay-type":"","overlay-color":"","overlay-opacity":"","overlay-gradient":""},"tablet":{"background-color":"","background-image":"","background-repeat":"repeat","background-position":"center center","background-size":"auto","background-attachment":"scroll","background-type":"","background-media":"","overlay-type":"","overlay-color":"","overlay-opacity":"","overlay-gradient":""},"mobile":{"background-color":"","background-image":"","background-repeat":"repeat","background-position":"center center","background-size":"auto","background-attachment":"scroll","background-type":"","background-media":"","overlay-type":"","overlay-color":"","overlay-opacity":"","overlay-gradient":""}},"ast-content-background-meta":{"desktop":{"background-color":"var(--ast-global-color-5)","background-image":"","background-repeat":"repeat","background-position":"center center","background-size":"auto","background-attachment":"scroll","background-type":"","background-media":"","overlay-type":"","overlay-color":"","overlay-opacity":"","overlay-gradient":""},"tablet":{"background-color":"var(--ast-global-color-5)","background-image":"","background-repeat":"repeat","background-position":"center center","background-size":"auto","background-attachment":"scroll","background-type":"","background-media":"","overlay-type":"","overlay-color":"","overlay-opacity":"","overlay-gradient":""},"mobile":{"background-color":"var(--ast-global-color-5)","background-image":"","background-repeat":"repeat","background-position":"center center","background-size":"auto","background-attachment":"scroll","background-type":"","background-media":"","overlay-type":"","overlay-color":"","overlay-opacity":"","overlay-gradient":""}}},"product_brand":[],"product_cat":[23,22],"product_tag":[],"class_list":{"0":"post-4108","1":"product","2":"type-product","3":"status-publish","4":"has-post-thumbnail","6":"product_cat-dezinfekcija","7":"product_cat-odontologams","8":"desktop-align-center","9":"tablet-align-left","10":"mobile-align-left","12":"first","13":"instock","14":"shipping-taxable","15":"product-type-simple"},"_links":{"self":[{"href":"https:\/\/visiatsakymai.lt\/en\/wp-json\/wp\/v2\/product\/4108","targetHints":{"allow":["GET"]}}],"collection":[{"href":"https:\/\/visiatsakymai.lt\/en\/wp-json\/wp\/v2\/product"}],"about":[{"href":"https:\/\/visiatsakymai.lt\/en\/wp-json\/wp\/v2\/types\/product"}],"wp:featuredmedia":[{"embeddable":true,"href":"https:\/\/visiatsakymai.lt\/en\/wp-json\/wp\/v2\/media\/4138"}],"wp:attachment":[{"href":"https:\/\/visiatsakymai.lt\/en\/wp-json\/wp\/v2\/media?parent=4108"}],"wp:term":[{"taxonomy":"product_brand","embeddable":true,"href":"https:\/\/visiatsakymai.lt\/en\/wp-json\/wp\/v2\/product_brand?post=4108"},{"taxonomy":"product_cat","embeddable":true,"href":"https:\/\/visiatsakymai.lt\/en\/wp-json\/wp\/v2\/product_cat?post=4108"},{"taxonomy":"product_tag","embeddable":true,"href":"https:\/\/visiatsakymai.lt\/en\/wp-json\/wp\/v2\/product_tag?post=4108"}],"curies":[{"name":"wp","href":"https:\/\/api.w.org\/{rel}","templated":true}]}}